{"id":32430,"date":"2022-11-24T14:18:53","date_gmt":"2022-11-24T17:18:53","guid":{"rendered":"https:\/\/www.lgamoblamientos.com\/nv\/?post_type=product&#038;p=32430"},"modified":"2024-08-26T16:32:05","modified_gmt":"2024-08-26T19:32:05","slug":"lavarropas-enxuta-lenx765-6-kilos-carga-frontal-3","status":"publish","type":"product","link":"https:\/\/www.lgamoblamientos.com\/nv\/product\/lavarropas-enxuta-lenx765-6-kilos-carga-frontal-3\/","title":{"rendered":"Lavarropas Enxuta Lenx765 6 Kilos Carga Frontal"},"content":{"rendered":"<p>LAVARROPA ENXUTA 6 KILOS<\/p>\n<p>Origen Europeo<\/p>\n<p>Capacidad de lavado: 6 kilos ropa seca<br \/>\nRPM 1000<br \/>\nProtecci\u00f3n para ni\u00f1os (bloqueo)<br \/>\nTambor en acero INOX<br \/>\n15 programas<br \/>\nSistema Eco-Logic<br \/>\nProtecci\u00f3n desbordamiento y fuga<br \/>\nInicio diferido<br \/>\nLavado agua fr\u00eda<\/p>\n<p>Medidas: Alt: 84,5x Ancho: 59,7x Prof: 49,7<\/p>\n","protected":false},"excerpt":{"rendered":"<p>LAVARROPA ENXUTA 6 KILOS Origen Europeo Capacidad de lavado: 6 kilos ropa seca RPM 1000 Protecci\u00f3n para ni\u00f1os (bloqueo) Tambor en acero INOX 15 programas Sistema Eco-Logic Protecci\u00f3n desbordamiento y<\/p>\n","protected":false},"featured_media":32431,"comment_status":"open","ping_status":"closed","template":"","meta":{"_acf_changed":false,"_joinchat":[]},"product_cat":[42,80],"product_tag":[],"class_list":{"0":"post-32430","1":"product","2":"type-product","3":"status-publish","4":"has-post-thumbnail","6":"product_cat-electrodomesticos","7":"product_cat-linea-blanca","9":"first","10":"outofstock","11":"taxable","12":"shipping-taxable","13":"purchasable","14":"product-type-simple"},"acf":[],"aioseo_notices":[],"jetpack_sharing_enabled":true,"_links":{"self":[{"href":"https:\/\/www.lgamoblamientos.com\/nv\/wp-json\/wp\/v2\/product\/32430","targetHints":{"allow":["GET"]}}],"collection":[{"href":"https:\/\/www.lgamoblamientos.com\/nv\/wp-json\/wp\/v2\/product"}],"about":[{"href":"https:\/\/www.lgamoblamientos.com\/nv\/wp-json\/wp\/v2\/types\/product"}],"replies":[{"embeddable":true,"href":"https:\/\/www.lgamoblamientos.com\/nv\/wp-json\/wp\/v2\/comments?post=32430"}],"wp:featuredmedia":[{"embeddable":true,"href":"https:\/\/www.lgamoblamientos.com\/nv\/wp-json\/wp\/v2\/media\/32431"}],"wp:attachment":[{"href":"https:\/\/www.lgamoblamientos.com\/nv\/wp-json\/wp\/v2\/media?parent=32430"}],"wp:term":[{"taxonomy":"product_cat","embeddable":true,"href":"https:\/\/www.lgamoblamientos.com\/nv\/wp-json\/wp\/v2\/product_cat?post=32430"},{"taxonomy":"product_tag","embeddable":true,"href":"https:\/\/www.lgamoblamientos.com\/nv\/wp-json\/wp\/v2\/product_tag?post=32430"}],"curies":[{"name":"wp","href":"https:\/\/api.w.org\/{rel}","templated":true}]}}