{"id":32528,"date":"2022-11-28T13:46:42","date_gmt":"2022-11-28T16:46:42","guid":{"rendered":"https:\/\/www.lgamoblamientos.com\/nv\/?post_type=product&#038;p=32528"},"modified":"2023-07-21T10:09:43","modified_gmt":"2023-07-21T13:09:43","slug":"lavarropas-lenx785-enxuta","status":"publish","type":"product","link":"https:\/\/www.lgamoblamientos.com\/nv\/product\/lavarropas-lenx785-enxuta\/","title":{"rendered":"Lavarropas LENX785 ENXUTA"},"content":{"rendered":"<p>Origen Europeo<\/p>\n<p>Capacidad de lavado: 8 kilos<br \/>\nRPM 1400<br \/>\n15 programas<br \/>\nSistema Eco-Logic<br \/>\nProtecci\u00f3n para ni\u00f1os (bloqueo)<br \/>\nDisplay<br \/>\nProtecci\u00f3n desbordamiento y fuga<br \/>\nAjuste de nivel de temperatura<br \/>\nAjuste de velocidad de centrifugado<br \/>\nInicio diferido<\/p>\n<p>Medidas: Alt: 89x Ancho: 65,5x Prof: 63,4<\/p>\n","protected":false},"excerpt":{"rendered":"<p>Origen Europeo Capacidad de lavado: 8 kilos RPM 1400 15 programas Sistema Eco-Logic Protecci\u00f3n para ni\u00f1os (bloqueo) Display Protecci\u00f3n desbordamiento y fuga Ajuste de nivel de temperatura Ajuste de velocidad<\/p>\n","protected":false},"featured_media":32530,"comment_status":"open","ping_status":"closed","template":"","meta":{"_acf_changed":false,"_joinchat":[]},"product_cat":[42,80],"product_tag":[],"class_list":{"0":"post-32528","1":"product","2":"type-product","3":"status-publish","4":"has-post-thumbnail","6":"product_cat-electrodomesticos","7":"product_cat-linea-blanca","9":"first","10":"outofstock","11":"taxable","12":"shipping-taxable","13":"purchasable","14":"product-type-simple"},"acf":[],"aioseo_notices":[],"jetpack_sharing_enabled":true,"_links":{"self":[{"href":"https:\/\/www.lgamoblamientos.com\/nv\/wp-json\/wp\/v2\/product\/32528","targetHints":{"allow":["GET"]}}],"collection":[{"href":"https:\/\/www.lgamoblamientos.com\/nv\/wp-json\/wp\/v2\/product"}],"about":[{"href":"https:\/\/www.lgamoblamientos.com\/nv\/wp-json\/wp\/v2\/types\/product"}],"replies":[{"embeddable":true,"href":"https:\/\/www.lgamoblamientos.com\/nv\/wp-json\/wp\/v2\/comments?post=32528"}],"wp:featuredmedia":[{"embeddable":true,"href":"https:\/\/www.lgamoblamientos.com\/nv\/wp-json\/wp\/v2\/media\/32530"}],"wp:attachment":[{"href":"https:\/\/www.lgamoblamientos.com\/nv\/wp-json\/wp\/v2\/media?parent=32528"}],"wp:term":[{"taxonomy":"product_cat","embeddable":true,"href":"https:\/\/www.lgamoblamientos.com\/nv\/wp-json\/wp\/v2\/product_cat?post=32528"},{"taxonomy":"product_tag","embeddable":true,"href":"https:\/\/www.lgamoblamientos.com\/nv\/wp-json\/wp\/v2\/product_tag?post=32528"}],"curies":[{"name":"wp","href":"https:\/\/api.w.org\/{rel}","templated":true}]}}