{"id":32752,"date":"2022-12-15T12:30:10","date_gmt":"2022-12-15T15:30:10","guid":{"rendered":"https:\/\/www.lgamoblamientos.com\/nv\/?post_type=product&#038;p=32752"},"modified":"2024-11-25T18:57:13","modified_gmt":"2024-11-25T21:57:13","slug":"juego-de-ollas-olla-set-18-piezas-tramontina","status":"publish","type":"product","link":"https:\/\/www.lgamoblamientos.com\/nv\/product\/juego-de-ollas-olla-set-18-piezas-tramontina\/","title":{"rendered":"Juego De Ollas Olla Set 18 Piezas Tramontina"},"content":{"rendered":"<p>BATERIA DE COCINA TRAMONTINA 18 PIEZAS<\/p>\n<p>Colores Disponibles : ROJO \/ NEGRO<\/p>\n<p>Medidas :<br \/>\n1 Sart\u00e9n de 20 cm de di\u00e1metro.<br \/>\n1 Sart\u00e9n recto de 22 cm de di\u00e1metro.<br \/>\n1 Bistequera de 28 cm de di\u00e1metro.<br \/>\n1 Cacerola de 22 cm de di\u00e1metro<br \/>\n1 Olla de 14 cm de di\u00e1metro.<br \/>\n1 Olla de 18 cm de di\u00e1metro.<br \/>\n1 Olla de 20 cm de di\u00e1metro.<br \/>\n1 Vaporera<br \/>\n1 Esp\u00e1tula Perforada<br \/>\n1 Esp\u00e1tula Lisa<br \/>\n1 Cuchara para servir.<br \/>\n1 Cuchar\u00f3n.<br \/>\n1 Cuchara<br \/>\n1 Pegador Pasta<\/p>\n<p>La bater\u00eda de cocina Primaware de Tramontina est\u00e1 elaborada a base de aluminio y con antiadherente Starflon Max, que garantiza una cocci\u00f3n f\u00e1cil y una limpieza sencilla<br \/>\nLos mangos y las asas son de baquelita antit\u00e9rmica que evita se calienten y protegen tus manos de posibles accidentes<br \/>\nTodos los art\u00edculos de este juego pueden ser usados en el horno de gas, el horno el\u00e9ctrico y sobre cer\u00e1mica vitrificada y son aptos para lavar en el lavavajillas<\/p>\n","protected":false},"excerpt":{"rendered":"<p>BATERIA DE COCINA TRAMONTINA 18 PIEZAS Colores Disponibles : ROJO \/ NEGRO Medidas : 1 Sart\u00e9n de 20 cm de di\u00e1metro. 1 Sart\u00e9n recto de 22 cm de di\u00e1metro. 1<\/p>\n","protected":false},"featured_media":32755,"comment_status":"open","ping_status":"closed","template":"","meta":{"_acf_changed":false,"_joinchat":[]},"product_cat":[65],"product_tag":[],"class_list":{"0":"post-32752","1":"product","2":"type-product","3":"status-publish","4":"has-post-thumbnail","6":"product_cat-bazar","7":"product_shipping_class-flex","9":"first","10":"outofstock","11":"taxable","12":"shipping-taxable","13":"product-type-variable"},"acf":[],"aioseo_notices":[],"jetpack_sharing_enabled":true,"_links":{"self":[{"href":"https:\/\/www.lgamoblamientos.com\/nv\/wp-json\/wp\/v2\/product\/32752","targetHints":{"allow":["GET"]}}],"collection":[{"href":"https:\/\/www.lgamoblamientos.com\/nv\/wp-json\/wp\/v2\/product"}],"about":[{"href":"https:\/\/www.lgamoblamientos.com\/nv\/wp-json\/wp\/v2\/types\/product"}],"replies":[{"embeddable":true,"href":"https:\/\/www.lgamoblamientos.com\/nv\/wp-json\/wp\/v2\/comments?post=32752"}],"wp:featuredmedia":[{"embeddable":true,"href":"https:\/\/www.lgamoblamientos.com\/nv\/wp-json\/wp\/v2\/media\/32755"}],"wp:attachment":[{"href":"https:\/\/www.lgamoblamientos.com\/nv\/wp-json\/wp\/v2\/media?parent=32752"}],"wp:term":[{"taxonomy":"product_cat","embeddable":true,"href":"https:\/\/www.lgamoblamientos.com\/nv\/wp-json\/wp\/v2\/product_cat?post=32752"},{"taxonomy":"product_tag","embeddable":true,"href":"https:\/\/www.lgamoblamientos.com\/nv\/wp-json\/wp\/v2\/product_tag?post=32752"}],"curies":[{"name":"wp","href":"https:\/\/api.w.org\/{rel}","templated":true}]}}