{"id":32952,"date":"2023-01-05T10:19:27","date_gmt":"2023-01-05T13:19:27","guid":{"rendered":"https:\/\/www.lgamoblamientos.com\/nv\/?post_type=product&#038;p=32952"},"modified":"2026-04-07T11:12:02","modified_gmt":"2026-04-07T14:12:02","slug":"carrito-organizador-multiuso-metal-3-estantes-con-ruedas","status":"publish","type":"product","link":"https:\/\/www.lgamoblamientos.com\/nv\/product\/carrito-organizador-multiuso-metal-3-estantes-con-ruedas\/","title":{"rendered":"Carrito Organizador Multiuso Metal 3 Estantes Con Ruedas"},"content":{"rendered":"<p>CARRITO ORGANIZADOR 3 NIVELES<\/p>\n<p>\u2022 Medida: Altura 60 cm x Prof 26 cm x Ancho 45 cm.<br \/>\n\u2022 Medidas con ruedas: Altura 64 cm<br \/>\n\u2022 Organizador de cocina<br \/>\n\u2022 3 niveles<br \/>\n\u2022 Material: Hierro<br \/>\n\u2022 Color: Negro<\/p>\n<p>Obtenga m\u00e1s espacio de almacenamiento para su cocina, ba\u00f1o o cuarto de servicio con este pr\u00e1ctico carrito de cuatro niveles. Construido a partir de acero duradero y recubierto con un pl\u00e1stico resistente, la unidad es resistente, brillante y simple en su dise\u00f1o y. Montado sobre cuatro ruedas, puede colocarse en su posici\u00f3n, todo lo que necesita siempre al alcance de la mano. Las ruedas pueden bloquearse en su posici\u00f3n, asegurando que la unidad de estante sea resistente una vez que est\u00e9 en su lugar. Adem\u00e1s, los cuatro estantes le brindan amplio espacio para almacenar art\u00edculos voluminosos como cereales, productos de limpieza y mucho, mucho m\u00e1s.<\/p>\n","protected":false},"excerpt":{"rendered":"<p>CARRITO ORGANIZADOR 3 NIVELES \u2022 Medida: Altura 60 cm x Prof 26 cm x Ancho 45 cm. \u2022 Medidas con ruedas: Altura 64 cm \u2022 Organizador de cocina \u2022 3<\/p>\n","protected":false},"featured_media":32953,"comment_status":"open","ping_status":"closed","template":"","meta":{"_acf_changed":false,"_joinchat":[]},"product_cat":[883],"product_tag":[1219],"class_list":{"0":"post-32952","1":"product","2":"type-product","3":"status-publish","4":"has-post-thumbnail","6":"product_cat-decoracion-organizacion","7":"product_tag-cyber-fest-26","8":"product_shipping_class-flex","10":"first","11":"instock","12":"sale","13":"taxable","14":"shipping-taxable","15":"purchasable","16":"product-type-variable"},"acf":[],"aioseo_notices":[],"jetpack_sharing_enabled":true,"_links":{"self":[{"href":"https:\/\/www.lgamoblamientos.com\/nv\/wp-json\/wp\/v2\/product\/32952","targetHints":{"allow":["GET"]}}],"collection":[{"href":"https:\/\/www.lgamoblamientos.com\/nv\/wp-json\/wp\/v2\/product"}],"about":[{"href":"https:\/\/www.lgamoblamientos.com\/nv\/wp-json\/wp\/v2\/types\/product"}],"replies":[{"embeddable":true,"href":"https:\/\/www.lgamoblamientos.com\/nv\/wp-json\/wp\/v2\/comments?post=32952"}],"wp:featuredmedia":[{"embeddable":true,"href":"https:\/\/www.lgamoblamientos.com\/nv\/wp-json\/wp\/v2\/media\/32953"}],"wp:attachment":[{"href":"https:\/\/www.lgamoblamientos.com\/nv\/wp-json\/wp\/v2\/media?parent=32952"}],"wp:term":[{"taxonomy":"product_cat","embeddable":true,"href":"https:\/\/www.lgamoblamientos.com\/nv\/wp-json\/wp\/v2\/product_cat?post=32952"},{"taxonomy":"product_tag","embeddable":true,"href":"https:\/\/www.lgamoblamientos.com\/nv\/wp-json\/wp\/v2\/product_tag?post=32952"}],"curies":[{"name":"wp","href":"https:\/\/api.w.org\/{rel}","templated":true}]}}