{"id":33281,"date":"2023-02-01T11:27:56","date_gmt":"2023-02-01T14:27:56","guid":{"rendered":"https:\/\/www.lgamoblamientos.com\/nv\/?post_type=product&#038;p=33281"},"modified":"2025-09-27T14:00:04","modified_gmt":"2025-09-27T17:00:04","slug":"ropero-2-puertas-corredizas-espejo","status":"publish","type":"product","link":"https:\/\/www.lgamoblamientos.com\/nv\/product\/ropero-2-puertas-corredizas-espejo\/","title":{"rendered":"Ropero 2 Puertas Corredizas + Espejo"},"content":{"rendered":"<p>PLACARD DE 2 PUERTAS CORREDIZAS + ESPEJO<\/p>\n<p>Medidas: Ancho: 1,17 m x Altura: 2,04 m x Prof: 46 cm<br \/>\nColor: Casta\u00f1o | Naturale-Blanco<br \/>\nEstructura 100% MDP 12 mm y 15 mm, con acabado UV<br \/>\nTama\u00f1o espejo: 90 cm x 45 cm<br \/>\nGrosor espejo: 3 mm<br \/>\nTiene 2 Puertas &#8211; Tiene 3 Estantes &#8211; Tiene 4 Nichos &#8211; Peso Soportado<br \/>\n&#8211; Estantes: 5kg<br \/>\n&#8211; Base: 5kg<\/p>\n<p>Peso: 68,45kg<br \/>\nTipo de gu\u00eda de caj\u00f3n: telesc\u00f3pico met\u00e1lico<br \/>\nTipo de bisagra \/ corredera de puerta: Met\u00e1lico<\/p>\n","protected":false},"excerpt":{"rendered":"<p>PLACARD DE 2 PUERTAS CORREDIZAS + ESPEJO Medidas: Ancho: 1,17 m x Altura: 2,04 m x Prof: 46 cm Color: Casta\u00f1o | Naturale-Blanco Estructura 100% MDP 12 mm y 15<\/p>\n","protected":false},"featured_media":33282,"comment_status":"open","ping_status":"closed","template":"","meta":{"_acf_changed":false,"_joinchat":[]},"product_cat":[39,74],"product_tag":[],"class_list":{"0":"post-33281","1":"product","2":"type-product","3":"status-publish","4":"has-post-thumbnail","6":"product_cat-dormitorio","7":"product_cat-placard-y-roperos","9":"first","10":"outofstock","11":"taxable","12":"shipping-taxable","13":"product-type-variable"},"acf":[],"aioseo_notices":[],"jetpack_sharing_enabled":true,"_links":{"self":[{"href":"https:\/\/www.lgamoblamientos.com\/nv\/wp-json\/wp\/v2\/product\/33281","targetHints":{"allow":["GET"]}}],"collection":[{"href":"https:\/\/www.lgamoblamientos.com\/nv\/wp-json\/wp\/v2\/product"}],"about":[{"href":"https:\/\/www.lgamoblamientos.com\/nv\/wp-json\/wp\/v2\/types\/product"}],"replies":[{"embeddable":true,"href":"https:\/\/www.lgamoblamientos.com\/nv\/wp-json\/wp\/v2\/comments?post=33281"}],"wp:featuredmedia":[{"embeddable":true,"href":"https:\/\/www.lgamoblamientos.com\/nv\/wp-json\/wp\/v2\/media\/33282"}],"wp:attachment":[{"href":"https:\/\/www.lgamoblamientos.com\/nv\/wp-json\/wp\/v2\/media?parent=33281"}],"wp:term":[{"taxonomy":"product_cat","embeddable":true,"href":"https:\/\/www.lgamoblamientos.com\/nv\/wp-json\/wp\/v2\/product_cat?post=33281"},{"taxonomy":"product_tag","embeddable":true,"href":"https:\/\/www.lgamoblamientos.com\/nv\/wp-json\/wp\/v2\/product_tag?post=33281"}],"curies":[{"name":"wp","href":"https:\/\/api.w.org\/{rel}","templated":true}]}}