{"id":33961,"date":"2023-03-20T13:11:25","date_gmt":"2023-03-20T16:11:25","guid":{"rendered":"https:\/\/www.lgamoblamientos.com\/nv\/?post_type=product&#038;p=33961"},"modified":"2024-11-25T18:57:19","modified_gmt":"2024-11-25T21:57:19","slug":"banco-baul-madera-maciza-organizacion-diseno","status":"publish","type":"product","link":"https:\/\/www.lgamoblamientos.com\/nv\/product\/banco-baul-madera-maciza-organizacion-diseno\/","title":{"rendered":"Banco Ba\u00fal Madera Maciza Organizaci\u00f3n Dise\u00f1o"},"content":{"rendered":"<p>BANCO BAUL DE MADERA<\/p>\n<p>Color: BLANCO<br \/>\nMedidas: Ancho 106 cm x Altura 58 cm x Profundidad 40 cm<br \/>\nFabricado en madera maciza resistente<br \/>\n100% madera de pino maciza<br \/>\nExcelente acabado interno y externo<br \/>\nLa pintura con cera completa el acabado manteniendo la apariencia natural del producto<br \/>\nModerno y elegante<\/p>\n","protected":false},"excerpt":{"rendered":"<p>BANCO BAUL DE MADERA Color: BLANCO Medidas: Ancho 106 cm x Altura 58 cm x Profundidad 40 cm Fabricado en madera maciza resistente 100% madera de pino maciza Excelente acabado<\/p>\n","protected":false},"featured_media":33963,"comment_status":"open","ping_status":"closed","template":"","meta":{"_acf_changed":false,"_joinchat":[]},"product_cat":[883],"product_tag":[],"class_list":{"0":"post-33961","1":"product","2":"type-product","3":"status-publish","4":"has-post-thumbnail","6":"product_cat-decoracion-organizacion","7":"product_shipping_class-flex","9":"first","10":"outofstock","11":"taxable","12":"shipping-taxable","13":"purchasable","14":"product-type-simple"},"acf":[],"aioseo_notices":[],"jetpack_sharing_enabled":true,"_links":{"self":[{"href":"https:\/\/www.lgamoblamientos.com\/nv\/wp-json\/wp\/v2\/product\/33961","targetHints":{"allow":["GET"]}}],"collection":[{"href":"https:\/\/www.lgamoblamientos.com\/nv\/wp-json\/wp\/v2\/product"}],"about":[{"href":"https:\/\/www.lgamoblamientos.com\/nv\/wp-json\/wp\/v2\/types\/product"}],"replies":[{"embeddable":true,"href":"https:\/\/www.lgamoblamientos.com\/nv\/wp-json\/wp\/v2\/comments?post=33961"}],"wp:featuredmedia":[{"embeddable":true,"href":"https:\/\/www.lgamoblamientos.com\/nv\/wp-json\/wp\/v2\/media\/33963"}],"wp:attachment":[{"href":"https:\/\/www.lgamoblamientos.com\/nv\/wp-json\/wp\/v2\/media?parent=33961"}],"wp:term":[{"taxonomy":"product_cat","embeddable":true,"href":"https:\/\/www.lgamoblamientos.com\/nv\/wp-json\/wp\/v2\/product_cat?post=33961"},{"taxonomy":"product_tag","embeddable":true,"href":"https:\/\/www.lgamoblamientos.com\/nv\/wp-json\/wp\/v2\/product_tag?post=33961"}],"curies":[{"name":"wp","href":"https:\/\/api.w.org\/{rel}","templated":true}]}}