{"id":33980,"date":"2023-03-22T16:24:00","date_gmt":"2023-03-22T19:24:00","guid":{"rendered":"https:\/\/www.lgamoblamientos.com\/nv\/?post_type=product&#038;p=33980"},"modified":"2026-03-14T09:31:04","modified_gmt":"2026-03-14T12:31:04","slug":"juego-2-sartenes-20-y-26-cm-sicilia-starflon-tramontina","status":"publish","type":"product","link":"https:\/\/www.lgamoblamientos.com\/nv\/product\/juego-2-sartenes-20-y-26-cm-sicilia-starflon-tramontina\/","title":{"rendered":"Juego 2 Sartenes 20 Y 26 Cm Sicilia Starflon Tramontina"},"content":{"rendered":"<p>JUEGO DE 2 SARTENES SICILIA TRAMONTINA<\/p>\n<p>Sart\u00e9n Di\u00e1metro 20 cm 0,8 L<br \/>\nSart\u00e9n Di\u00e1metro 26 cm 1,8 L<br \/>\nCuerpo de aluminio con espesor que proporciona una cocci\u00f3n r\u00e1pida y uniforme.<br \/>\nInterno y externo Starflon Excelente recubrimiento antiadherente que no se pega, es f\u00e1cil de limpiar, m\u00e1s duradero y no es nocivo para la salud al estar libre de PFOA.<br \/>\nMangos de baquelita resistentes al calor que ofrecen seguridad durante el manejo.<br \/>\nPueden ir al lavavajillas haciendo tu d\u00eda a d\u00eda m\u00e1s f\u00e1cil.<\/p>\n<p>Belleza, estilo y alta calidad para su cocina con el juego de sartenes de aluminio Tramontina Sicily con revestimiento interior y exterior antiadherente azul Starflon Excelente. Ideal para acompa\u00f1arte en la preparaci\u00f3n de tus recetas diarias, cuenta con modernas partes en el hermoso color azul, desarrollado con un grueso cuerpo de aluminio que brinda una cocci\u00f3n r\u00e1pida y uniforme de los alimentos e interior y exterior Starflon Excelente revestimiento antiadherente, material que evita que la comida se pegue y facilita su limpieza. Los mangos est\u00e1n fabricados en baquelita antit\u00e9rmica, un material que no se calienta y proporciona un manejo mucho m\u00e1s c\u00f3modo y seguro. Adem\u00e1s de todas estas caracter\u00edsticas, las sartenes del juego son aptas para lavavajillas, \u00a1lo que facilita tu vida diaria en la cocina!<\/p>\n","protected":false},"excerpt":{"rendered":"<p>JUEGO DE 2 SARTENES SICILIA TRAMONTINA Sart\u00e9n Di\u00e1metro 20 cm 0,8 L Sart\u00e9n Di\u00e1metro 26 cm 1,8 L Cuerpo de aluminio con espesor que proporciona una cocci\u00f3n r\u00e1pida y uniforme.<\/p>\n","protected":false},"featured_media":33981,"comment_status":"open","ping_status":"closed","template":"","meta":{"_acf_changed":false,"_joinchat":[]},"product_cat":[65],"product_tag":[1219],"class_list":{"0":"post-33980","1":"product","2":"type-product","3":"status-publish","4":"has-post-thumbnail","6":"product_cat-bazar","7":"product_tag-cyber-fest-26","8":"product_shipping_class-flex","10":"first","11":"outofstock","12":"taxable","13":"shipping-taxable","14":"purchasable","15":"product-type-simple"},"acf":[],"aioseo_notices":[],"jetpack_sharing_enabled":true,"_links":{"self":[{"href":"https:\/\/www.lgamoblamientos.com\/nv\/wp-json\/wp\/v2\/product\/33980","targetHints":{"allow":["GET"]}}],"collection":[{"href":"https:\/\/www.lgamoblamientos.com\/nv\/wp-json\/wp\/v2\/product"}],"about":[{"href":"https:\/\/www.lgamoblamientos.com\/nv\/wp-json\/wp\/v2\/types\/product"}],"replies":[{"embeddable":true,"href":"https:\/\/www.lgamoblamientos.com\/nv\/wp-json\/wp\/v2\/comments?post=33980"}],"wp:featuredmedia":[{"embeddable":true,"href":"https:\/\/www.lgamoblamientos.com\/nv\/wp-json\/wp\/v2\/media\/33981"}],"wp:attachment":[{"href":"https:\/\/www.lgamoblamientos.com\/nv\/wp-json\/wp\/v2\/media?parent=33980"}],"wp:term":[{"taxonomy":"product_cat","embeddable":true,"href":"https:\/\/www.lgamoblamientos.com\/nv\/wp-json\/wp\/v2\/product_cat?post=33980"},{"taxonomy":"product_tag","embeddable":true,"href":"https:\/\/www.lgamoblamientos.com\/nv\/wp-json\/wp\/v2\/product_tag?post=33980"}],"curies":[{"name":"wp","href":"https:\/\/api.w.org\/{rel}","templated":true}]}}