{"id":34563,"date":"2023-04-28T11:13:47","date_gmt":"2023-04-28T14:13:47","guid":{"rendered":"https:\/\/www.lgamoblamientos.com\/nv\/?post_type=product&#038;p=34563"},"modified":"2026-01-14T11:24:21","modified_gmt":"2026-01-14T14:24:21","slug":"lampara-colgante-conico-e27-san-justo","status":"publish","type":"product","link":"https:\/\/www.lgamoblamientos.com\/nv\/product\/lampara-colgante-conico-e27-san-justo\/","title":{"rendered":"L\u00e1mpara Colgante C\u00f3nico E27 San Justo"},"content":{"rendered":"<p>LAMPARA COLGANTE CONICO METAL E27 SAN JUSTO<\/p>\n<p>Colgante c\u00f3nico de m\u00e1ximo 160mm, con cuerpo en metal blanco con detalle en color cobre y base de 100mm.<br \/>\nConexionado para 1 l\u00e1mpara de pase E27, no incluida.<br \/>\nPuede ser LED o bajo consumo<\/p>\n<p>Garant\u00eda FIVISA<\/p>\n","protected":false},"excerpt":{"rendered":"<p>LAMPARA COLGANTE CONICO METAL E27 SAN JUSTO Colgante c\u00f3nico de m\u00e1ximo 160mm, con cuerpo en metal blanco con detalle en color cobre y base de 100mm. Conexionado para 1 l\u00e1mpara<\/p>\n","protected":false},"featured_media":34564,"comment_status":"open","ping_status":"closed","template":"","meta":{"_acf_changed":false,"_joinchat":[]},"product_cat":[996,997],"product_tag":[1219],"class_list":{"0":"post-34563","1":"product","2":"type-product","3":"status-publish","4":"has-post-thumbnail","6":"product_cat-iluminacion","7":"product_cat-iluminacion-interior","8":"product_tag-cyber-fest-26","9":"product_shipping_class-flex","11":"first","12":"instock","13":"taxable","14":"shipping-taxable","15":"purchasable","16":"product-type-simple"},"acf":[],"aioseo_notices":[],"jetpack_sharing_enabled":true,"_links":{"self":[{"href":"https:\/\/www.lgamoblamientos.com\/nv\/wp-json\/wp\/v2\/product\/34563","targetHints":{"allow":["GET"]}}],"collection":[{"href":"https:\/\/www.lgamoblamientos.com\/nv\/wp-json\/wp\/v2\/product"}],"about":[{"href":"https:\/\/www.lgamoblamientos.com\/nv\/wp-json\/wp\/v2\/types\/product"}],"replies":[{"embeddable":true,"href":"https:\/\/www.lgamoblamientos.com\/nv\/wp-json\/wp\/v2\/comments?post=34563"}],"wp:featuredmedia":[{"embeddable":true,"href":"https:\/\/www.lgamoblamientos.com\/nv\/wp-json\/wp\/v2\/media\/34564"}],"wp:attachment":[{"href":"https:\/\/www.lgamoblamientos.com\/nv\/wp-json\/wp\/v2\/media?parent=34563"}],"wp:term":[{"taxonomy":"product_cat","embeddable":true,"href":"https:\/\/www.lgamoblamientos.com\/nv\/wp-json\/wp\/v2\/product_cat?post=34563"},{"taxonomy":"product_tag","embeddable":true,"href":"https:\/\/www.lgamoblamientos.com\/nv\/wp-json\/wp\/v2\/product_tag?post=34563"}],"curies":[{"name":"wp","href":"https:\/\/api.w.org\/{rel}","templated":true}]}}