{"id":34613,"date":"2023-05-02T10:36:45","date_gmt":"2023-05-02T13:36:45","guid":{"rendered":"https:\/\/www.lgamoblamientos.com\/nv\/?post_type=product&#038;p=34613"},"modified":"2026-01-14T11:01:58","modified_gmt":"2026-01-14T14:01:58","slug":"lampara-colgante-simil-concreto-c-madera-e27-nordica","status":"publish","type":"product","link":"https:\/\/www.lgamoblamientos.com\/nv\/product\/lampara-colgante-simil-concreto-c-madera-e27-nordica\/","title":{"rendered":"L\u00e1mpara Colgante S\u00edmil Concreto C\/ Madera E27 N\u00f3rdica"},"content":{"rendered":"<p>LAMPARA COLGANTE SIMIL CONCRETO GRIS E27<\/p>\n<p>Colgante tipo campana s\u00edmil concreto color gris, con cabezal de madera, conexionado para una l\u00e1mpara LED en pase E27, no incluida.<\/p>\n<p>Dimensiones: di\u00e1metro 120mm y altura 180mm.<\/p>\n<p>Garant\u00eda FIVISA<\/p>\n","protected":false},"excerpt":{"rendered":"<p>LAMPARA COLGANTE SIMIL CONCRETO GRIS E27 Colgante tipo campana s\u00edmil concreto color gris, con cabezal de madera, conexionado para una l\u00e1mpara LED en pase E27, no incluida. Dimensiones: di\u00e1metro 120mm<\/p>\n","protected":false},"featured_media":34614,"comment_status":"open","ping_status":"closed","template":"","meta":{"_acf_changed":false,"_joinchat":[]},"product_cat":[996,997],"product_tag":[1219],"class_list":{"0":"post-34613","1":"product","2":"type-product","3":"status-publish","4":"has-post-thumbnail","6":"product_cat-iluminacion","7":"product_cat-iluminacion-interior","8":"product_tag-cyber-fest-26","9":"product_shipping_class-flex","11":"first","12":"instock","13":"taxable","14":"shipping-taxable","15":"purchasable","16":"product-type-simple"},"acf":[],"aioseo_notices":[],"jetpack_sharing_enabled":true,"_links":{"self":[{"href":"https:\/\/www.lgamoblamientos.com\/nv\/wp-json\/wp\/v2\/product\/34613","targetHints":{"allow":["GET"]}}],"collection":[{"href":"https:\/\/www.lgamoblamientos.com\/nv\/wp-json\/wp\/v2\/product"}],"about":[{"href":"https:\/\/www.lgamoblamientos.com\/nv\/wp-json\/wp\/v2\/types\/product"}],"replies":[{"embeddable":true,"href":"https:\/\/www.lgamoblamientos.com\/nv\/wp-json\/wp\/v2\/comments?post=34613"}],"wp:featuredmedia":[{"embeddable":true,"href":"https:\/\/www.lgamoblamientos.com\/nv\/wp-json\/wp\/v2\/media\/34614"}],"wp:attachment":[{"href":"https:\/\/www.lgamoblamientos.com\/nv\/wp-json\/wp\/v2\/media?parent=34613"}],"wp:term":[{"taxonomy":"product_cat","embeddable":true,"href":"https:\/\/www.lgamoblamientos.com\/nv\/wp-json\/wp\/v2\/product_cat?post=34613"},{"taxonomy":"product_tag","embeddable":true,"href":"https:\/\/www.lgamoblamientos.com\/nv\/wp-json\/wp\/v2\/product_tag?post=34613"}],"curies":[{"name":"wp","href":"https:\/\/api.w.org\/{rel}","templated":true}]}}