{"id":35267,"date":"2023-06-02T10:29:22","date_gmt":"2023-06-02T13:29:22","guid":{"rendered":"https:\/\/www.lgamoblamientos.com\/nv\/?post_type=product&#038;p=35267"},"modified":"2025-05-31T10:57:22","modified_gmt":"2025-05-31T13:57:22","slug":"juego-dormitorio-ropero-comoda-respaldo-mesa-de-luz","status":"publish","type":"product","link":"https:\/\/www.lgamoblamientos.com\/nv\/product\/juego-dormitorio-ropero-comoda-respaldo-mesa-de-luz\/","title":{"rendered":"Juego Dormitorio Ropero + C\u00f3moda + Respaldo Mesa De Luz"},"content":{"rendered":"<p>JUEGO DE DORMITORIO<\/p>\n<p>Incluye: 1 Ropero + 1 Respaldo c\/2 Mesa de Luz + Comoda<\/p>\n<p>&#8212;&#8211;PLACARD DE 4 PUERTAS, 2 CAJONES<\/p>\n<p>Medidas: Altura: 2,12 m x Ancho: 1,82 m x Prof: 57 cm<br \/>\nColor: Roble\/Gris<br \/>\nEstructura 100% MDP, con acabado UV<br \/>\nMolduras en MDF<br \/>\nPuertas con Suspensi\u00f3n para evitar que se golpeen<br \/>\nTiene 4 Puertas &#8211; Tiene 2 Cajones &#8211; Tiene 8 Patas &#8211; Tiene 6 Estantes &#8211; Tiene 7 Nichos &#8211; Peso Soportado<br \/>\n&#8211; Caj\u00f3n: 4kg<br \/>\n&#8211; Estantes: 5kg<br \/>\n&#8211; Base: 5kg<br \/>\n&#8211; Nichos superiores: 8kg<br \/>\nPeso: 146,6 Kg<br \/>\nTipo de gu\u00eda de caj\u00f3n: telesc\u00f3pico met\u00e1lico<br \/>\nTipo de bisagra \/ corredera de puerta: Met\u00e1lico<\/p>\n<p>&#8212;&#8211;RESPALDO DE 2 PLAZAS CON MESA DE LUZ<\/p>\n<p>Medidas totales: Altura 1.18 m x Largo 2,87 m<br \/>\nLa cabecera puede ser utilizada para sommier de hasta 1,40\/1,60\/2,00 m<br \/>\nMesas de luz con 1 cajon, espacio y rieles telescopicos.<br \/>\nMaterial MDF<br \/>\nColores Disponibles: Blanco | Roble\/Gris<\/p>\n<p>&#8212;&#8211;COMODA 4 CAJONES<\/p>\n<p>Esta comoda viene a completar el dormitorio para aquellos que necesitan espacio. Tiene una puerta lateral con aplicaci\u00f3n de listones de MDF; cuatro cajones con tiradores de aluminio y amplio espacio interior; un caj\u00f3n funcional con divisiones multiusos; estante interno m\u00f3vil para proporcionar un mejor aprovechamiento del espacio.<\/p>\n<p>\u2022 Medidas: Altura 1,10 m x Largo 1,36 m x Profundidad 0.45 m<br \/>\n\u2022 Colores: BLANCO | ROBLE<\/p>\n","protected":false},"excerpt":{"rendered":"<p>JUEGO DE DORMITORIO Incluye: 1 Ropero + 1 Respaldo c\/2 Mesa de Luz + Comoda &#8212;&#8211;PLACARD DE 4 PUERTAS, 2 CAJONES Medidas: Altura: 2,12 m x Ancho: 1,82 m x<\/p>\n","protected":false},"featured_media":35268,"comment_status":"open","ping_status":"closed","template":"","meta":{"_acf_changed":false,"_joinchat":[]},"product_cat":[39,304],"product_tag":[],"class_list":{"0":"post-35267","1":"product","2":"type-product","3":"status-publish","4":"has-post-thumbnail","6":"product_cat-dormitorio","7":"product_cat-juegos-de-dormitorio","9":"first","10":"outofstock","11":"taxable","12":"shipping-taxable","13":"purchasable","14":"product-type-simple"},"acf":[],"aioseo_notices":[],"jetpack_sharing_enabled":true,"_links":{"self":[{"href":"https:\/\/www.lgamoblamientos.com\/nv\/wp-json\/wp\/v2\/product\/35267","targetHints":{"allow":["GET"]}}],"collection":[{"href":"https:\/\/www.lgamoblamientos.com\/nv\/wp-json\/wp\/v2\/product"}],"about":[{"href":"https:\/\/www.lgamoblamientos.com\/nv\/wp-json\/wp\/v2\/types\/product"}],"replies":[{"embeddable":true,"href":"https:\/\/www.lgamoblamientos.com\/nv\/wp-json\/wp\/v2\/comments?post=35267"}],"wp:featuredmedia":[{"embeddable":true,"href":"https:\/\/www.lgamoblamientos.com\/nv\/wp-json\/wp\/v2\/media\/35268"}],"wp:attachment":[{"href":"https:\/\/www.lgamoblamientos.com\/nv\/wp-json\/wp\/v2\/media?parent=35267"}],"wp:term":[{"taxonomy":"product_cat","embeddable":true,"href":"https:\/\/www.lgamoblamientos.com\/nv\/wp-json\/wp\/v2\/product_cat?post=35267"},{"taxonomy":"product_tag","embeddable":true,"href":"https:\/\/www.lgamoblamientos.com\/nv\/wp-json\/wp\/v2\/product_tag?post=35267"}],"curies":[{"name":"wp","href":"https:\/\/api.w.org\/{rel}","templated":true}]}}