{"id":35663,"date":"2023-06-21T11:16:39","date_gmt":"2023-06-21T14:16:39","guid":{"rendered":"https:\/\/www.lgamoblamientos.com\/nv\/?post_type=product&#038;p=35663"},"modified":"2025-09-01T11:03:50","modified_gmt":"2025-09-01T14:03:50","slug":"perchero-triangular-despojador-organizador-multifuncion","status":"publish","type":"product","link":"https:\/\/www.lgamoblamientos.com\/nv\/product\/perchero-triangular-despojador-organizador-multifuncion\/","title":{"rendered":"Perchero Triangular Despojador Organizador Multifunci\u00f3n"},"content":{"rendered":"<p>PERCHERO TRIANGULAR<\/p>\n<p>Medidas: Altura: 1,60 m \/ Largo: 0,55 m \/Prof: 0,42 m<br \/>\nEspacio \u00fatil de colgado 52 cm<br \/>\nBarrote 71 cm<br \/>\nColores: Blanco | Negro<\/p>\n<p>Multifunci\u00f3n: Este producto combina un perchero para sombreros, un perchero para ropa y un zapatero, que es muy adecuado para pasillos, oficinas, salas de estar o cualquier lugar donde sea necesario.<\/p>\n<p>Resistente y estable: Con estructura met\u00e1lica duradera, uniones pl\u00e1sticas y estantes de tela.<\/p>\n<p>F\u00e1cil de montar El dise\u00f1o de estructura simple hace que sea muy f\u00e1cil de montar.<\/p>\n","protected":false},"excerpt":{"rendered":"<p>PERCHERO TRIANGULAR Medidas: Altura: 1,60 m \/ Largo: 0,55 m \/Prof: 0,42 m Espacio \u00fatil de colgado 52 cm Barrote 71 cm Colores: Blanco | Negro Multifunci\u00f3n: Este producto combina<\/p>\n","protected":false},"featured_media":35665,"comment_status":"open","ping_status":"closed","template":"","meta":{"_acf_changed":false,"_joinchat":[]},"product_cat":[883],"product_tag":[1202],"class_list":{"0":"post-35663","1":"product","2":"type-product","3":"status-publish","4":"has-post-thumbnail","6":"product_cat-decoracion-organizacion","7":"product_tag-cyberfest-set","8":"product_shipping_class-flex","10":"first","11":"outofstock","12":"taxable","13":"shipping-taxable","14":"product-type-variable"},"acf":[],"aioseo_notices":[],"jetpack_sharing_enabled":true,"_links":{"self":[{"href":"https:\/\/www.lgamoblamientos.com\/nv\/wp-json\/wp\/v2\/product\/35663","targetHints":{"allow":["GET"]}}],"collection":[{"href":"https:\/\/www.lgamoblamientos.com\/nv\/wp-json\/wp\/v2\/product"}],"about":[{"href":"https:\/\/www.lgamoblamientos.com\/nv\/wp-json\/wp\/v2\/types\/product"}],"replies":[{"embeddable":true,"href":"https:\/\/www.lgamoblamientos.com\/nv\/wp-json\/wp\/v2\/comments?post=35663"}],"wp:featuredmedia":[{"embeddable":true,"href":"https:\/\/www.lgamoblamientos.com\/nv\/wp-json\/wp\/v2\/media\/35665"}],"wp:attachment":[{"href":"https:\/\/www.lgamoblamientos.com\/nv\/wp-json\/wp\/v2\/media?parent=35663"}],"wp:term":[{"taxonomy":"product_cat","embeddable":true,"href":"https:\/\/www.lgamoblamientos.com\/nv\/wp-json\/wp\/v2\/product_cat?post=35663"},{"taxonomy":"product_tag","embeddable":true,"href":"https:\/\/www.lgamoblamientos.com\/nv\/wp-json\/wp\/v2\/product_tag?post=35663"}],"curies":[{"name":"wp","href":"https:\/\/api.w.org\/{rel}","templated":true}]}}