{"id":36725,"date":"2023-08-11T13:26:24","date_gmt":"2023-08-11T16:26:24","guid":{"rendered":"https:\/\/www.lgamoblamientos.com\/nv\/?post_type=product&#038;p=36725"},"modified":"2026-03-23T11:05:09","modified_gmt":"2026-03-23T14:05:09","slug":"medio-balon-pelota-plataforma-ejercicios-bosu-con-bandas-outlet","status":"publish","type":"product","link":"https:\/\/www.lgamoblamientos.com\/nv\/product\/medio-balon-pelota-plataforma-ejercicios-bosu-con-bandas-outlet\/","title":{"rendered":"Medio Bal\u00f3n Pelota Plataforma Ejercicios Bosu Con Bandas &#8211; OUTLET"},"content":{"rendered":"<p>MEDIO BALON PLATAFORMA<\/p>\n<p>Media Esfera Grande 60cm BOSU + Tensores Agarre con Bandas Tubo.<br \/>\nIncluye Inflador<br \/>\nDiametro 60 cm<br \/>\nMaterial muy resistente<\/p>\n<p>COLORES: NEGRO | FUCSIA<\/p>\n<p>La palabra bosu proviene del ingl\u00e9s y es la f\u00f3rmula con la que se resume la expresi\u00f3n Both Sides Utilized, o, lo que es lo mismo, dos lados utilizables. Y es que la plataforma sobre la que se realiza el ejercicio puede utilizarse tanto por su lado plano como por el c\u00f3ncavo. Al subirte, antes de poder realizar cualquier ejercicio, tendr\u00e1s que preocuparte de no caerte.<\/p>\n<p>Al realizar los ejercicios sobre una plataforma inestable, se implica a todos los m\u00fasculos del cuerpo para mantener la postura, lo que tiene como consecuencia su tonificaci\u00f3n por contracciones involuntarias. El bosu pone a prueba tu equilibrio con ejercicios de fuerza, estabilizaci\u00f3n y flexibilidad.<\/p>\n<p>LOS BENEFICIOS DEL BOSU<\/p>\n<p>Tonifica los m\u00fasculos.<br \/>\nMejora la estabilidad del cuerpo.<br \/>\nMejora la flexibilidad.<br \/>\nMejora la resistencia.<br \/>\nFortalece y forma los abdominales.<br \/>\nFortalece los gl\u00fateos.<br \/>\nMejora la agilidad.<br \/>\nPreviene las patolog\u00edas lumbares y cervicales, entre otros.<br \/>\nAdem\u00e1s, el bosu de permitir infinitas formas de trabajo como ejercicios, coreograf\u00edas y estiramientos. Es recomendable para todo tipo de personas que desean hacer un entrenamiento a base del equilibrio. No olvides consultar con tu entrenador personal en el caso de que vayas a realizar cualquier tipo de ejercicio f\u00edsico con el bosu.<\/p>\n<p>Si sientes que necesitas fortalecer el cuerpo, tener equilibrio y mejorar la flexibilidad, entonces entrenar con el Bosu ser\u00e1 lo adecuado para ti, pues es lo \u00faltimo en tendencias de fitness, perfecto tambi\u00e9n para recuperar lesiones y trabajar zonas musculares espec\u00edficas sin sobrecargar el cuerpo. Un aparato con forma de media luna que solucionar\u00e1 todos tus problemas.<\/p>\n<p>MODALIDADES DE ENTRENAMIENTO<\/p>\n<p>El Bosu tono. Un ejercicio completo de trabajo muscular que consiste en formar el cuerpo y otorgar fuerza.<br \/>\nEl Bosu Balance. Son ejercicios suaves, destinada a mejorar el equilibrio, la elasticidad del cuerpo y dar mejor postura.<br \/>\nEl Bosu Sports. Ideal para deportes que requieren mejor coordinaci\u00f3n, asimismo mejora el rendimiento en actividad f\u00edsica.<br \/>\nEl Bosu Express. Es un entrenamiento de 30 minutos que combinan ejercicios aer\u00f3bicos y de tonificaci\u00f3n, para quienes dispongan de muy poco tiempo.<\/p>\n","protected":false},"excerpt":{"rendered":"<div style='text-align: center'>\n<p style='color:red' class='outlet'>\nART\u00cdCULO OUTLET NO POSEE GARANT\u00cdA NI CAMBIO\n<\/p>\n<p><b>Los art\u00edculos poseen desperfectos est\u00e9ticos que no afectan su funcionamiento (consultar por los mismos)<\/b>\n<\/div>\n","protected":false},"featured_media":36726,"comment_status":"open","ping_status":"closed","template":"","meta":{"_acf_changed":false,"_joinchat":[]},"product_cat":[504],"product_tag":[],"class_list":{"0":"post-36725","1":"product","2":"type-product","3":"status-publish","4":"has-post-thumbnail","6":"product_cat-outlet","8":"first","9":"outofstock","10":"sale","11":"taxable","12":"shipping-taxable","13":"purchasable","14":"product-type-simple"},"acf":[],"aioseo_notices":[],"jetpack_sharing_enabled":true,"_links":{"self":[{"href":"https:\/\/www.lgamoblamientos.com\/nv\/wp-json\/wp\/v2\/product\/36725","targetHints":{"allow":["GET"]}}],"collection":[{"href":"https:\/\/www.lgamoblamientos.com\/nv\/wp-json\/wp\/v2\/product"}],"about":[{"href":"https:\/\/www.lgamoblamientos.com\/nv\/wp-json\/wp\/v2\/types\/product"}],"replies":[{"embeddable":true,"href":"https:\/\/www.lgamoblamientos.com\/nv\/wp-json\/wp\/v2\/comments?post=36725"}],"wp:featuredmedia":[{"embeddable":true,"href":"https:\/\/www.lgamoblamientos.com\/nv\/wp-json\/wp\/v2\/media\/36726"}],"wp:attachment":[{"href":"https:\/\/www.lgamoblamientos.com\/nv\/wp-json\/wp\/v2\/media?parent=36725"}],"wp:term":[{"taxonomy":"product_cat","embeddable":true,"href":"https:\/\/www.lgamoblamientos.com\/nv\/wp-json\/wp\/v2\/product_cat?post=36725"},{"taxonomy":"product_tag","embeddable":true,"href":"https:\/\/www.lgamoblamientos.com\/nv\/wp-json\/wp\/v2\/product_tag?post=36725"}],"curies":[{"name":"wp","href":"https:\/\/api.w.org\/{rel}","templated":true}]}}