{"id":36956,"date":"2023-08-28T11:32:20","date_gmt":"2023-08-28T14:32:20","guid":{"rendered":"https:\/\/www.lgamoblamientos.com\/nv\/?post_type=product&#038;p=36956"},"modified":"2023-08-31T13:02:15","modified_gmt":"2023-08-31T16:02:15","slug":"rack-mesa-de-tv-mueble-de-comedor-living-c-puerta-discontiuado","status":"publish","type":"product","link":"https:\/\/www.lgamoblamientos.com\/nv\/product\/rack-mesa-de-tv-mueble-de-comedor-living-c-puerta-discontiuado\/","title":{"rendered":"Rack Mesa De Tv Mueble De Comedor Living C\/puerta- DISCONTIUADO"},"content":{"rendered":"<p>RACK 1 PUERTA Y ESTANTE<\/p>\n<p>\u2022 Medidas: 1.35 m largo x 0.36 m prof x 0.66 m altura<br \/>\n\u2022 Peso soportado: 30 kg<br \/>\n\u2022 Colores disponibles: BLANCO\/CASTA\u00d1O<br \/>\n\u2022 Moderno dise\u00f1o<br \/>\n\u2022 Admite un televisor de hasta 40 pulgadas<br \/>\n\u2022 Proporciona estantes para almacenar libros, \u00e1lbumes familiares, objetos decorativos para dar ese toque encantador al medio ambiente o la electr\u00f3nica, con espacio para mantener la organizaci\u00f3n<\/p>\n<p>\u2022 El Rack est\u00e1 desarrollado en material 100% MDP. El mejor acabado en pintura UV garantiza el aumento de la vida y belleza de los muebles . La combinaci\u00f3n refuerza la resistencia y la durabilidad , brind\u00e1ndole beneficios<\/p>\n","protected":false},"excerpt":{"rendered":"<p>RACK 1 PUERTA Y ESTANTE \u2022 Medidas: 1.35 m largo x 0.36 m prof x 0.66 m altura \u2022 Peso soportado: 30 kg \u2022 Colores disponibles: BLANCO\/CASTA\u00d1O \u2022 Moderno dise\u00f1o<\/p>\n","protected":false},"featured_media":28998,"comment_status":"open","ping_status":"closed","template":"","meta":{"_acf_changed":false,"_joinchat":[]},"product_cat":[504],"product_tag":[],"class_list":{"0":"post-36956","1":"product","2":"type-product","3":"status-publish","4":"has-post-thumbnail","6":"product_cat-outlet","8":"first","9":"outofstock","10":"sale","11":"taxable","12":"shipping-taxable","13":"purchasable","14":"product-type-simple"},"acf":[],"aioseo_notices":[],"jetpack_sharing_enabled":true,"_links":{"self":[{"href":"https:\/\/www.lgamoblamientos.com\/nv\/wp-json\/wp\/v2\/product\/36956","targetHints":{"allow":["GET"]}}],"collection":[{"href":"https:\/\/www.lgamoblamientos.com\/nv\/wp-json\/wp\/v2\/product"}],"about":[{"href":"https:\/\/www.lgamoblamientos.com\/nv\/wp-json\/wp\/v2\/types\/product"}],"replies":[{"embeddable":true,"href":"https:\/\/www.lgamoblamientos.com\/nv\/wp-json\/wp\/v2\/comments?post=36956"}],"wp:featuredmedia":[{"embeddable":true,"href":"https:\/\/www.lgamoblamientos.com\/nv\/wp-json\/wp\/v2\/media\/28998"}],"wp:attachment":[{"href":"https:\/\/www.lgamoblamientos.com\/nv\/wp-json\/wp\/v2\/media?parent=36956"}],"wp:term":[{"taxonomy":"product_cat","embeddable":true,"href":"https:\/\/www.lgamoblamientos.com\/nv\/wp-json\/wp\/v2\/product_cat?post=36956"},{"taxonomy":"product_tag","embeddable":true,"href":"https:\/\/www.lgamoblamientos.com\/nv\/wp-json\/wp\/v2\/product_tag?post=36956"}],"curies":[{"name":"wp","href":"https:\/\/api.w.org\/{rel}","templated":true}]}}