{"id":37198,"date":"2023-09-12T13:26:05","date_gmt":"2023-09-12T16:26:05","guid":{"rendered":"https:\/\/www.lgamoblamientos.com\/nv\/?post_type=product&#038;p=37198"},"modified":"2026-03-15T21:49:10","modified_gmt":"2026-03-16T00:49:10","slug":"molde-para-hacer-hamburguesas-tramontina","status":"publish","type":"product","link":"https:\/\/www.lgamoblamientos.com\/nv\/product\/molde-para-hacer-hamburguesas-tramontina\/","title":{"rendered":"Molde Para Hacer Hamburguesas Tramontina"},"content":{"rendered":"<p>MOLDE DE HAMBURGUESA<\/p>\n<p>Alto: 4,6 cm<br \/>\nAncho: 10,6<br \/>\ncm Largo: 10,6<br \/>\ncm Peso: 140 g<\/p>\n<p>Para darle forma y hacer hamburguesas perfectas, la prensa Tramontina Black Burger en polipropileno negro con base de aluminio es imprescindible. Con \u00e9l podr\u00e1s preparar los platos m\u00e1s deliciosos con los m\u00e1s variados ingredientes, ya sea ternera, pollo, cerdo o verduras. Garantiza una mayor practicidad a la hora de darle forma a tu hamburguesa y est\u00e1 desarrollado con materiales de alta resistencia y calidad, siendo la prensa de pl\u00e1stico y la base para el molde de aluminio con revestimiento interno y externo antiadherente Starflon. \u00a1El prensador es incluso apto para lavavajillas y facilitar\u00e1 las tareas de la cocina!<\/p>\n","protected":false},"excerpt":{"rendered":"<p>MOLDE DE HAMBURGUESA Alto: 4,6 cm Ancho: 10,6 cm Largo: 10,6 cm Peso: 140 g Para darle forma y hacer hamburguesas perfectas, la prensa Tramontina Black Burger en polipropileno negro<\/p>\n","protected":false},"featured_media":37201,"comment_status":"open","ping_status":"closed","template":"","meta":{"_acf_changed":false,"_joinchat":[]},"product_cat":[65],"product_tag":[1219],"class_list":{"0":"post-37198","1":"product","2":"type-product","3":"status-publish","4":"has-post-thumbnail","6":"product_cat-bazar","7":"product_tag-cyber-fest-26","8":"product_shipping_class-flex","10":"first","11":"outofstock","12":"sale","13":"taxable","14":"shipping-taxable","15":"purchasable","16":"product-type-simple"},"acf":[],"aioseo_notices":[],"jetpack_sharing_enabled":true,"_links":{"self":[{"href":"https:\/\/www.lgamoblamientos.com\/nv\/wp-json\/wp\/v2\/product\/37198","targetHints":{"allow":["GET"]}}],"collection":[{"href":"https:\/\/www.lgamoblamientos.com\/nv\/wp-json\/wp\/v2\/product"}],"about":[{"href":"https:\/\/www.lgamoblamientos.com\/nv\/wp-json\/wp\/v2\/types\/product"}],"replies":[{"embeddable":true,"href":"https:\/\/www.lgamoblamientos.com\/nv\/wp-json\/wp\/v2\/comments?post=37198"}],"wp:featuredmedia":[{"embeddable":true,"href":"https:\/\/www.lgamoblamientos.com\/nv\/wp-json\/wp\/v2\/media\/37201"}],"wp:attachment":[{"href":"https:\/\/www.lgamoblamientos.com\/nv\/wp-json\/wp\/v2\/media?parent=37198"}],"wp:term":[{"taxonomy":"product_cat","embeddable":true,"href":"https:\/\/www.lgamoblamientos.com\/nv\/wp-json\/wp\/v2\/product_cat?post=37198"},{"taxonomy":"product_tag","embeddable":true,"href":"https:\/\/www.lgamoblamientos.com\/nv\/wp-json\/wp\/v2\/product_tag?post=37198"}],"curies":[{"name":"wp","href":"https:\/\/api.w.org\/{rel}","templated":true}]}}