{"id":37399,"date":"2023-09-25T12:26:29","date_gmt":"2023-09-25T15:26:29","guid":{"rendered":"https:\/\/www.lgamoblamientos.com\/nv\/?post_type=product&#038;p=37399"},"modified":"2026-04-14T00:01:08","modified_gmt":"2026-04-14T03:01:08","slug":"silla-simil-ratan-con-brazos-marron-jardin-patas-metalicas","status":"publish","type":"product","link":"https:\/\/www.lgamoblamientos.com\/nv\/product\/silla-simil-ratan-con-brazos-marron-jardin-patas-metalicas\/","title":{"rendered":"Silla Simil Rat\u00e1n Con Brazos Marr\u00f3n Jard\u00edn Patas Metalicas"},"content":{"rendered":"<p>SILLA RATAN CON BRAZOS<\/p>\n<p>Silla s\u00edmil rat\u00e1n con brazos<br \/>\nMedidas: Ancho 60 cm x Prof 60 cm x Altura 83 cm<br \/>\nApta para exterior e interior<br \/>\nResistente a la lluvia y el sol<br \/>\nC\u00f3moda y practica<br \/>\nColores Disponibles: Marr\u00f3n Oscuro<\/p>\n","protected":false},"excerpt":{"rendered":"<p>SILLA RATAN CON BRAZOS Silla s\u00edmil rat\u00e1n con brazos Medidas: Ancho 60 cm x Prof 60 cm x Altura 83 cm Apta para exterior e interior Resistente a la lluvia<\/p>\n","protected":false},"featured_media":37400,"comment_status":"open","ping_status":"closed","template":"","meta":{"_acf_changed":false,"_joinchat":[]},"product_cat":[290,51],"product_tag":[1219],"class_list":{"0":"post-37399","1":"product","2":"type-product","3":"status-publish","4":"has-post-thumbnail","6":"product_cat-jardin-exterior","7":"product_cat-jardin","8":"product_tag-cyber-fest-26","9":"product_shipping_class-flex","11":"first","12":"instock","13":"sale","14":"taxable","15":"shipping-taxable","16":"purchasable","17":"product-type-simple"},"acf":[],"aioseo_notices":[],"jetpack_sharing_enabled":true,"_links":{"self":[{"href":"https:\/\/www.lgamoblamientos.com\/nv\/wp-json\/wp\/v2\/product\/37399","targetHints":{"allow":["GET"]}}],"collection":[{"href":"https:\/\/www.lgamoblamientos.com\/nv\/wp-json\/wp\/v2\/product"}],"about":[{"href":"https:\/\/www.lgamoblamientos.com\/nv\/wp-json\/wp\/v2\/types\/product"}],"replies":[{"embeddable":true,"href":"https:\/\/www.lgamoblamientos.com\/nv\/wp-json\/wp\/v2\/comments?post=37399"}],"wp:featuredmedia":[{"embeddable":true,"href":"https:\/\/www.lgamoblamientos.com\/nv\/wp-json\/wp\/v2\/media\/37400"}],"wp:attachment":[{"href":"https:\/\/www.lgamoblamientos.com\/nv\/wp-json\/wp\/v2\/media?parent=37399"}],"wp:term":[{"taxonomy":"product_cat","embeddable":true,"href":"https:\/\/www.lgamoblamientos.com\/nv\/wp-json\/wp\/v2\/product_cat?post=37399"},{"taxonomy":"product_tag","embeddable":true,"href":"https:\/\/www.lgamoblamientos.com\/nv\/wp-json\/wp\/v2\/product_tag?post=37399"}],"curies":[{"name":"wp","href":"https:\/\/api.w.org\/{rel}","templated":true}]}}