{"id":37584,"date":"2023-10-06T10:22:16","date_gmt":"2023-10-06T13:22:16","guid":{"rendered":"https:\/\/www.lgamoblamientos.com\/nv\/?post_type=product&#038;p=37584"},"modified":"2026-02-19T21:47:05","modified_gmt":"2026-02-20T00:47:05","slug":"bolas-de-filtracion-de-poliesfera-bestway-flowclear-500g","status":"publish","type":"product","link":"https:\/\/www.lgamoblamientos.com\/nv\/product\/bolas-de-filtracion-de-poliesfera-bestway-flowclear-500g\/","title":{"rendered":"Bolas De Filtraci\u00f3n De Poliesfera Bestway Flowclear 500g"},"content":{"rendered":"<p>BOLAS FILTRANTES<\/p>\n<p>Las bolas filtrantes Flowclear Polysphere son el \u00faltimo producto de Bestway en filtraci\u00f3n de piscinas. Con esta peque\u00f1a bola de filtraci\u00f3n fabricada en pl\u00e1stico 100% PET podr\u00e1s olvidarte de la pesada y engorrosa arena filtrante. Su apariencia se asemeja a las bolas de algod\u00f3n, son livianas, tienen una larga vida \u00fatil y brindan un efecto m\u00e1s r\u00e1pido en la filtraci\u00f3n del agua de la piscina. Un paquete de 500 g puede sustituir el equivalente a 18 kg de arena. Gracias a la buena filtraci\u00f3n, el agua de la piscina quedar\u00e1 cristalina y podr\u00e1s disfrutar con tu familia de un refrescante ba\u00f1o en una piscina limpia durante toda la temporada de verano.<\/p>\n<p>Adecuado para todos los filtros de arena existentes en la gama Bestway<br \/>\nMenor aumento de presi\u00f3n en comparaci\u00f3n con la arena.<br \/>\n500 g de Polysphere Flowclear equivalen a 18 kg de arena. La cantidad de Polysphere Flowclear es la siguiente: Filtro de arena<br \/>\nNotas: La poliesfera Flowclear tambi\u00e9n se puede utilizar para otros filtros de arena usando 28 g de poliesfera Flowclear para reemplazar por 1 kg de arena.<br \/>\nF\u00e1cil de transportar, manipular y transportar.<br \/>\nPeso reducido para un f\u00e1cil manejo<br \/>\nExcelente resultado de filtraci\u00f3n y eficiencia.<br \/>\nProducto de larga duraci\u00f3n<br \/>\nF\u00e1cil de lavar a mano<br \/>\nFunci\u00f3n de retrolavado mediante filtro de arena Bestway no aplicable<br \/>\nF\u00e1cil eliminaci\u00f3n, no t\u00f3xico.<br \/>\ncaja a todo color<br \/>\nEspecificaciones del producto<\/p>\n<p>Contenido: 500 g (1,10 lbs) de poliesfera Flowclear<\/p>\n","protected":false},"excerpt":{"rendered":"<p>BOLAS FILTRANTES Las bolas filtrantes Flowclear Polysphere son el \u00faltimo producto de Bestway en filtraci\u00f3n de piscinas. Con esta peque\u00f1a bola de filtraci\u00f3n fabricada en pl\u00e1stico 100% PET podr\u00e1s olvidarte<\/p>\n","protected":false},"featured_media":37587,"comment_status":"open","ping_status":"closed","template":"","meta":{"_acf_changed":false,"_joinchat":[]},"product_cat":[290,95],"product_tag":[1219],"class_list":{"0":"post-37584","1":"product","2":"type-product","3":"status-publish","4":"has-post-thumbnail","6":"product_cat-jardin-exterior","7":"product_cat-accesorios-de-piscina","8":"product_tag-cyber-fest-26","9":"product_shipping_class-flex","11":"first","12":"instock","13":"sale","14":"taxable","15":"shipping-taxable","16":"purchasable","17":"product-type-simple"},"acf":[],"aioseo_notices":[],"jetpack_sharing_enabled":true,"_links":{"self":[{"href":"https:\/\/www.lgamoblamientos.com\/nv\/wp-json\/wp\/v2\/product\/37584","targetHints":{"allow":["GET"]}}],"collection":[{"href":"https:\/\/www.lgamoblamientos.com\/nv\/wp-json\/wp\/v2\/product"}],"about":[{"href":"https:\/\/www.lgamoblamientos.com\/nv\/wp-json\/wp\/v2\/types\/product"}],"replies":[{"embeddable":true,"href":"https:\/\/www.lgamoblamientos.com\/nv\/wp-json\/wp\/v2\/comments?post=37584"}],"wp:featuredmedia":[{"embeddable":true,"href":"https:\/\/www.lgamoblamientos.com\/nv\/wp-json\/wp\/v2\/media\/37587"}],"wp:attachment":[{"href":"https:\/\/www.lgamoblamientos.com\/nv\/wp-json\/wp\/v2\/media?parent=37584"}],"wp:term":[{"taxonomy":"product_cat","embeddable":true,"href":"https:\/\/www.lgamoblamientos.com\/nv\/wp-json\/wp\/v2\/product_cat?post=37584"},{"taxonomy":"product_tag","embeddable":true,"href":"https:\/\/www.lgamoblamientos.com\/nv\/wp-json\/wp\/v2\/product_tag?post=37584"}],"curies":[{"name":"wp","href":"https:\/\/api.w.org\/{rel}","templated":true}]}}