{"id":37616,"date":"2023-10-06T16:39:06","date_gmt":"2023-10-06T19:39:06","guid":{"rendered":"https:\/\/www.lgamoblamientos.com\/nv\/?post_type=product&#038;p=37616"},"modified":"2026-02-06T13:22:59","modified_gmt":"2026-02-06T16:22:59","slug":"colchon-inflable-bestway-alwayzaire-1-plaza","status":"publish","type":"product","link":"https:\/\/www.lgamoblamientos.com\/nv\/product\/colchon-inflable-bestway-alwayzaire-1-plaza\/","title":{"rendered":"Colch\u00f3n Inflable Bestway Alwayzaire 1 Plaza"},"content":{"rendered":"<p>COLCHON INFLABLE 1 PLAZA<\/p>\n<p>Esta cama inflable, dise\u00f1ada para 1 persona, es duradera y c\u00f3moda y permanece inflada durante toda la noche. Y el revestimiento antimicrobiano protege su cama de bacterias, moho y hongos que causan olores en la superficie de la cama.<br \/>\nLa bomba doble garantiza que su cama de aire permanezca inflada durante toda la noche. Los sensores internos monitorean la presi\u00f3n del aire, por lo que la segunda bomba puede volver a inflar la cama con un susurro silencioso.<br \/>\nEl sistema de bomba dual infla completamente la cama en solo 3 minutos, lo que reduce la p\u00e9rdida de aire y evita el inflado excesivo. Adem\u00e1s, cuenta con un puerto USB para cargar dispositivos de forma f\u00e1cil y c\u00f3moda.<br \/>\nPara obtener mejores resultados, deje la cama enchufada durante la noche.<br \/>\nSin electricidad, no hay problema: esta cama tambi\u00e9n se puede inflar con bombas manuales.<br \/>\nEste colch\u00f3n de aire tiene una superficie para dormir suave y aterciopelada que es tan c\u00f3moda como duradera.<\/p>\n<p>\u00b7 Tama\u00f1o: 191 x 97 x 46 cm<br \/>\n\u00b7 Para 1 persona<br \/>\n\u00b7 Capacidad de carga m\u00e1xima: 150 kg<br \/>\n\u00b7 Tiempo de inflado: 180 segundos \u00b7<br \/>\nHecho de vinilo duradero<br \/>\n\u00b7 Bomba el\u00e9ctrica dual incorporada<br \/>\n\u00b7 El sensor de control de presi\u00f3n activa una segunda bomba silenciosa cuando necesario<br \/>\n\u00b7 Puerto USB incorporado<br \/>\n\u00b7 El dise\u00f1o \u00fanico del marco evita que se deslice<br \/>\n\u00b7 La superficie antimicrobiana previene el crecimiento de moho<\/p>\n","protected":false},"excerpt":{"rendered":"<p>COLCHON INFLABLE 1 PLAZA Esta cama inflable, dise\u00f1ada para 1 persona, es duradera y c\u00f3moda y permanece inflada durante toda la noche. Y el revestimiento antimicrobiano protege su cama de<\/p>\n","protected":false},"featured_media":37617,"comment_status":"open","ping_status":"closed","template":"","meta":{"_acf_changed":false,"_joinchat":[]},"product_cat":[87,63],"product_tag":[1219],"class_list":{"0":"post-37616","1":"product","2":"type-product","3":"status-publish","4":"has-post-thumbnail","6":"product_cat-fitness","7":"product_cat-camping","8":"product_tag-cyber-fest-26","9":"product_shipping_class-flex","11":"first","12":"outofstock","13":"sale","14":"taxable","15":"shipping-taxable","16":"purchasable","17":"product-type-simple"},"acf":[],"aioseo_notices":[],"jetpack_sharing_enabled":true,"_links":{"self":[{"href":"https:\/\/www.lgamoblamientos.com\/nv\/wp-json\/wp\/v2\/product\/37616","targetHints":{"allow":["GET"]}}],"collection":[{"href":"https:\/\/www.lgamoblamientos.com\/nv\/wp-json\/wp\/v2\/product"}],"about":[{"href":"https:\/\/www.lgamoblamientos.com\/nv\/wp-json\/wp\/v2\/types\/product"}],"replies":[{"embeddable":true,"href":"https:\/\/www.lgamoblamientos.com\/nv\/wp-json\/wp\/v2\/comments?post=37616"}],"wp:featuredmedia":[{"embeddable":true,"href":"https:\/\/www.lgamoblamientos.com\/nv\/wp-json\/wp\/v2\/media\/37617"}],"wp:attachment":[{"href":"https:\/\/www.lgamoblamientos.com\/nv\/wp-json\/wp\/v2\/media?parent=37616"}],"wp:term":[{"taxonomy":"product_cat","embeddable":true,"href":"https:\/\/www.lgamoblamientos.com\/nv\/wp-json\/wp\/v2\/product_cat?post=37616"},{"taxonomy":"product_tag","embeddable":true,"href":"https:\/\/www.lgamoblamientos.com\/nv\/wp-json\/wp\/v2\/product_tag?post=37616"}],"curies":[{"name":"wp","href":"https:\/\/api.w.org\/{rel}","templated":true}]}}