{"id":37630,"date":"2023-10-06T17:02:13","date_gmt":"2023-10-06T20:02:13","guid":{"rendered":"https:\/\/www.lgamoblamientos.com\/nv\/?post_type=product&#038;p=37630"},"modified":"2024-11-25T18:57:44","modified_gmt":"2024-11-25T21:57:44","slug":"jacuzzi-spa-inflable-908-lt-hollywood-cobertor-bestway","status":"publish","type":"product","link":"https:\/\/www.lgamoblamientos.com\/nv\/product\/jacuzzi-spa-inflable-908-lt-hollywood-cobertor-bestway\/","title":{"rendered":"Jacuzzi Spa Inflable 908 Lt Hollywood + Cobertor + Bestway"},"content":{"rendered":"<p>JACUZZI SPA INFLABLE 908LTS<\/p>\n<p>El Lay-Z-Spa\u00ae Hollywood AirJet\u2122 proporciona una experiencia de masaje relajante para hasta 6 personas, a la vez que es r\u00e1pido y sencillo de montar.<\/p>\n<p>Este spa alcanza hasta 40\u00aaC para proporcionar la m\u00e1xima relajaci\u00f3n mientras est\u00e1s rodeado de 140 burbujas de masaje AirJet. S\u00f3lo tienes que conectar la bomba y ver c\u00f3mo se infla. La luz LED que cambia de color crea un resplandor relajante para un mayor ambiente en el interior del spa, mientras que el revestimiento exterior semitransparente crea un emocionante patr\u00f3n iluminado en el exterior. Las luces enchufables se pueden controlar con un mando a distancia para cambiar entre 7 colores diferentes.<\/p>\n<p>Sistema de Masaje Relajante: El sistema AirJet cuenta con 140 chorros que liberan burbujas desde el fondo del spa para crear un ambiente c\u00e1lido y burbujeante.<\/p>\n<p>Construcci\u00f3n Duradera: Las paredes hinchables de este spa est\u00e1n hechas de material DuraPlus\u2122, duradero y resistente a los pinchazos, que previene los da\u00f1os. Este tipo de construcci\u00f3n interna previene la dilataci\u00f3n con el tiempo, lo que permite que el spa conserve la misma forma sin importar cu\u00e1ntas veces se infle o desinfle.<\/p>\n<p>Innovadora Tecnolog\u00eda de Preparaci\u00f3n para el Invierno: La funci\u00f3n de calentamiento autom\u00e1tico Freeze Shield\u2122 incluida previene la congelaci\u00f3n de los componentes internos durante las temperaturas m\u00e1s fr\u00edas. Dise\u00f1ado con una innovadora Tecnolog\u00eda de Preparaci\u00f3n para el Invierno, el sistema mantendr\u00e1 las temperaturas internas entre 6\u00ba y 10\u00baC para prevenir da\u00f1os.<\/p>\n<p>Prioridad a la Seguridad: Lay-Z-Spa es la \u00fanica marca del mercado que incluye un sistema de detecci\u00f3n de tierra. Esto conectar\u00e1 a tierra el producto, previniendo cualquier posible descarga el\u00e9ctrica si el sistema el\u00e9ctrico entra en contacto con el agua, y poniendo tu seguridad como prioridad n\u00famero uno.<\/p>\n<p>Contenido: Equipado con una bomba que infla r\u00e1pidamente el spa, lo calienta, hace funcionar la filtraci\u00f3n y controla el sistema de masaje, este spa es f\u00e1cil y c\u00f3modo. La bomba se puede alcanzar f\u00e1cilmente desde el interior del spa y cuenta con portavasos para bebidas y aperitivos. Este spa tambi\u00e9n cuenta con cuatro almohadas de espuma ajustables y lavables, lo que proporciona a cada persona un lugar para recostarse y relajarse. Tambi\u00e9n incluye un dispensador ChemConnect\u2122 que mantiene el agua limpia y sana dispersando uniformemente la cantidad adecuada de cloro. Por si fuera poco, el spa Hollywood viene con una cubierta reforzada que cierra el calor mientras no se usa, adem\u00e1s de evitar que el polvo y los residuos se acumulen en el agua.<\/p>\n<p>Dimensiones: 1,96 m x 66 cm. Tama\u00f1o ideal para hasta 6 adultos.<br \/>\nLos AirJets se liberan de aire caliente en el agua, rode\u00e1ndote de un calmante masaje de burbujas.<br \/>\nEl material DuraPlus\u2122 ha sido sometido a pruebas de tensi\u00f3n para que sea un 33% m\u00e1s resistente a los desgarros y un 56% m\u00e1s resistente al estiramiento que el PVC tradicional.<br \/>\nLa funci\u00f3n de calentamiento autom\u00e1tico Freeze Shield\u2122 protege la bomba y el revestimiento de los da\u00f1os causados por el fr\u00edo.<br \/>\nEl temporizador de ahorro de energ\u00eda te permite controlar la temperatura de tu spa con hasta 40 d\u00edas de antelaci\u00f3n y la luz LED multicolor enchufable por control remoto brilla a trav\u00e9s del revestimiento semitransparente para iluminar el agua.<br \/>\nIncluye 4 almohadas ajustables para un m\u00e1ximo confort.<br \/>\nSistema de filtraci\u00f3n de agua integrado Dispensador ChemConnect\u2122 para ofrecer un nivel de cloro estable y distribuido de manera uniforme.<br \/>\nCapacidad de agua (80 %): 908 L.<br \/>\nBajo consumo energ\u00e9tico gracias a la tecnolog\u00eda Freeze Shield y a su sistema de calefacci\u00f3n controlado por temporizador. Adem\u00e1s, el calor se conserva mucho tiempo gracias al cobertor incluido.<br \/>\nContenido: 1 ba\u00f1era de hidromasaje, 1 cubierta, 1 bomba, 1 cartucho de filtro (VI), 1 dispensador ChemConnect, 1 tira de luz LED, 4 almohadas, 1 parche de reparaci\u00f3n.<\/p>\n","protected":false},"excerpt":{"rendered":"<p>JACUZZI SPA INFLABLE 908LTS El Lay-Z-Spa\u00ae Hollywood AirJet\u2122 proporciona una experiencia de masaje relajante para hasta 6 personas, a la vez que es r\u00e1pido y sencillo de montar. Este spa<\/p>\n","protected":false},"featured_media":38399,"comment_status":"open","ping_status":"closed","template":"","meta":{"_acf_changed":false,"_joinchat":[]},"product_cat":[290,97],"product_tag":[],"class_list":{"0":"post-37630","1":"product","2":"type-product","3":"status-publish","4":"has-post-thumbnail","6":"product_cat-jardin-exterior","7":"product_cat-jacuzzi","8":"product_shipping_class-flex","10":"first","11":"outofstock","12":"taxable","13":"shipping-taxable","14":"purchasable","15":"product-type-simple"},"acf":[],"aioseo_notices":[],"jetpack_sharing_enabled":true,"_links":{"self":[{"href":"https:\/\/www.lgamoblamientos.com\/nv\/wp-json\/wp\/v2\/product\/37630","targetHints":{"allow":["GET"]}}],"collection":[{"href":"https:\/\/www.lgamoblamientos.com\/nv\/wp-json\/wp\/v2\/product"}],"about":[{"href":"https:\/\/www.lgamoblamientos.com\/nv\/wp-json\/wp\/v2\/types\/product"}],"replies":[{"embeddable":true,"href":"https:\/\/www.lgamoblamientos.com\/nv\/wp-json\/wp\/v2\/comments?post=37630"}],"wp:featuredmedia":[{"embeddable":true,"href":"https:\/\/www.lgamoblamientos.com\/nv\/wp-json\/wp\/v2\/media\/38399"}],"wp:attachment":[{"href":"https:\/\/www.lgamoblamientos.com\/nv\/wp-json\/wp\/v2\/media?parent=37630"}],"wp:term":[{"taxonomy":"product_cat","embeddable":true,"href":"https:\/\/www.lgamoblamientos.com\/nv\/wp-json\/wp\/v2\/product_cat?post=37630"},{"taxonomy":"product_tag","embeddable":true,"href":"https:\/\/www.lgamoblamientos.com\/nv\/wp-json\/wp\/v2\/product_tag?post=37630"}],"curies":[{"name":"wp","href":"https:\/\/api.w.org\/{rel}","templated":true}]}}