{"id":37635,"date":"2023-10-06T17:08:45","date_gmt":"2023-10-06T20:08:45","guid":{"rendered":"https:\/\/www.lgamoblamientos.com\/nv\/?post_type=product&#038;p=37635"},"modified":"2026-04-18T13:21:05","modified_gmt":"2026-04-18T16:21:05","slug":"promo-filtro-cartucho-para-bomba-jacuzzi-vi-bestwayx-2","status":"publish","type":"product","link":"https:\/\/www.lgamoblamientos.com\/nv\/product\/promo-filtro-cartucho-para-bomba-jacuzzi-vi-bestwayx-2\/","title":{"rendered":"Promo Filtro Cartucho Para Bomba Jacuzzi VI Bestwayx 2"},"content":{"rendered":"<p>FILTRO VI PARA BOMBA DE FILTRADO BESTWAY<\/p>\n<p>El reemplazo del cartucho de filtro tipo VI premium es compatible con bombas para ba\u00f1eras de hidromasaje SaluSpa<br \/>\nEl dise\u00f1o f\u00e1cil de limpiar permite que estos filtros duren m\u00e1s que otros reemplazos, eliminando compras frecuentes<br \/>\nCartucho de repuesto para ba\u00f1eras de hidromasaje SaluSpa te ayuda a mantener el agua de tu spa limpia e impecable<br \/>\nEnvuelto retr\u00e1ctil con tarjeta de inserci\u00f3n; incluye 2 cartuchos de filtro<br \/>\n(L x W x H): 4.2 x 4.2 x 3.1 pulgadas<\/p>\n","protected":false},"excerpt":{"rendered":"<p>FILTRO VI PARA BOMBA DE FILTRADO BESTWAY El reemplazo del cartucho de filtro tipo VI premium es compatible con bombas para ba\u00f1eras de hidromasaje SaluSpa El dise\u00f1o f\u00e1cil de limpiar<\/p>\n","protected":false},"featured_media":37636,"comment_status":"open","ping_status":"closed","template":"","meta":{"_acf_changed":false,"_joinchat":[]},"product_cat":[290,95],"product_tag":[1211],"class_list":{"0":"post-37635","1":"product","2":"type-product","3":"status-publish","4":"has-post-thumbnail","6":"product_cat-jardin-exterior","7":"product_cat-accesorios-de-piscina","8":"product_tag-ciberlunes","9":"product_shipping_class-flex","11":"first","12":"instock","13":"sale","14":"taxable","15":"shipping-taxable","16":"purchasable","17":"product-type-simple"},"acf":[],"aioseo_notices":[],"jetpack_sharing_enabled":true,"_links":{"self":[{"href":"https:\/\/www.lgamoblamientos.com\/nv\/wp-json\/wp\/v2\/product\/37635","targetHints":{"allow":["GET"]}}],"collection":[{"href":"https:\/\/www.lgamoblamientos.com\/nv\/wp-json\/wp\/v2\/product"}],"about":[{"href":"https:\/\/www.lgamoblamientos.com\/nv\/wp-json\/wp\/v2\/types\/product"}],"replies":[{"embeddable":true,"href":"https:\/\/www.lgamoblamientos.com\/nv\/wp-json\/wp\/v2\/comments?post=37635"}],"wp:featuredmedia":[{"embeddable":true,"href":"https:\/\/www.lgamoblamientos.com\/nv\/wp-json\/wp\/v2\/media\/37636"}],"wp:attachment":[{"href":"https:\/\/www.lgamoblamientos.com\/nv\/wp-json\/wp\/v2\/media?parent=37635"}],"wp:term":[{"taxonomy":"product_cat","embeddable":true,"href":"https:\/\/www.lgamoblamientos.com\/nv\/wp-json\/wp\/v2\/product_cat?post=37635"},{"taxonomy":"product_tag","embeddable":true,"href":"https:\/\/www.lgamoblamientos.com\/nv\/wp-json\/wp\/v2\/product_tag?post=37635"}],"curies":[{"name":"wp","href":"https:\/\/api.w.org\/{rel}","templated":true}]}}