{"id":38256,"date":"2023-11-20T10:51:29","date_gmt":"2023-11-20T13:51:29","guid":{"rendered":"https:\/\/www.lgamoblamientos.com\/nv\/?post_type=product&#038;p=38256"},"modified":"2026-05-11T07:12:10","modified_gmt":"2026-05-11T10:12:10","slug":"organizador-multiuso-alacena-de-hierro-2-estantes","status":"publish","type":"product","link":"https:\/\/www.lgamoblamientos.com\/nv\/product\/organizador-multiuso-alacena-de-hierro-2-estantes\/","title":{"rendered":"Organizador Multiuso Alacena De Hierro 2 Estantes"},"content":{"rendered":"<p>ORGANIZADOR DE COCINA 2 NIVELES<\/p>\n<p>Con este moderno organizador podr\u00e1s tener la cocina ordenada. Realizado en metal, cuenta con 2 estantes. Permite el almacenamiento, clasificaci\u00f3n u organizaci\u00f3n de art\u00edculos de diferentes tama\u00f1os para mejorar la versatilidad. Puede colocar y quitar elementos m\u00e1s f\u00e1cilmente; El montaje sencillo se puede completar en unos pocos minutos y se puede desmontar f\u00e1cilmente para la limpieza diaria;<br \/>\n\u2022 Medida: Altura 40 cm x Prof 19,5 cm x Ancho 32cm.<br \/>\n\u2022 Organizador de cocina<br \/>\n\u2022 2 niveles<br \/>\n\u2022 Material: Hierro<br \/>\n\u2022 Color: Negro Marmol<\/p>\n","protected":false},"excerpt":{"rendered":"<p>ORGANIZADOR DE COCINA 2 NIVELES Con este moderno organizador podr\u00e1s tener la cocina ordenada. Realizado en metal, cuenta con 2 estantes. Permite el almacenamiento, clasificaci\u00f3n u organizaci\u00f3n de art\u00edculos de<\/p>\n","protected":false},"featured_media":38258,"comment_status":"open","ping_status":"closed","template":"","meta":{"_acf_changed":false,"_joinchat":[]},"product_cat":[883],"product_tag":[1219],"class_list":{"0":"post-38256","1":"product","2":"type-product","3":"status-publish","4":"has-post-thumbnail","6":"product_cat-decoracion-organizacion","7":"product_tag-cyber-fest-26","8":"product_shipping_class-flex","10":"first","11":"instock","12":"sale","13":"taxable","14":"shipping-taxable","15":"purchasable","16":"product-type-simple"},"acf":[],"aioseo_notices":[],"jetpack_sharing_enabled":true,"_links":{"self":[{"href":"https:\/\/www.lgamoblamientos.com\/nv\/wp-json\/wp\/v2\/product\/38256","targetHints":{"allow":["GET"]}}],"collection":[{"href":"https:\/\/www.lgamoblamientos.com\/nv\/wp-json\/wp\/v2\/product"}],"about":[{"href":"https:\/\/www.lgamoblamientos.com\/nv\/wp-json\/wp\/v2\/types\/product"}],"replies":[{"embeddable":true,"href":"https:\/\/www.lgamoblamientos.com\/nv\/wp-json\/wp\/v2\/comments?post=38256"}],"wp:featuredmedia":[{"embeddable":true,"href":"https:\/\/www.lgamoblamientos.com\/nv\/wp-json\/wp\/v2\/media\/38258"}],"wp:attachment":[{"href":"https:\/\/www.lgamoblamientos.com\/nv\/wp-json\/wp\/v2\/media?parent=38256"}],"wp:term":[{"taxonomy":"product_cat","embeddable":true,"href":"https:\/\/www.lgamoblamientos.com\/nv\/wp-json\/wp\/v2\/product_cat?post=38256"},{"taxonomy":"product_tag","embeddable":true,"href":"https:\/\/www.lgamoblamientos.com\/nv\/wp-json\/wp\/v2\/product_tag?post=38256"}],"curies":[{"name":"wp","href":"https:\/\/api.w.org\/{rel}","templated":true}]}}