{"id":38285,"date":"2023-11-20T12:11:02","date_gmt":"2023-11-20T15:11:02","guid":{"rendered":"https:\/\/www.lgamoblamientos.com\/nv\/?post_type=product&#038;p=38285"},"modified":"2026-03-02T08:34:40","modified_gmt":"2026-03-02T11:34:40","slug":"dispensador-triple-de-cereales-alimentos","status":"publish","type":"product","link":"https:\/\/www.lgamoblamientos.com\/nv\/product\/dispensador-triple-de-cereales-alimentos\/","title":{"rendered":"Dispensador Triple De Cereales Alimentos"},"content":{"rendered":"<p>DISPENSADOR TRIPLE DE CEREALES ALIMENTOS<\/p>\n<p>Material: ABS y Pl\u00e1stico<br \/>\nMedidas: Ancho 30,5 cm x Altura 33,5 cm x Prof 15,5 cm<br \/>\nColores: BLANCO\/AZUL<br \/>\nSeguro y de alta calidad: hecho de materiales de alta calidad de grado alimenticio. No tendr\u00e1s que preocuparte por la salud de tu familia.<br \/>\nF\u00e1cil de usar: dise\u00f1o visual transparente, f\u00e1cil de comprobar la cantidad restante en cualquier momento. Y es muy conveniente sacar el grano presionando el bot\u00f3n y poner el grano en el tanque desde la parte superior de la caja.<br \/>\nGran dise\u00f1o: Divisi\u00f3n desmontable movible, combinaci\u00f3n libre de rejillas, el cuerpo del barril est\u00e1 equipado con 2 particiones, que se pueden separar seg\u00fan los requisitos. Una tecla de prensa sin dejar arroz viejo.<br \/>\nAplicaci\u00f3n: mant\u00e9n tu comida seca y fresca. Puede hacer que tu cocina est\u00e9 ordenada. Tendr\u00e1s buen humor para hacer cocineros todos los d\u00edas<br \/>\nDise\u00f1o de doble prop\u00f3sito: se puede colocar en la mesa o colgar en la pared, lo que es pr\u00e1ctico y ahorra espacio.<br \/>\nAdecuado para cereales, arroz, frijoles rojos, soja y otros granos granulares peque\u00f1os.<\/p>\n","protected":false},"excerpt":{"rendered":"<p>DISPENSADOR TRIPLE DE CEREALES ALIMENTOS Material: ABS y Pl\u00e1stico Medidas: Ancho 30,5 cm x Altura 33,5 cm x Prof 15,5 cm Colores: BLANCO\/AZUL Seguro y de alta calidad: hecho de<\/p>\n","protected":false},"featured_media":38286,"comment_status":"open","ping_status":"closed","template":"","meta":{"_acf_changed":false,"_joinchat":[]},"product_cat":[883],"product_tag":[1219],"class_list":{"0":"post-38285","1":"product","2":"type-product","3":"status-publish","4":"has-post-thumbnail","6":"product_cat-decoracion-organizacion","7":"product_tag-cyber-fest-26","8":"product_shipping_class-flex","10":"first","11":"instock","12":"sale","13":"taxable","14":"shipping-taxable","15":"purchasable","16":"product-type-simple"},"acf":[],"aioseo_notices":[],"jetpack_sharing_enabled":true,"_links":{"self":[{"href":"https:\/\/www.lgamoblamientos.com\/nv\/wp-json\/wp\/v2\/product\/38285","targetHints":{"allow":["GET"]}}],"collection":[{"href":"https:\/\/www.lgamoblamientos.com\/nv\/wp-json\/wp\/v2\/product"}],"about":[{"href":"https:\/\/www.lgamoblamientos.com\/nv\/wp-json\/wp\/v2\/types\/product"}],"replies":[{"embeddable":true,"href":"https:\/\/www.lgamoblamientos.com\/nv\/wp-json\/wp\/v2\/comments?post=38285"}],"wp:featuredmedia":[{"embeddable":true,"href":"https:\/\/www.lgamoblamientos.com\/nv\/wp-json\/wp\/v2\/media\/38286"}],"wp:attachment":[{"href":"https:\/\/www.lgamoblamientos.com\/nv\/wp-json\/wp\/v2\/media?parent=38285"}],"wp:term":[{"taxonomy":"product_cat","embeddable":true,"href":"https:\/\/www.lgamoblamientos.com\/nv\/wp-json\/wp\/v2\/product_cat?post=38285"},{"taxonomy":"product_tag","embeddable":true,"href":"https:\/\/www.lgamoblamientos.com\/nv\/wp-json\/wp\/v2\/product_tag?post=38285"}],"curies":[{"name":"wp","href":"https:\/\/api.w.org\/{rel}","templated":true}]}}