{"id":38310,"date":"2023-11-20T14:21:57","date_gmt":"2023-11-20T17:21:57","guid":{"rendered":"https:\/\/www.lgamoblamientos.com\/nv\/?post_type=product&#038;p=38310"},"modified":"2026-03-12T16:00:07","modified_gmt":"2026-03-12T19:00:07","slug":"carrito-organizador-multiuso-metal-4-estantes-c-ruedas-2","status":"publish","type":"product","link":"https:\/\/www.lgamoblamientos.com\/nv\/product\/carrito-organizador-multiuso-metal-4-estantes-c-ruedas-2\/","title":{"rendered":"Carrito Organizador Multiuso Metal 4 Estantes C\/ruedas"},"content":{"rendered":"<p>CARRITO ORGANIZADOR 4 NIVELES<\/p>\n<p>El carrito de pl\u00e1stico y acero inox de 4 niveles es muy pr\u00e1ctico en la mayor\u00eda de los entornos. Se puede utilizar en espacios reducidos de tu hogar para almacenamiento. Adecuado para armarios, cocinas, ba\u00f1os, garajes, lavander\u00edas, oficinas o entre tu lavadora y secadora. F\u00e1cil de montar sin herramientas.<\/p>\n<p>\u2022 Medida: Altura 89 cm x Prof 12,5 cm x Ancho 40 cm.<br \/>\n\u2022 Organizador de cocina<br \/>\n\u2022 4 niveles<br \/>\n\u2022 4 Ruedas<br \/>\n\u2022 Material: Pl\u00e1stico y Acero Inox<br \/>\n\u2022 Color: BLANCO<\/p>\n","protected":false},"excerpt":{"rendered":"<p>CARRITO ORGANIZADOR 4 NIVELES El carrito de pl\u00e1stico y acero inox de 4 niveles es muy pr\u00e1ctico en la mayor\u00eda de los entornos. Se puede utilizar en espacios reducidos de<\/p>\n","protected":false},"featured_media":38316,"comment_status":"open","ping_status":"closed","template":"","meta":{"_acf_changed":false,"_joinchat":[]},"product_cat":[883],"product_tag":[1219],"class_list":{"0":"post-38310","1":"product","2":"type-product","3":"status-publish","4":"has-post-thumbnail","6":"product_cat-decoracion-organizacion","7":"product_tag-cyber-fest-26","8":"product_shipping_class-flex","10":"first","11":"outofstock","12":"taxable","13":"shipping-taxable","14":"product-type-simple"},"acf":[],"aioseo_notices":[],"jetpack_sharing_enabled":true,"_links":{"self":[{"href":"https:\/\/www.lgamoblamientos.com\/nv\/wp-json\/wp\/v2\/product\/38310","targetHints":{"allow":["GET"]}}],"collection":[{"href":"https:\/\/www.lgamoblamientos.com\/nv\/wp-json\/wp\/v2\/product"}],"about":[{"href":"https:\/\/www.lgamoblamientos.com\/nv\/wp-json\/wp\/v2\/types\/product"}],"replies":[{"embeddable":true,"href":"https:\/\/www.lgamoblamientos.com\/nv\/wp-json\/wp\/v2\/comments?post=38310"}],"wp:featuredmedia":[{"embeddable":true,"href":"https:\/\/www.lgamoblamientos.com\/nv\/wp-json\/wp\/v2\/media\/38316"}],"wp:attachment":[{"href":"https:\/\/www.lgamoblamientos.com\/nv\/wp-json\/wp\/v2\/media?parent=38310"}],"wp:term":[{"taxonomy":"product_cat","embeddable":true,"href":"https:\/\/www.lgamoblamientos.com\/nv\/wp-json\/wp\/v2\/product_cat?post=38310"},{"taxonomy":"product_tag","embeddable":true,"href":"https:\/\/www.lgamoblamientos.com\/nv\/wp-json\/wp\/v2\/product_tag?post=38310"}],"curies":[{"name":"wp","href":"https:\/\/api.w.org\/{rel}","templated":true}]}}