{"id":38318,"date":"2023-11-20T14:33:19","date_gmt":"2023-11-20T17:33:19","guid":{"rendered":"https:\/\/www.lgamoblamientos.com\/nv\/?post_type=product&#038;p=38318"},"modified":"2026-04-09T13:51:06","modified_gmt":"2026-04-09T16:51:06","slug":"estante-organizador-de-alacena-bano-multiuso","status":"publish","type":"product","link":"https:\/\/www.lgamoblamientos.com\/nv\/product\/estante-organizador-de-alacena-bano-multiuso\/","title":{"rendered":"Estante Organizador De Alacena Ba\u00f1o Multiuso"},"content":{"rendered":"<p>ESTANTE ORGANIZADOR MULTIUSO<\/p>\n<p>Con este moderno organizador podr\u00e1s tener la cocina, ba\u00f1o u cualquier superficie ordenada. Realizado en hierro, cuenta con 2 estantes. Permite el almacenamiento, clasificaci\u00f3n u organizaci\u00f3n de art\u00edculos de diferentes tama\u00f1os para mejorar la versatilidad. Puede colocar y quitar elementos m\u00e1s f\u00e1cilmente; El montaje sencillo se puede completar en unos pocos minutos y se puede desmontar f\u00e1cilmente para la limpieza diaria;<br \/>\n\u2022 Medida: Altura 23 cm x Prof 26 cm x Ancho 26cm.<br \/>\n\u2022 Organizador multiuso<br \/>\n\u2022 3 niveles<br \/>\n\u2022 Material: Hierro<br \/>\n\u2022 Color: NEGRO | BLANCO<\/p>\n","protected":false},"excerpt":{"rendered":"<p>ESTANTE ORGANIZADOR MULTIUSO Con este moderno organizador podr\u00e1s tener la cocina, ba\u00f1o u cualquier superficie ordenada. Realizado en hierro, cuenta con 2 estantes. Permite el almacenamiento, clasificaci\u00f3n u organizaci\u00f3n de<\/p>\n","protected":false},"featured_media":38325,"comment_status":"open","ping_status":"closed","template":"","meta":{"_acf_changed":false,"_joinchat":[]},"product_cat":[883],"product_tag":[1219],"class_list":{"0":"post-38318","1":"product","2":"type-product","3":"status-publish","4":"has-post-thumbnail","6":"product_cat-decoracion-organizacion","7":"product_tag-cyber-fest-26","8":"product_shipping_class-flex","10":"first","11":"instock","12":"sale","13":"taxable","14":"shipping-taxable","15":"purchasable","16":"product-type-variable"},"acf":[],"aioseo_notices":[],"jetpack_sharing_enabled":true,"_links":{"self":[{"href":"https:\/\/www.lgamoblamientos.com\/nv\/wp-json\/wp\/v2\/product\/38318","targetHints":{"allow":["GET"]}}],"collection":[{"href":"https:\/\/www.lgamoblamientos.com\/nv\/wp-json\/wp\/v2\/product"}],"about":[{"href":"https:\/\/www.lgamoblamientos.com\/nv\/wp-json\/wp\/v2\/types\/product"}],"replies":[{"embeddable":true,"href":"https:\/\/www.lgamoblamientos.com\/nv\/wp-json\/wp\/v2\/comments?post=38318"}],"wp:featuredmedia":[{"embeddable":true,"href":"https:\/\/www.lgamoblamientos.com\/nv\/wp-json\/wp\/v2\/media\/38325"}],"wp:attachment":[{"href":"https:\/\/www.lgamoblamientos.com\/nv\/wp-json\/wp\/v2\/media?parent=38318"}],"wp:term":[{"taxonomy":"product_cat","embeddable":true,"href":"https:\/\/www.lgamoblamientos.com\/nv\/wp-json\/wp\/v2\/product_cat?post=38318"},{"taxonomy":"product_tag","embeddable":true,"href":"https:\/\/www.lgamoblamientos.com\/nv\/wp-json\/wp\/v2\/product_tag?post=38318"}],"curies":[{"name":"wp","href":"https:\/\/api.w.org\/{rel}","templated":true}]}}