{"id":38382,"date":"2023-11-21T10:22:08","date_gmt":"2023-11-21T13:22:08","guid":{"rendered":"https:\/\/www.lgamoblamientos.com\/nv\/?post_type=product&#038;p=38382"},"modified":"2026-03-31T21:27:05","modified_gmt":"2026-04-01T00:27:05","slug":"dispensador-de-papel-de-cocina-3-en-1","status":"publish","type":"product","link":"https:\/\/www.lgamoblamientos.com\/nv\/product\/dispensador-de-papel-de-cocina-3-en-1\/","title":{"rendered":"Dispensador De Papel De Cocina 3 En 1"},"content":{"rendered":"<p>DISPENSADOR DE PAPEL DE COCINA<\/p>\n<p>Medidas: 38 x 18 cm<br \/>\nColor BLANCO<br \/>\nHecho de pl\u00e1stico ABS.<br \/>\nCuenta con 3 dispensadores.<br \/>\nDispensador para envoltura de pl\u00e1stico.<br \/>\nDispensador de papel aluminio.<br \/>\nParte superior puede ocuparse como especiero<br \/>\nDispensador de anillo tradicional para papel normal.<\/p>\n<p>Pr\u00e1ctico y multifuncional es este organizador 3 en 1, que est\u00e1 dise\u00f1ado para colocar el papel aluminio, papel de cocina y papel film juntos, con el fin de hacer tus momentos en la cocina m\u00e1s r\u00e1pidos y pr\u00e1cticos<\/p>\n","protected":false},"excerpt":{"rendered":"<p>DISPENSADOR DE PAPEL DE COCINA Medidas: 38 x 18 cm Color BLANCO Hecho de pl\u00e1stico ABS. Cuenta con 3 dispensadores. Dispensador para envoltura de pl\u00e1stico. Dispensador de papel aluminio. Parte<\/p>\n","protected":false},"featured_media":38384,"comment_status":"open","ping_status":"closed","template":"","meta":{"_acf_changed":false,"_joinchat":[]},"product_cat":[883],"product_tag":[1219],"class_list":{"0":"post-38382","1":"product","2":"type-product","3":"status-publish","4":"has-post-thumbnail","6":"product_cat-decoracion-organizacion","7":"product_tag-cyber-fest-26","8":"product_shipping_class-flex","10":"first","11":"instock","12":"sale","13":"taxable","14":"shipping-taxable","15":"purchasable","16":"product-type-simple"},"acf":[],"aioseo_notices":[],"jetpack_sharing_enabled":true,"_links":{"self":[{"href":"https:\/\/www.lgamoblamientos.com\/nv\/wp-json\/wp\/v2\/product\/38382","targetHints":{"allow":["GET"]}}],"collection":[{"href":"https:\/\/www.lgamoblamientos.com\/nv\/wp-json\/wp\/v2\/product"}],"about":[{"href":"https:\/\/www.lgamoblamientos.com\/nv\/wp-json\/wp\/v2\/types\/product"}],"replies":[{"embeddable":true,"href":"https:\/\/www.lgamoblamientos.com\/nv\/wp-json\/wp\/v2\/comments?post=38382"}],"wp:featuredmedia":[{"embeddable":true,"href":"https:\/\/www.lgamoblamientos.com\/nv\/wp-json\/wp\/v2\/media\/38384"}],"wp:attachment":[{"href":"https:\/\/www.lgamoblamientos.com\/nv\/wp-json\/wp\/v2\/media?parent=38382"}],"wp:term":[{"taxonomy":"product_cat","embeddable":true,"href":"https:\/\/www.lgamoblamientos.com\/nv\/wp-json\/wp\/v2\/product_cat?post=38382"},{"taxonomy":"product_tag","embeddable":true,"href":"https:\/\/www.lgamoblamientos.com\/nv\/wp-json\/wp\/v2\/product_tag?post=38382"}],"curies":[{"name":"wp","href":"https:\/\/api.w.org\/{rel}","templated":true}]}}