{"id":39652,"date":"2024-02-09T14:09:15","date_gmt":"2024-02-09T17:09:15","guid":{"rendered":"https:\/\/www.lgamoblamientos.com\/nv\/?post_type=product&#038;p=39652"},"modified":"2025-09-29T00:00:09","modified_gmt":"2025-09-29T03:00:09","slug":"poltrona-sillon-recliner-1-cuerpo-sofa-reclinable-eco-cuero","status":"publish","type":"product","link":"https:\/\/www.lgamoblamientos.com\/nv\/product\/poltrona-sillon-recliner-1-cuerpo-sofa-reclinable-eco-cuero\/","title":{"rendered":"Poltrona Sillon Recliner 1 Cuerpo Sofa Reclinable Eco Cuero"},"content":{"rendered":"<p>POLTRONA SOF\u00c1 RECLINABLE 1 CUERPO<\/p>\n<p>\u2022 Medidas: Ancho 0,98 m x Prof 0,97 m x Altura 1,01 m<br \/>\n\u2022 Colores: Negro (Mate) \/ Marr\u00f3n (Mate)<br \/>\n\u2022 Apertura Push Back<br \/>\n\u2022 Tapizado en cuero sint\u00e9tico<br \/>\n\u2022 Relleno en espuma y fibra siliconada.<br \/>\n\u2022 Respaldo y pies reclinables, se mueven en forma independiente (el cuerpo central no se reclina)<br \/>\n\u2022 Dise\u00f1o contempor\u00e1neo para un m\u00e1ximo estilo y confort.<\/p>\n","protected":false},"excerpt":{"rendered":"<p>POLTRONA SOF\u00c1 RECLINABLE 1 CUERPO \u2022 Medidas: Ancho 0,98 m x Prof 0,97 m x Altura 1,01 m \u2022 Colores: Negro (Mate) \/ Marr\u00f3n (Mate) \u2022 Apertura Push Back \u2022<\/p>\n","protected":false},"featured_media":39654,"comment_status":"open","ping_status":"closed","template":"","meta":{"_acf_changed":false,"_joinchat":[]},"product_cat":[1000,1002,90],"product_tag":[],"class_list":{"0":"post-39652","1":"product","2":"type-product","3":"status-publish","4":"has-post-thumbnail","6":"product_cat-comedor-living","7":"product_cat-comfort","8":"product_cat-sillones-mesas-ratonas","10":"first","11":"outofstock","12":"taxable","13":"shipping-taxable","14":"purchasable","15":"product-type-simple"},"acf":[],"aioseo_notices":[],"jetpack_sharing_enabled":true,"_links":{"self":[{"href":"https:\/\/www.lgamoblamientos.com\/nv\/wp-json\/wp\/v2\/product\/39652","targetHints":{"allow":["GET"]}}],"collection":[{"href":"https:\/\/www.lgamoblamientos.com\/nv\/wp-json\/wp\/v2\/product"}],"about":[{"href":"https:\/\/www.lgamoblamientos.com\/nv\/wp-json\/wp\/v2\/types\/product"}],"replies":[{"embeddable":true,"href":"https:\/\/www.lgamoblamientos.com\/nv\/wp-json\/wp\/v2\/comments?post=39652"}],"wp:featuredmedia":[{"embeddable":true,"href":"https:\/\/www.lgamoblamientos.com\/nv\/wp-json\/wp\/v2\/media\/39654"}],"wp:attachment":[{"href":"https:\/\/www.lgamoblamientos.com\/nv\/wp-json\/wp\/v2\/media?parent=39652"}],"wp:term":[{"taxonomy":"product_cat","embeddable":true,"href":"https:\/\/www.lgamoblamientos.com\/nv\/wp-json\/wp\/v2\/product_cat?post=39652"},{"taxonomy":"product_tag","embeddable":true,"href":"https:\/\/www.lgamoblamientos.com\/nv\/wp-json\/wp\/v2\/product_tag?post=39652"}],"curies":[{"name":"wp","href":"https:\/\/api.w.org\/{rel}","templated":true}]}}