{"id":40458,"date":"2024-03-19T10:54:31","date_gmt":"2024-03-19T13:54:31","guid":{"rendered":"https:\/\/www.lgamoblamientos.com\/nv\/?post_type=product&#038;p=40458"},"modified":"2026-01-14T08:46:39","modified_gmt":"2026-01-14T11:46:39","slug":"juego-de-24-cubiertos-dorados-acero-inoxidable","status":"publish","type":"product","link":"https:\/\/www.lgamoblamientos.com\/nv\/product\/juego-de-24-cubiertos-dorados-acero-inoxidable\/","title":{"rendered":"Juego De 24 Cubiertos Dorados Acero Inoxidable"},"content":{"rendered":"<p>JUEGO DE 24 CUBIERTOS DORADOS ACERO INOX<\/p>\n<p>Incluye:<br \/>\n6 Tenedores De Mesa<br \/>\n6 Cuchillos De Mesa<br \/>\n6 Cucharas De Mesa<br \/>\n6 Cucharas De Postre<\/p>\n<p>Material: hecho de acero inoxidable<br \/>\nApto para lavavajillas<br \/>\nEl dise\u00f1o elegante y la calidad superior hacen que este juego de cubiertos sea adecuado para cocinas, restaurantes, eventos y comidas diarias.<\/p>\n<p>CONVENIENTE Y SEGURO: La curva del cuerpo es de dise\u00f1o ergon\u00f3mico, cada detalle de los cubiertos ha sido cuidadosamente pulido, dise\u00f1ado y producido delicadamente. Podr\u00edan usarse para comer todo tipo de alimentos, penetrar alimentos sin esfuerzo. No solo es adecuado para ti, sino tambi\u00e9n para tus hijos.<\/p>\n<p>Multiusos: apto para lavavajillas y de larga duraci\u00f3n bajo el cuidado adecuado, perfecto para uso diario en el hogar, restaurante, hotel, adecuado para bodas, viajes, camping, fiesta, barbacoa, catering, tambi\u00e9n como un regalo decente.<\/p>\n","protected":false},"excerpt":{"rendered":"[embed]https:\/\/www.youtube.com\/shorts\/jJ0NX8hxv_4[\/embed]\n","protected":false},"featured_media":40460,"comment_status":"open","ping_status":"closed","template":"","meta":{"_acf_changed":false,"_joinchat":[]},"product_cat":[65],"product_tag":[1219],"class_list":{"0":"post-40458","1":"product","2":"type-product","3":"status-publish","4":"has-post-thumbnail","6":"product_cat-bazar","7":"product_tag-cyber-fest-26","8":"product_shipping_class-flex","10":"first","11":"instock","12":"sale","13":"taxable","14":"shipping-taxable","15":"purchasable","16":"product-type-simple"},"acf":[],"aioseo_notices":[],"jetpack_sharing_enabled":true,"_links":{"self":[{"href":"https:\/\/www.lgamoblamientos.com\/nv\/wp-json\/wp\/v2\/product\/40458","targetHints":{"allow":["GET"]}}],"collection":[{"href":"https:\/\/www.lgamoblamientos.com\/nv\/wp-json\/wp\/v2\/product"}],"about":[{"href":"https:\/\/www.lgamoblamientos.com\/nv\/wp-json\/wp\/v2\/types\/product"}],"replies":[{"embeddable":true,"href":"https:\/\/www.lgamoblamientos.com\/nv\/wp-json\/wp\/v2\/comments?post=40458"}],"wp:featuredmedia":[{"embeddable":true,"href":"https:\/\/www.lgamoblamientos.com\/nv\/wp-json\/wp\/v2\/media\/40460"}],"wp:attachment":[{"href":"https:\/\/www.lgamoblamientos.com\/nv\/wp-json\/wp\/v2\/media?parent=40458"}],"wp:term":[{"taxonomy":"product_cat","embeddable":true,"href":"https:\/\/www.lgamoblamientos.com\/nv\/wp-json\/wp\/v2\/product_cat?post=40458"},{"taxonomy":"product_tag","embeddable":true,"href":"https:\/\/www.lgamoblamientos.com\/nv\/wp-json\/wp\/v2\/product_tag?post=40458"}],"curies":[{"name":"wp","href":"https:\/\/api.w.org\/{rel}","templated":true}]}}