{"id":40483,"date":"2024-03-19T12:09:39","date_gmt":"2024-03-19T15:09:39","guid":{"rendered":"https:\/\/www.lgamoblamientos.com\/nv\/?post_type=product&#038;p=40483"},"modified":"2026-03-26T14:02:09","modified_gmt":"2026-03-26T17:02:09","slug":"organizador-de-cosmeticos-multifuncion-acrilico","status":"publish","type":"product","link":"https:\/\/www.lgamoblamientos.com\/nv\/product\/organizador-de-cosmeticos-multifuncion-acrilico\/","title":{"rendered":"Organizador De Cosm\u00e9ticos Multifunci\u00f3n Acr\u00edlico"},"content":{"rendered":"<p>ORGANIZADOR ACRILICO 6 COMPARTIMIENTOS<\/p>\n<p>6 Divisiones<br \/>\nMaterial Acr\u00edlico<br \/>\nMEDIDAS: Largo 19 Cm x Altura 7.,6 Cm x Prof 12 Cm<\/p>\n<p>Este organizador de maquillaje y organizador de cosm\u00e9ticos se muestra elegantemente en el tocador de su ba\u00f1o. Tama\u00f1o perfecto para organizar delineadores de labios, delineadores, maquillaje, brillos de labios y joyas y otros accesorios. El elegante dise\u00f1o del almacenamiento de maquillaje y almacenamiento de cosm\u00e9ticos de acr\u00edlico cristalino combina con cualquier decoraci\u00f3n.<\/p>\n","protected":false},"excerpt":{"rendered":"<p>ORGANIZADOR ACRILICO 6 COMPARTIMIENTOS 6 Divisiones Material Acr\u00edlico MEDIDAS: Largo 19 Cm x Altura 7.,6 Cm x Prof 12 Cm Este organizador de maquillaje y organizador de cosm\u00e9ticos se muestra<\/p>\n","protected":false},"featured_media":40485,"comment_status":"open","ping_status":"closed","template":"","meta":{"_acf_changed":false,"_joinchat":[]},"product_cat":[883,292,78],"product_tag":[1219],"class_list":{"0":"post-40483","1":"product","2":"type-product","3":"status-publish","4":"has-post-thumbnail","6":"product_cat-decoracion-organizacion","7":"product_cat-bano","8":"product_cat-cuidado-personal","9":"product_tag-cyber-fest-26","10":"product_shipping_class-flex","12":"first","13":"instock","14":"sale","15":"taxable","16":"shipping-taxable","17":"purchasable","18":"product-type-simple"},"acf":[],"aioseo_notices":[],"jetpack_sharing_enabled":true,"_links":{"self":[{"href":"https:\/\/www.lgamoblamientos.com\/nv\/wp-json\/wp\/v2\/product\/40483","targetHints":{"allow":["GET"]}}],"collection":[{"href":"https:\/\/www.lgamoblamientos.com\/nv\/wp-json\/wp\/v2\/product"}],"about":[{"href":"https:\/\/www.lgamoblamientos.com\/nv\/wp-json\/wp\/v2\/types\/product"}],"replies":[{"embeddable":true,"href":"https:\/\/www.lgamoblamientos.com\/nv\/wp-json\/wp\/v2\/comments?post=40483"}],"wp:featuredmedia":[{"embeddable":true,"href":"https:\/\/www.lgamoblamientos.com\/nv\/wp-json\/wp\/v2\/media\/40485"}],"wp:attachment":[{"href":"https:\/\/www.lgamoblamientos.com\/nv\/wp-json\/wp\/v2\/media?parent=40483"}],"wp:term":[{"taxonomy":"product_cat","embeddable":true,"href":"https:\/\/www.lgamoblamientos.com\/nv\/wp-json\/wp\/v2\/product_cat?post=40483"},{"taxonomy":"product_tag","embeddable":true,"href":"https:\/\/www.lgamoblamientos.com\/nv\/wp-json\/wp\/v2\/product_tag?post=40483"}],"curies":[{"name":"wp","href":"https:\/\/api.w.org\/{rel}","templated":true}]}}