{"id":40543,"date":"2024-03-20T12:55:51","date_gmt":"2024-03-20T15:55:51","guid":{"rendered":"https:\/\/www.lgamoblamientos.com\/nv\/?post_type=product&#038;p=40543"},"modified":"2026-03-02T19:45:20","modified_gmt":"2026-03-02T22:45:20","slug":"set-3-frascos-cocina-soporte-bambu","status":"publish","type":"product","link":"https:\/\/www.lgamoblamientos.com\/nv\/product\/set-3-frascos-cocina-soporte-bambu\/","title":{"rendered":"Set 3 Frascos Cocina + Soporte Bambu"},"content":{"rendered":"<p>SET 3 FRASCOS + SOPORTE DE BAMBU<\/p>\n<p>Mant\u00e9n tu despensa ordenada con estos 3 botes con tapa y soporte.<br \/>\nMedida:<br \/>\n1 FRASCO 8\u00d710 cm<br \/>\n1 FRASCO 8\u00d715 cm<br \/>\n1 FRASCO 8\u00d720 cm<br \/>\nComposici\u00f3n: 60% cristal de borosilicato, 37% bamb\u00fa, 3% silicona<\/p>\n<p>Recipiente herm\u00e9tico para cocina: la tapa sellada est\u00e1 equipada con un anillo de sellado de silicona, que desempe\u00f1a una funci\u00f3n de sellado para mantener el contenido fresco.<\/p>\n<p>Multifunci\u00f3n: se puede usar como contenedor de t\u00e9 suelto, contenedor de granos de caf\u00e9, contenedor de caf\u00e9 en polvo, contenedor de almacenamiento de nueces, tarro de dulces y galletas, etc., con buena hermeticidad, puede mantener los alimentos secos frescos por m\u00e1s tiempo, se puede usar como caf\u00e9. recipientes para frijoles, recipientes para t\u00e9 a granel, recipientes para nueces o tarros de dulces y galletas.<\/p>\n","protected":false},"excerpt":{"rendered":"<p>SET 3 FRASCOS + SOPORTE DE BAMBU Mant\u00e9n tu despensa ordenada con estos 3 botes con tapa y soporte. Medida: 1 FRASCO 8\u00d710 cm 1 FRASCO 8\u00d715 cm 1 FRASCO<\/p>\n","protected":false},"featured_media":40547,"comment_status":"open","ping_status":"closed","template":"","meta":{"_acf_changed":false,"_joinchat":[]},"product_cat":[883,65],"product_tag":[1219],"class_list":{"0":"post-40543","1":"product","2":"type-product","3":"status-publish","4":"has-post-thumbnail","6":"product_cat-decoracion-organizacion","7":"product_cat-bazar","8":"product_tag-cyber-fest-26","9":"product_shipping_class-flex","11":"first","12":"instock","13":"sale","14":"taxable","15":"shipping-taxable","16":"purchasable","17":"product-type-simple"},"acf":[],"aioseo_notices":[],"jetpack_sharing_enabled":true,"_links":{"self":[{"href":"https:\/\/www.lgamoblamientos.com\/nv\/wp-json\/wp\/v2\/product\/40543","targetHints":{"allow":["GET"]}}],"collection":[{"href":"https:\/\/www.lgamoblamientos.com\/nv\/wp-json\/wp\/v2\/product"}],"about":[{"href":"https:\/\/www.lgamoblamientos.com\/nv\/wp-json\/wp\/v2\/types\/product"}],"replies":[{"embeddable":true,"href":"https:\/\/www.lgamoblamientos.com\/nv\/wp-json\/wp\/v2\/comments?post=40543"}],"wp:featuredmedia":[{"embeddable":true,"href":"https:\/\/www.lgamoblamientos.com\/nv\/wp-json\/wp\/v2\/media\/40547"}],"wp:attachment":[{"href":"https:\/\/www.lgamoblamientos.com\/nv\/wp-json\/wp\/v2\/media?parent=40543"}],"wp:term":[{"taxonomy":"product_cat","embeddable":true,"href":"https:\/\/www.lgamoblamientos.com\/nv\/wp-json\/wp\/v2\/product_cat?post=40543"},{"taxonomy":"product_tag","embeddable":true,"href":"https:\/\/www.lgamoblamientos.com\/nv\/wp-json\/wp\/v2\/product_tag?post=40543"}],"curies":[{"name":"wp","href":"https:\/\/api.w.org\/{rel}","templated":true}]}}