{"id":40853,"date":"2024-04-10T11:38:33","date_gmt":"2024-04-10T14:38:33","guid":{"rendered":"https:\/\/www.lgamoblamientos.com\/nv\/?post_type=product&#038;p=40853"},"modified":"2026-04-17T10:21:09","modified_gmt":"2026-04-17T13:21:09","slug":"estanteria-biblioteca-multiuso-con-espacio-y-estantes-3","status":"publish","type":"product","link":"https:\/\/www.lgamoblamientos.com\/nv\/product\/estanteria-biblioteca-multiuso-con-espacio-y-estantes-3\/","title":{"rendered":"Estanter\u00eda Biblioteca Multiuso Con Espacio Y Estantes"},"content":{"rendered":"<p>ESTANTERIA BIBLIOTECA 5 ESTANTES<\/p>\n<p>Una estanter\u00eda vers\u00e1til que se puede utilizar de muchas formas y ubicaciones: en la sala de estar, el dormitorio o la oficina. Su moderno dise\u00f1o se adapta a los ambientes, pudiendo servir como librer\u00eda o simplemente albergar piezas de decoraci\u00f3n.<br \/>\nMedidas: Altura: 180 Cm x Ancho: 73 Cm x Profundidad: 37,5 Cm.<br \/>\n5 Estantes<br \/>\nColor: BLANCO\/CASTA\u00d1O | NEGRO\/CASTA\u00d1O<br \/>\nEstructura en MDP 15 mm<br \/>\nPeso: 27 Kg<br \/>\nLimpiar con un pa\u00f1o ligeramente h\u00famedo<\/p>\n","protected":false},"excerpt":{"rendered":"<p>ESTANTERIA BIBLIOTECA 5 ESTANTES Una estanter\u00eda vers\u00e1til que se puede utilizar de muchas formas y ubicaciones: en la sala de estar, el dormitorio o la oficina. Su moderno dise\u00f1o se<\/p>\n","protected":false},"featured_media":40847,"comment_status":"open","ping_status":"closed","template":"","meta":{"_acf_changed":false,"_joinchat":[]},"product_cat":[999,91,650],"product_tag":[1219],"class_list":{"0":"post-40853","1":"product","2":"type-product","3":"status-publish","4":"has-post-thumbnail","6":"product_cat-oficina","7":"product_cat-bibliotecas","8":"product_cat-linea-nordica","9":"product_tag-cyber-fest-26","11":"first","12":"instock","13":"sale","14":"taxable","15":"shipping-taxable","16":"purchasable","17":"product-type-variable"},"acf":[],"aioseo_notices":[],"jetpack_sharing_enabled":true,"_links":{"self":[{"href":"https:\/\/www.lgamoblamientos.com\/nv\/wp-json\/wp\/v2\/product\/40853","targetHints":{"allow":["GET"]}}],"collection":[{"href":"https:\/\/www.lgamoblamientos.com\/nv\/wp-json\/wp\/v2\/product"}],"about":[{"href":"https:\/\/www.lgamoblamientos.com\/nv\/wp-json\/wp\/v2\/types\/product"}],"replies":[{"embeddable":true,"href":"https:\/\/www.lgamoblamientos.com\/nv\/wp-json\/wp\/v2\/comments?post=40853"}],"wp:featuredmedia":[{"embeddable":true,"href":"https:\/\/www.lgamoblamientos.com\/nv\/wp-json\/wp\/v2\/media\/40847"}],"wp:attachment":[{"href":"https:\/\/www.lgamoblamientos.com\/nv\/wp-json\/wp\/v2\/media?parent=40853"}],"wp:term":[{"taxonomy":"product_cat","embeddable":true,"href":"https:\/\/www.lgamoblamientos.com\/nv\/wp-json\/wp\/v2\/product_cat?post=40853"},{"taxonomy":"product_tag","embeddable":true,"href":"https:\/\/www.lgamoblamientos.com\/nv\/wp-json\/wp\/v2\/product_tag?post=40853"}],"curies":[{"name":"wp","href":"https:\/\/api.w.org\/{rel}","templated":true}]}}