{"id":41120,"date":"2024-04-24T09:37:54","date_gmt":"2024-04-24T12:37:54","guid":{"rendered":"https:\/\/www.lgamoblamientos.com\/nv\/?post_type=product&#038;p=41120"},"modified":"2025-03-09T13:15:31","modified_gmt":"2025-03-09T16:15:31","slug":"juego-de-bateria-ollas-11-piezas-tramontina","status":"publish","type":"product","link":"https:\/\/www.lgamoblamientos.com\/nv\/product\/juego-de-bateria-ollas-11-piezas-tramontina\/","title":{"rendered":"Juego De Bater\u00eda Ollas + Sartenes 11 Piezas Tramontina"},"content":{"rendered":"<p>JUEGO DE BATERIA 11 PIEZAS TURIM TRAMONTINA<\/p>\n<p>Contiene:<br \/>\n1 Sart\u00e9n 16 cm<br \/>\n1 Sart\u00e9n 18cm<br \/>\n1 Sart\u00e9n 20cm<br \/>\n1 Sart\u00e9n 24cm<br \/>\n1 Cacerola 18 cm<br \/>\n1 Olla 16 cm<br \/>\n1 Hervidor 16 cm<br \/>\n1 Asadera 34 cm<br \/>\n1 Tortera 26 cm<\/p>\n<p>De aluminio revestido con antiadherente Starflon T1 interno y externo, proporcionan cocci\u00f3n uniforme y son f\u00e1ciles de lavar, porque los alimentos no se pegan.<br \/>\nLa decoraci\u00f3n interna de las piezas representa la delicadeza de los que cocinan.<br \/>\nLos mangos, asas y pomos son antit\u00e9rmicos, permitiendo el manejo seguro.<br \/>\nSe pueden usar en cocinas a gas, el\u00e9ctricas o vitrocer\u00e1micas (resistencia el\u00e9ctrica)<\/p>\n","protected":false},"excerpt":{"rendered":"<p>JUEGO DE BATERIA 11 PIEZAS TURIM TRAMONTINA Contiene: 1 Sart\u00e9n 16 cm 1 Sart\u00e9n 18cm 1 Sart\u00e9n 20cm 1 Sart\u00e9n 24cm 1 Cacerola 18 cm 1 Olla 16 cm 1<\/p>\n","protected":false},"featured_media":41123,"comment_status":"open","ping_status":"closed","template":"","meta":{"_acf_changed":false,"_joinchat":[]},"product_cat":[65],"product_tag":[],"class_list":{"0":"post-41120","1":"product","2":"type-product","3":"status-publish","4":"has-post-thumbnail","6":"product_cat-bazar","7":"product_shipping_class-flex","9":"first","10":"outofstock","11":"taxable","12":"shipping-taxable","13":"purchasable","14":"product-type-simple"},"acf":[],"aioseo_notices":[],"jetpack_sharing_enabled":true,"_links":{"self":[{"href":"https:\/\/www.lgamoblamientos.com\/nv\/wp-json\/wp\/v2\/product\/41120","targetHints":{"allow":["GET"]}}],"collection":[{"href":"https:\/\/www.lgamoblamientos.com\/nv\/wp-json\/wp\/v2\/product"}],"about":[{"href":"https:\/\/www.lgamoblamientos.com\/nv\/wp-json\/wp\/v2\/types\/product"}],"replies":[{"embeddable":true,"href":"https:\/\/www.lgamoblamientos.com\/nv\/wp-json\/wp\/v2\/comments?post=41120"}],"wp:featuredmedia":[{"embeddable":true,"href":"https:\/\/www.lgamoblamientos.com\/nv\/wp-json\/wp\/v2\/media\/41123"}],"wp:attachment":[{"href":"https:\/\/www.lgamoblamientos.com\/nv\/wp-json\/wp\/v2\/media?parent=41120"}],"wp:term":[{"taxonomy":"product_cat","embeddable":true,"href":"https:\/\/www.lgamoblamientos.com\/nv\/wp-json\/wp\/v2\/product_cat?post=41120"},{"taxonomy":"product_tag","embeddable":true,"href":"https:\/\/www.lgamoblamientos.com\/nv\/wp-json\/wp\/v2\/product_tag?post=41120"}],"curies":[{"name":"wp","href":"https:\/\/api.w.org\/{rel}","templated":true}]}}