{"id":41144,"date":"2024-04-24T17:41:51","date_gmt":"2024-04-24T20:41:51","guid":{"rendered":"https:\/\/www.lgamoblamientos.com\/nv\/?post_type=product&#038;p=41144"},"modified":"2026-04-18T20:41:16","modified_gmt":"2026-04-18T23:41:16","slug":"juego-set-de-bateria-33-piezas-tramontina","status":"publish","type":"product","link":"https:\/\/www.lgamoblamientos.com\/nv\/product\/juego-set-de-bateria-33-piezas-tramontina\/","title":{"rendered":"Juego Set De Bater\u00eda 33 Piezas Tramontina"},"content":{"rendered":"<p>BATERIA DE COCINA TRAMONTINA 33 PIEZAS<\/p>\n<p>Incluye:<br \/>\n&#8211; 1 Cacerola con Asas de 24cm + Tapa de Vidrio (4,9 Litros).<br \/>\n&#8211; 1 Cacerola con Asas de 20cm + Tapa de Vidrio (2,8 Litros).<br \/>\n&#8211; 1 Cacerola con Mango de 18cm + Tapa de Vidrio (2 Litros).<br \/>\n&#8211; 1 Sart\u00e9n de 24cm (1,4 Litros).<br \/>\n&#8211; 1 Asadera 34 cm<br \/>\n&#8211; 1 Tortera 26 cm<br \/>\n&#8211; 6 Cuchillos Mesa<br \/>\n&#8211; 6 Tenedores Mesa<br \/>\n&#8211; 6 Cucharas Mesa<br \/>\n&#8211; 6 Cucharitas te<\/p>\n<p>Colores Disponibles : NEGRO<\/p>\n<p>La bater\u00eda de cocina est\u00e1 compuesta por piezas con cuerpo de Aluminio con un espesor que brinda una cocci\u00f3n r\u00e1pida y uniforme. Cuentan con un revestimiento interno y externo de anti-adherente Starflon Max, que no deja que se peguen los alimentos y es f\u00e1cil de limpiar, m\u00e1s durable y no perjudicial para la salud, ya que est\u00e1 libre de PFOA. Sus tapas son de vidrio templado con bordes de acero inoxidable y sus mangos son asas de baquelita anti-t\u00e9rmica y agarradores de nylon que proporcionan seguridad durante la manipulaci\u00f3n.<\/p>\n<p>Todas sus piezas pueden ir al lavavajillas para facilitar su rutina diaria.<\/p>\n<p>Se puede utilizar en cocinas: a gas, el\u00e9ctricas y sobre vidriado cer\u00e1mico.<\/p>\n","protected":false},"excerpt":{"rendered":"<p>BATERIA DE COCINA TRAMONTINA 33 PIEZAS Incluye: &#8211; 1 Cacerola con Asas de 24cm + Tapa de Vidrio (4,9 Litros). &#8211; 1 Cacerola con Asas de 20cm + Tapa de<\/p>\n","protected":false},"featured_media":41145,"comment_status":"open","ping_status":"closed","template":"","meta":{"_acf_changed":false,"_joinchat":[]},"product_cat":[65],"product_tag":[1219],"class_list":{"0":"post-41144","1":"product","2":"type-product","3":"status-publish","4":"has-post-thumbnail","6":"product_cat-bazar","7":"product_tag-cyber-fest-26","8":"product_shipping_class-flex","10":"first","11":"instock","12":"taxable","13":"shipping-taxable","14":"product-type-simple"},"acf":[],"aioseo_notices":[],"jetpack_sharing_enabled":true,"_links":{"self":[{"href":"https:\/\/www.lgamoblamientos.com\/nv\/wp-json\/wp\/v2\/product\/41144","targetHints":{"allow":["GET"]}}],"collection":[{"href":"https:\/\/www.lgamoblamientos.com\/nv\/wp-json\/wp\/v2\/product"}],"about":[{"href":"https:\/\/www.lgamoblamientos.com\/nv\/wp-json\/wp\/v2\/types\/product"}],"replies":[{"embeddable":true,"href":"https:\/\/www.lgamoblamientos.com\/nv\/wp-json\/wp\/v2\/comments?post=41144"}],"wp:featuredmedia":[{"embeddable":true,"href":"https:\/\/www.lgamoblamientos.com\/nv\/wp-json\/wp\/v2\/media\/41145"}],"wp:attachment":[{"href":"https:\/\/www.lgamoblamientos.com\/nv\/wp-json\/wp\/v2\/media?parent=41144"}],"wp:term":[{"taxonomy":"product_cat","embeddable":true,"href":"https:\/\/www.lgamoblamientos.com\/nv\/wp-json\/wp\/v2\/product_cat?post=41144"},{"taxonomy":"product_tag","embeddable":true,"href":"https:\/\/www.lgamoblamientos.com\/nv\/wp-json\/wp\/v2\/product_tag?post=41144"}],"curies":[{"name":"wp","href":"https:\/\/api.w.org\/{rel}","templated":true}]}}