{"id":42269,"date":"2024-06-12T16:02:25","date_gmt":"2024-06-12T19:02:25","guid":{"rendered":"https:\/\/www.lgamoblamientos.com\/nv\/?post_type=product&#038;p=42269"},"modified":"2025-09-01T11:33:35","modified_gmt":"2025-09-01T14:33:35","slug":"zapatero-con-asiento-puff-2-niveles","status":"publish","type":"product","link":"https:\/\/www.lgamoblamientos.com\/nv\/product\/zapatero-con-asiento-puff-2-niveles\/","title":{"rendered":"Zapatero Con Asiento Puff 2 Niveles"},"content":{"rendered":"<p>ZAPATERO CON ASIENTO<\/p>\n<p>Medidas: Altura: 44 cm x Ancho: 80 cm x Profundidad: 24 cm<br \/>\nColores disponibles: Blanco\/Gris<br \/>\nMaterial MDF y Tela<br \/>\nPeso 13 Kg<\/p>\n<p>Taburete cambiador de zapatos 2 en 1: nuestro zapatero bien dise\u00f1ado con tama\u00f1o compacto es ideal para tu casa. Es una combinaci\u00f3n de un zapatero y un banco que puede sostener zapatos y ofrecer un asiento al cambiar zapatos.<\/p>\n<p>Armario de almacenamiento para zapatos de entrada: y debajo del asiento, hay espacio de almacenamiento adicional para tus art\u00edculos diversos como cepillos de zapatos, paraguas, etc. Haz uso completo de la esquina y la zona de entrada, para ahorrar espacio y hacer que tu hogar est\u00e9 m\u00e1s ordenado<\/p>\n","protected":false},"excerpt":{"rendered":"<p>ZAPATERO CON ASIENTO Medidas: Altura: 44 cm x Ancho: 80 cm x Profundidad: 24 cm Colores disponibles: Blanco\/Gris Material MDF y Tela Peso 13 Kg Taburete cambiador de zapatos 2<\/p>\n","protected":false},"featured_media":42276,"comment_status":"open","ping_status":"closed","template":"","meta":{"_acf_changed":false,"_joinchat":[]},"product_cat":[883,1104],"product_tag":[],"class_list":{"0":"post-42269","1":"product","2":"type-product","3":"status-publish","4":"has-post-thumbnail","6":"product_cat-decoracion-organizacion","7":"product_cat-eames-industrial","8":"product_shipping_class-flex","10":"first","11":"outofstock","12":"taxable","13":"shipping-taxable","14":"purchasable","15":"product-type-simple"},"acf":[],"aioseo_notices":[],"jetpack_sharing_enabled":true,"_links":{"self":[{"href":"https:\/\/www.lgamoblamientos.com\/nv\/wp-json\/wp\/v2\/product\/42269","targetHints":{"allow":["GET"]}}],"collection":[{"href":"https:\/\/www.lgamoblamientos.com\/nv\/wp-json\/wp\/v2\/product"}],"about":[{"href":"https:\/\/www.lgamoblamientos.com\/nv\/wp-json\/wp\/v2\/types\/product"}],"replies":[{"embeddable":true,"href":"https:\/\/www.lgamoblamientos.com\/nv\/wp-json\/wp\/v2\/comments?post=42269"}],"wp:featuredmedia":[{"embeddable":true,"href":"https:\/\/www.lgamoblamientos.com\/nv\/wp-json\/wp\/v2\/media\/42276"}],"wp:attachment":[{"href":"https:\/\/www.lgamoblamientos.com\/nv\/wp-json\/wp\/v2\/media?parent=42269"}],"wp:term":[{"taxonomy":"product_cat","embeddable":true,"href":"https:\/\/www.lgamoblamientos.com\/nv\/wp-json\/wp\/v2\/product_cat?post=42269"},{"taxonomy":"product_tag","embeddable":true,"href":"https:\/\/www.lgamoblamientos.com\/nv\/wp-json\/wp\/v2\/product_tag?post=42269"}],"curies":[{"name":"wp","href":"https:\/\/api.w.org\/{rel}","templated":true}]}}