{"id":42372,"date":"2024-06-20T15:28:44","date_gmt":"2024-06-20T18:28:44","guid":{"rendered":"https:\/\/www.lgamoblamientos.com\/nv\/?post_type=product&#038;p=42372"},"modified":"2026-02-26T10:35:21","modified_gmt":"2026-02-26T13:35:21","slug":"billetera-dama-dacia-metalizada-arpelli","status":"publish","type":"product","link":"https:\/\/www.lgamoblamientos.com\/nv\/product\/billetera-dama-dacia-metalizada-arpelli\/","title":{"rendered":"Billetera Dama Dacia Metalizada Arpelli"},"content":{"rendered":"<p>BILLETERA DAMA METALIZADA<\/p>\n<p><span class=\"tit\">Medidas <\/span><span class=\"val\">Alto 11 cm, ancho 21 cm, prof 2.5 cm.<\/span><\/p>\n<p>Billetera con cierre met\u00e1lico en degrad\u00e9 de colores y bot\u00f3n con logo grabado.<br \/>\nBilletera, tarjetero y monedero.<br \/>\nCorrea sujetadora.<\/p>\n","protected":false},"excerpt":{"rendered":"<p>BILLETERA DAMA METALIZADA Medidas Alto 11 cm, ancho 21 cm, prof 2.5 cm. Billetera con cierre met\u00e1lico en degrad\u00e9 de colores y bot\u00f3n con logo grabado. Billetera, tarjetero y monedero.<\/p>\n","protected":false},"featured_media":42374,"comment_status":"open","ping_status":"closed","template":"","meta":{"_acf_changed":false,"_joinchat":[]},"product_cat":[1014,286],"product_tag":[1219],"class_list":{"0":"post-42372","1":"product","2":"type-product","3":"status-publish","4":"has-post-thumbnail","6":"product_cat-arpelli","7":"product_cat-salud-y-belleza","8":"product_tag-cyber-fest-26","9":"product_shipping_class-flex","11":"first","12":"instock","13":"taxable","14":"shipping-taxable","15":"purchasable","16":"product-type-variable"},"acf":[],"aioseo_notices":[],"jetpack_sharing_enabled":true,"_links":{"self":[{"href":"https:\/\/www.lgamoblamientos.com\/nv\/wp-json\/wp\/v2\/product\/42372","targetHints":{"allow":["GET"]}}],"collection":[{"href":"https:\/\/www.lgamoblamientos.com\/nv\/wp-json\/wp\/v2\/product"}],"about":[{"href":"https:\/\/www.lgamoblamientos.com\/nv\/wp-json\/wp\/v2\/types\/product"}],"replies":[{"embeddable":true,"href":"https:\/\/www.lgamoblamientos.com\/nv\/wp-json\/wp\/v2\/comments?post=42372"}],"wp:featuredmedia":[{"embeddable":true,"href":"https:\/\/www.lgamoblamientos.com\/nv\/wp-json\/wp\/v2\/media\/42374"}],"wp:attachment":[{"href":"https:\/\/www.lgamoblamientos.com\/nv\/wp-json\/wp\/v2\/media?parent=42372"}],"wp:term":[{"taxonomy":"product_cat","embeddable":true,"href":"https:\/\/www.lgamoblamientos.com\/nv\/wp-json\/wp\/v2\/product_cat?post=42372"},{"taxonomy":"product_tag","embeddable":true,"href":"https:\/\/www.lgamoblamientos.com\/nv\/wp-json\/wp\/v2\/product_tag?post=42372"}],"curies":[{"name":"wp","href":"https:\/\/api.w.org\/{rel}","templated":true}]}}