{"id":42455,"date":"2024-06-27T11:55:40","date_gmt":"2024-06-27T14:55:40","guid":{"rendered":"https:\/\/www.lgamoblamientos.com\/nv\/?post_type=product&#038;p=42455"},"modified":"2024-12-04T16:23:38","modified_gmt":"2024-12-04T19:23:38","slug":"colchon-inflable-bestway-alwayzaire-queen-outlet","status":"publish","type":"product","link":"https:\/\/www.lgamoblamientos.com\/nv\/product\/colchon-inflable-bestway-alwayzaire-queen-outlet\/","title":{"rendered":"Colch\u00f3n Inflable Bestway Alwayzaire Queen &#8211; OUTLET"},"content":{"rendered":"<p>COLCHON INFLABLE QUEEN<\/p>\n<p>\u00a1Invierte en comodidad all\u00e1 donde viajes y para tus invitados! \u00a1Consigue la nueva Cama de Aire Alwayzaire Queen 203x152x46 cm. de Bestway!<\/p>\n<p>Sorprende a todos con este incre\u00edble colch\u00f3n hinchable que sustituye a la perfecci\u00f3n las funciones de una cama convencional, e incluso las puede llegar a mejorar. Esta cama hinchable de Bestway se ha fabricado en materiales muy c\u00f3modos y resistentes, con la \u00faltima tecnolog\u00eda para garantizar el descanso all\u00e1 donde vayas.<\/p>\n<p>Disfruta de un descanso pleno y d\u00e9jate sorprender con las ventajas de esta genial cama que incluye un exclusivo dise\u00f1o de costillas para evitar rodar, una superficie aterciopelada, un testigo luminoso que te indica cuando la presi\u00f3n es id\u00f3nea, un puerto USB para cargar cualquier dispositivo electr\u00f3nico adaptado, una luz que facilita su localizaci\u00f3n a oscuras y much\u00edsimas ventajas m\u00e1s.<\/p>\n<p>Edad recomendada: + 3 a\u00f1os.<\/p>\n<p>Incluye: Cama de aire Alwayzaire Queen, parche de reparaciones de alta resistencia y bolsa de almacenaje y transporte.<\/p>\n<p>Informaci\u00f3n a tener en cuenta:<\/p>\n<p>&#8211; Medidas aproximadas: 203 cm de largo, 152 cm de ancho y 46 cm de alto.<\/p>\n<p>&#8211; Capacidad: 2 adultos.<\/p>\n<p>&#8211; Tiempo aproximado necesario para el hinchado: 240 segundos.<\/p>\n<p>&#8211; Peso aproximado: 10,80 kg.<\/p>\n<p>&#8211; Incluye sistema de hinchado\/deshinchado r\u00e1pido Built-in Pump de Bestway. Voltaje: 220-240V.<\/p>\n<p>&#8211; Fabricada en vinilo muy resistente y c\u00f3modo, con estructura Coil Beam.<\/p>\n","protected":false},"excerpt":{"rendered":"<p>COLCHON INFLABLE QUEEN \u00a1Invierte en comodidad all\u00e1 donde viajes y para tus invitados! \u00a1Consigue la nueva Cama de Aire Alwayzaire Queen 203x152x46 cm. de Bestway! Sorprende a todos con este<\/p>\n","protected":false},"featured_media":37604,"comment_status":"open","ping_status":"closed","template":"","meta":{"_acf_changed":false,"_joinchat":[]},"product_cat":[504],"product_tag":[],"class_list":{"0":"post-42455","1":"product","2":"type-product","3":"status-publish","4":"has-post-thumbnail","6":"product_cat-outlet","8":"first","9":"outofstock","10":"sale","11":"taxable","12":"shipping-taxable","13":"purchasable","14":"product-type-simple"},"acf":[],"aioseo_notices":[],"jetpack_sharing_enabled":true,"_links":{"self":[{"href":"https:\/\/www.lgamoblamientos.com\/nv\/wp-json\/wp\/v2\/product\/42455","targetHints":{"allow":["GET"]}}],"collection":[{"href":"https:\/\/www.lgamoblamientos.com\/nv\/wp-json\/wp\/v2\/product"}],"about":[{"href":"https:\/\/www.lgamoblamientos.com\/nv\/wp-json\/wp\/v2\/types\/product"}],"replies":[{"embeddable":true,"href":"https:\/\/www.lgamoblamientos.com\/nv\/wp-json\/wp\/v2\/comments?post=42455"}],"wp:featuredmedia":[{"embeddable":true,"href":"https:\/\/www.lgamoblamientos.com\/nv\/wp-json\/wp\/v2\/media\/37604"}],"wp:attachment":[{"href":"https:\/\/www.lgamoblamientos.com\/nv\/wp-json\/wp\/v2\/media?parent=42455"}],"wp:term":[{"taxonomy":"product_cat","embeddable":true,"href":"https:\/\/www.lgamoblamientos.com\/nv\/wp-json\/wp\/v2\/product_cat?post=42455"},{"taxonomy":"product_tag","embeddable":true,"href":"https:\/\/www.lgamoblamientos.com\/nv\/wp-json\/wp\/v2\/product_tag?post=42455"}],"curies":[{"name":"wp","href":"https:\/\/api.w.org\/{rel}","templated":true}]}}