{"id":42771,"date":"2024-07-23T14:27:26","date_gmt":"2024-07-23T17:27:26","guid":{"rendered":"https:\/\/www.lgamoblamientos.com\/nv\/?post_type=product&#038;p=42771"},"modified":"2026-03-28T11:08:52","modified_gmt":"2026-03-28T14:08:52","slug":"rack-puertas-corredizas-elegante-nordico-65-pulgadas","status":"publish","type":"product","link":"https:\/\/www.lgamoblamientos.com\/nv\/product\/rack-puertas-corredizas-elegante-nordico-65-pulgadas\/","title":{"rendered":"Rack Puertas Corredizas Elegante N\u00f3rdico 65 Pulgadas"},"content":{"rendered":"<p>RACK NORDICO 65 PULGADAS<\/p>\n<p>Medidas totales: Largo 1.60 m x Altura 63,7 cm x Prof 36,5 cm<br \/>\nTapa 25 mm<br \/>\nPatas MDP 25mm \u2013 Altura 27 cm<br \/>\n2 Puertas corredizas con doble posibilidad de montaje<br \/>\nColor : OFFWHITE<br \/>\nMaterial: MDP 15 mm<\/p>\n<p>Aporta un nuevo nivel de organizaci\u00f3n y elegancia a tu sal\u00f3n con el incre\u00edble mueble perchero. Con su dise\u00f1o funcional y encantador, este estante es perfecto para acomodar su televisor, dispositivos electr\u00f3nicos y objetos decorativos, aportando m\u00e1s sofisticaci\u00f3n a su espacio.<\/p>\n","protected":false},"excerpt":{"rendered":"<p>RACK NORDICO 65 PULGADAS Medidas totales: Largo 1.60 m x Altura 63,7 cm x Prof 36,5 cm Tapa 25 mm Patas MDP 25mm \u2013 Altura 27 cm 2 Puertas corredizas<\/p>\n","protected":false},"featured_media":44130,"comment_status":"open","ping_status":"closed","template":"","meta":{"_acf_changed":false,"_joinchat":[]},"product_cat":[1000,89],"product_tag":[1211],"class_list":{"0":"post-42771","1":"product","2":"type-product","3":"status-publish","4":"has-post-thumbnail","6":"product_cat-comedor-living","7":"product_cat-modulares-racks","8":"product_tag-ciberlunes","9":"product_shipping_class-flex","11":"first","12":"instock","13":"taxable","14":"shipping-taxable","15":"purchasable","16":"product-type-simple"},"acf":[],"aioseo_notices":[],"jetpack_sharing_enabled":true,"_links":{"self":[{"href":"https:\/\/www.lgamoblamientos.com\/nv\/wp-json\/wp\/v2\/product\/42771","targetHints":{"allow":["GET"]}}],"collection":[{"href":"https:\/\/www.lgamoblamientos.com\/nv\/wp-json\/wp\/v2\/product"}],"about":[{"href":"https:\/\/www.lgamoblamientos.com\/nv\/wp-json\/wp\/v2\/types\/product"}],"replies":[{"embeddable":true,"href":"https:\/\/www.lgamoblamientos.com\/nv\/wp-json\/wp\/v2\/comments?post=42771"}],"wp:featuredmedia":[{"embeddable":true,"href":"https:\/\/www.lgamoblamientos.com\/nv\/wp-json\/wp\/v2\/media\/44130"}],"wp:attachment":[{"href":"https:\/\/www.lgamoblamientos.com\/nv\/wp-json\/wp\/v2\/media?parent=42771"}],"wp:term":[{"taxonomy":"product_cat","embeddable":true,"href":"https:\/\/www.lgamoblamientos.com\/nv\/wp-json\/wp\/v2\/product_cat?post=42771"},{"taxonomy":"product_tag","embeddable":true,"href":"https:\/\/www.lgamoblamientos.com\/nv\/wp-json\/wp\/v2\/product_tag?post=42771"}],"curies":[{"name":"wp","href":"https:\/\/api.w.org\/{rel}","templated":true}]}}