{"id":43735,"date":"2024-09-16T09:55:00","date_gmt":"2024-09-16T12:55:00","guid":{"rendered":"https:\/\/www.lgamoblamientos.com\/nv\/?post_type=product&#038;p=43735"},"modified":"2025-09-01T11:32:06","modified_gmt":"2025-09-01T14:32:06","slug":"mesa-de-luz-mesita-nordica-1-cajon","status":"publish","type":"product","link":"https:\/\/www.lgamoblamientos.com\/nv\/product\/mesa-de-luz-mesita-nordica-1-cajon\/","title":{"rendered":"Mesa De Luz Mesita N\u00f3rdica 1 Caj\u00f3n"},"content":{"rendered":"<p>MESA DE LUZ 1 CAJON<\/p>\n<p>Medidas: Altura: 62,5 cm x Ancho: 44 cm x Prof : 34 cm<br \/>\nColores disponibles: Blanco\/Casta\u00f1o<br \/>\nMaterial MDP 15 mm<br \/>\n1 Caj\u00f3n<br \/>\nEstilo N\u00f3rdico<\/p>\n<p>Fabricada en MDP la convierte en el complemento contempor\u00e1neo perfecto para cualquier dormitorio<\/p>\n<p>F\u00e1cil de montar y limpiar: todos los accesorios y herramientas de montaje vienen con la mesa de centro.<\/p>\n","protected":false},"excerpt":{"rendered":"<p>MESA DE LUZ 1 CAJON Medidas: Altura: 62,5 cm x Ancho: 44 cm x Prof : 34 cm Colores disponibles: Blanco\/Casta\u00f1o Material MDP 15 mm 1 Caj\u00f3n Estilo N\u00f3rdico Fabricada<\/p>\n","protected":false},"featured_media":43740,"comment_status":"open","ping_status":"closed","template":"","meta":{"_acf_changed":false,"_joinchat":[]},"product_cat":[39,75],"product_tag":[1202],"class_list":{"0":"post-43735","1":"product","2":"type-product","3":"status-publish","4":"has-post-thumbnail","6":"product_cat-dormitorio","7":"product_cat-respaldos-mesas-de-luz","8":"product_tag-cyberfest-set","9":"product_shipping_class-flex","11":"first","12":"outofstock","13":"taxable","14":"shipping-taxable","15":"purchasable","16":"product-type-simple"},"acf":[],"aioseo_notices":[],"jetpack_sharing_enabled":true,"_links":{"self":[{"href":"https:\/\/www.lgamoblamientos.com\/nv\/wp-json\/wp\/v2\/product\/43735","targetHints":{"allow":["GET"]}}],"collection":[{"href":"https:\/\/www.lgamoblamientos.com\/nv\/wp-json\/wp\/v2\/product"}],"about":[{"href":"https:\/\/www.lgamoblamientos.com\/nv\/wp-json\/wp\/v2\/types\/product"}],"replies":[{"embeddable":true,"href":"https:\/\/www.lgamoblamientos.com\/nv\/wp-json\/wp\/v2\/comments?post=43735"}],"wp:featuredmedia":[{"embeddable":true,"href":"https:\/\/www.lgamoblamientos.com\/nv\/wp-json\/wp\/v2\/media\/43740"}],"wp:attachment":[{"href":"https:\/\/www.lgamoblamientos.com\/nv\/wp-json\/wp\/v2\/media?parent=43735"}],"wp:term":[{"taxonomy":"product_cat","embeddable":true,"href":"https:\/\/www.lgamoblamientos.com\/nv\/wp-json\/wp\/v2\/product_cat?post=43735"},{"taxonomy":"product_tag","embeddable":true,"href":"https:\/\/www.lgamoblamientos.com\/nv\/wp-json\/wp\/v2\/product_tag?post=43735"}],"curies":[{"name":"wp","href":"https:\/\/api.w.org\/{rel}","templated":true}]}}