{"id":44798,"date":"2024-11-28T11:44:12","date_gmt":"2024-11-28T14:44:12","guid":{"rendered":"https:\/\/www.lgamoblamientos.com\/nv\/?post_type=product&#038;p=44798"},"modified":"2026-04-17T07:10:05","modified_gmt":"2026-04-17T10:10:05","slug":"estanteria-3-estantes-plastico-resistente","status":"publish","type":"product","link":"https:\/\/www.lgamoblamientos.com\/nv\/product\/estanteria-3-estantes-plastico-resistente\/","title":{"rendered":"Estanter\u00eda 3 Estantes Pl\u00e1stico"},"content":{"rendered":"<p>Estanter\u00eda 3 Estantes Pl\u00e1stico<\/p>\n<p>\u2022 Medidas: Altura 56 cm x Ancho 40 cm x Profundidad 22 cm.<br \/>\n\u2022 Color: Negro<br \/>\n\u2022 Material: Pl\u00e1stico<br \/>\n\u2022 Cada estante resiste hasta 10 Kg (aproximadamente)<\/p>\n<p>F\u00e1cil de armar. Dise\u00f1o vers\u00e1til y elegante, resistente al \u00f3xido e impermeable. Ideal para garaje, ba\u00f1o, cocina, dormitorio u oficina.<\/p>\n","protected":false},"excerpt":{"rendered":"<p>Estanter\u00eda 3 Estantes Pl\u00e1stico \u2022 Medidas: Altura 56 cm x Ancho 40 cm x Profundidad 22 cm. \u2022 Color: Negro \u2022 Material: Pl\u00e1stico \u2022 Cada estante resiste hasta 10 Kg<\/p>\n","protected":false},"featured_media":46640,"comment_status":"open","ping_status":"closed","template":"","meta":{"_acf_changed":false,"_joinchat":[]},"product_cat":[883,91],"product_tag":[1219],"class_list":{"0":"post-44798","1":"product","2":"type-product","3":"status-publish","4":"has-post-thumbnail","6":"product_cat-decoracion-organizacion","7":"product_cat-bibliotecas","8":"product_tag-cyber-fest-26","9":"product_shipping_class-flex","11":"first","12":"instock","13":"sale","14":"taxable","15":"shipping-taxable","16":"purchasable","17":"product-type-simple"},"acf":[],"aioseo_notices":[],"jetpack_sharing_enabled":true,"_links":{"self":[{"href":"https:\/\/www.lgamoblamientos.com\/nv\/wp-json\/wp\/v2\/product\/44798","targetHints":{"allow":["GET"]}}],"collection":[{"href":"https:\/\/www.lgamoblamientos.com\/nv\/wp-json\/wp\/v2\/product"}],"about":[{"href":"https:\/\/www.lgamoblamientos.com\/nv\/wp-json\/wp\/v2\/types\/product"}],"replies":[{"embeddable":true,"href":"https:\/\/www.lgamoblamientos.com\/nv\/wp-json\/wp\/v2\/comments?post=44798"}],"wp:featuredmedia":[{"embeddable":true,"href":"https:\/\/www.lgamoblamientos.com\/nv\/wp-json\/wp\/v2\/media\/46640"}],"wp:attachment":[{"href":"https:\/\/www.lgamoblamientos.com\/nv\/wp-json\/wp\/v2\/media?parent=44798"}],"wp:term":[{"taxonomy":"product_cat","embeddable":true,"href":"https:\/\/www.lgamoblamientos.com\/nv\/wp-json\/wp\/v2\/product_cat?post=44798"},{"taxonomy":"product_tag","embeddable":true,"href":"https:\/\/www.lgamoblamientos.com\/nv\/wp-json\/wp\/v2\/product_tag?post=44798"}],"curies":[{"name":"wp","href":"https:\/\/api.w.org\/{rel}","templated":true}]}}