{"id":44829,"date":"2024-11-28T18:50:31","date_gmt":"2024-11-28T21:50:31","guid":{"rendered":"https:\/\/www.lgamoblamientos.com\/nv\/?post_type=product&#038;p=44829"},"modified":"2026-03-25T20:27:04","modified_gmt":"2026-03-25T23:27:04","slug":"lampara-colgante-bohemio-de-techo-ratan","status":"publish","type":"product","link":"https:\/\/www.lgamoblamientos.com\/nv\/product\/lampara-colgante-bohemio-de-techo-ratan\/","title":{"rendered":"Lampara Colgante Bohemio De Techo Rat\u00e1n"},"content":{"rendered":"<p>Lampara Colgante Bohemio De Techo Rat\u00e1n<\/p>\n<p>\u2022 Medias: Alto 50 cm x Di\u00e1metro 50 cm.<br \/>\n\u2022 Color: Negro<br \/>\n\u2022 Material: Rat\u00e1n<br \/>\n\u2022 Soporte de bombilla: E26\/E27 incluyendo LED, CFL y hal\u00f3gena<\/p>\n<p>Dise\u00f1o elegante y natural, f\u00e1cil instalaci\u00f3n. Perfecta para cualquier espacio: cocina, living, dormitorio y m\u00e1s.<\/p>\n","protected":false},"excerpt":{"rendered":"<p>Lampara Colgante Bohemio De Techo Rat\u00e1n \u2022 Medias: Alto 50 cm x Di\u00e1metro 50 cm. \u2022 Color: Negro \u2022 Material: Rat\u00e1n \u2022 Soporte de bombilla: E26\/E27 incluyendo LED, CFL y<\/p>\n","protected":false},"featured_media":44830,"comment_status":"open","ping_status":"closed","template":"","meta":{"_acf_changed":false,"_joinchat":[]},"product_cat":[883,996],"product_tag":[1219],"class_list":{"0":"post-44829","1":"product","2":"type-product","3":"status-publish","4":"has-post-thumbnail","6":"product_cat-decoracion-organizacion","7":"product_cat-iluminacion","8":"product_tag-cyber-fest-26","9":"product_shipping_class-flex","11":"first","12":"instock","13":"sale","14":"taxable","15":"shipping-taxable","16":"purchasable","17":"product-type-simple"},"acf":[],"aioseo_notices":[],"jetpack_sharing_enabled":true,"_links":{"self":[{"href":"https:\/\/www.lgamoblamientos.com\/nv\/wp-json\/wp\/v2\/product\/44829","targetHints":{"allow":["GET"]}}],"collection":[{"href":"https:\/\/www.lgamoblamientos.com\/nv\/wp-json\/wp\/v2\/product"}],"about":[{"href":"https:\/\/www.lgamoblamientos.com\/nv\/wp-json\/wp\/v2\/types\/product"}],"replies":[{"embeddable":true,"href":"https:\/\/www.lgamoblamientos.com\/nv\/wp-json\/wp\/v2\/comments?post=44829"}],"wp:featuredmedia":[{"embeddable":true,"href":"https:\/\/www.lgamoblamientos.com\/nv\/wp-json\/wp\/v2\/media\/44830"}],"wp:attachment":[{"href":"https:\/\/www.lgamoblamientos.com\/nv\/wp-json\/wp\/v2\/media?parent=44829"}],"wp:term":[{"taxonomy":"product_cat","embeddable":true,"href":"https:\/\/www.lgamoblamientos.com\/nv\/wp-json\/wp\/v2\/product_cat?post=44829"},{"taxonomy":"product_tag","embeddable":true,"href":"https:\/\/www.lgamoblamientos.com\/nv\/wp-json\/wp\/v2\/product_tag?post=44829"}],"curies":[{"name":"wp","href":"https:\/\/api.w.org\/{rel}","templated":true}]}}