{"id":45010,"date":"2024-12-05T16:25:53","date_gmt":"2024-12-05T19:25:53","guid":{"rendered":"https:\/\/www.lgamoblamientos.com\/nv\/?post_type=product&#038;p=45010"},"modified":"2026-03-02T08:17:36","modified_gmt":"2026-03-02T11:17:36","slug":"pack-x4-individuales-rectangular-pvc-antideslizantes","status":"publish","type":"product","link":"https:\/\/www.lgamoblamientos.com\/nv\/product\/pack-x4-individuales-rectangular-pvc-antideslizantes\/","title":{"rendered":"Pack X4 Individuales Rectangular Pvc Antideslizantes"},"content":{"rendered":"<p>Pack X4 Individuales Rectangular Pvc Antideslizantes<\/p>\n<p>\u2022 Medidas: Largo 46 cm x 30 cm Ancho.<br \/>\n\u2022 Color: Plateado \/ Dorado<br \/>\n\u2022 Material: PVC<br \/>\n\u2022 Pack: 4 unidades<\/p>\n<p>Dise\u00f1o moderno y c\u00f3modo, adecuado para cualquier estilo de hogar. F\u00e1cil de limpiar: enjuagar y secar al aire. Ideal para mesas de entrada, caf\u00e9, madera o vidrio.<\/p>\n","protected":false},"excerpt":{"rendered":"<p>Pack X4 Individuales Rectangular Pvc Antideslizantes \u2022 Medidas: Largo 46 cm x 30 cm Ancho. \u2022 Color: Plateado \/ Dorado \u2022 Material: PVC \u2022 Pack: 4 unidades Dise\u00f1o moderno y<\/p>\n","protected":false},"featured_media":45043,"comment_status":"open","ping_status":"closed","template":"","meta":{"_acf_changed":false,"_joinchat":[]},"product_cat":[883,65],"product_tag":[1219],"class_list":{"0":"post-45010","1":"product","2":"type-product","3":"status-publish","4":"has-post-thumbnail","6":"product_cat-decoracion-organizacion","7":"product_cat-bazar","8":"product_tag-cyber-fest-26","9":"product_shipping_class-flex","11":"first","12":"instock","13":"sale","14":"taxable","15":"shipping-taxable","16":"purchasable","17":"product-type-variable"},"acf":[],"aioseo_notices":[],"jetpack_sharing_enabled":true,"_links":{"self":[{"href":"https:\/\/www.lgamoblamientos.com\/nv\/wp-json\/wp\/v2\/product\/45010","targetHints":{"allow":["GET"]}}],"collection":[{"href":"https:\/\/www.lgamoblamientos.com\/nv\/wp-json\/wp\/v2\/product"}],"about":[{"href":"https:\/\/www.lgamoblamientos.com\/nv\/wp-json\/wp\/v2\/types\/product"}],"replies":[{"embeddable":true,"href":"https:\/\/www.lgamoblamientos.com\/nv\/wp-json\/wp\/v2\/comments?post=45010"}],"wp:featuredmedia":[{"embeddable":true,"href":"https:\/\/www.lgamoblamientos.com\/nv\/wp-json\/wp\/v2\/media\/45043"}],"wp:attachment":[{"href":"https:\/\/www.lgamoblamientos.com\/nv\/wp-json\/wp\/v2\/media?parent=45010"}],"wp:term":[{"taxonomy":"product_cat","embeddable":true,"href":"https:\/\/www.lgamoblamientos.com\/nv\/wp-json\/wp\/v2\/product_cat?post=45010"},{"taxonomy":"product_tag","embeddable":true,"href":"https:\/\/www.lgamoblamientos.com\/nv\/wp-json\/wp\/v2\/product_tag?post=45010"}],"curies":[{"name":"wp","href":"https:\/\/api.w.org\/{rel}","templated":true}]}}