{"id":45931,"date":"2025-02-07T14:09:05","date_gmt":"2025-02-07T17:09:05","guid":{"rendered":"https:\/\/www.lgamoblamientos.com\/nv\/?post_type=product&#038;p=45931"},"modified":"2026-04-04T11:47:05","modified_gmt":"2026-04-04T14:47:05","slug":"conjunto-bano-botiquin-con-espejo-mueble-1-puerta-08","status":"publish","type":"product","link":"https:\/\/www.lgamoblamientos.com\/nv\/product\/conjunto-bano-botiquin-con-espejo-mueble-1-puerta-08\/","title":{"rendered":"Conjunto Ba\u00f1o Botiqu\u00edn Con Espejo + Mueble 1 Puerta 08"},"content":{"rendered":"<p>JUEGO PARA BA\u00d1O 08<\/p>\n<p>Colores disponibles: Blanco\/Casta\u00f1o<br \/>\nMedidas mueble inferior: Ancho 0.80 m x Altura 0.85 m x Prof 0.38m<br \/>\nMedidas Botiqu\u00edn: Ancho 0.70 m x Altura 0.70 m x Prof 0.13 m<br \/>\n&#8211; MDP de 15 mm<br \/>\n&#8211; Espejo y bacha incluidas<br \/>\n&#8211; 1 Puerta y 1 Cajon<br \/>\nNO INCLUYE GRIFERIA<\/p>\n","protected":false},"excerpt":{"rendered":"<p>JUEGO PARA BA\u00d1O 08 Colores disponibles: Blanco\/Casta\u00f1o Medidas mueble inferior: Ancho 0.80 m x Altura 0.85 m x Prof 0.38m Medidas Botiqu\u00edn: Ancho 0.70 m x Altura 0.70 m x<\/p>\n","protected":false},"featured_media":45935,"comment_status":"open","ping_status":"closed","template":"","meta":{"_acf_changed":false,"_joinchat":[]},"product_cat":[292],"product_tag":[1219],"class_list":{"0":"post-45931","1":"product","2":"type-product","3":"status-publish","4":"has-post-thumbnail","6":"product_cat-bano","7":"product_tag-cyber-fest-26","9":"first","10":"instock","11":"sale","12":"taxable","13":"shipping-taxable","14":"purchasable","15":"product-type-simple"},"acf":[],"aioseo_notices":[],"jetpack_sharing_enabled":true,"_links":{"self":[{"href":"https:\/\/www.lgamoblamientos.com\/nv\/wp-json\/wp\/v2\/product\/45931","targetHints":{"allow":["GET"]}}],"collection":[{"href":"https:\/\/www.lgamoblamientos.com\/nv\/wp-json\/wp\/v2\/product"}],"about":[{"href":"https:\/\/www.lgamoblamientos.com\/nv\/wp-json\/wp\/v2\/types\/product"}],"replies":[{"embeddable":true,"href":"https:\/\/www.lgamoblamientos.com\/nv\/wp-json\/wp\/v2\/comments?post=45931"}],"wp:featuredmedia":[{"embeddable":true,"href":"https:\/\/www.lgamoblamientos.com\/nv\/wp-json\/wp\/v2\/media\/45935"}],"wp:attachment":[{"href":"https:\/\/www.lgamoblamientos.com\/nv\/wp-json\/wp\/v2\/media?parent=45931"}],"wp:term":[{"taxonomy":"product_cat","embeddable":true,"href":"https:\/\/www.lgamoblamientos.com\/nv\/wp-json\/wp\/v2\/product_cat?post=45931"},{"taxonomy":"product_tag","embeddable":true,"href":"https:\/\/www.lgamoblamientos.com\/nv\/wp-json\/wp\/v2\/product_tag?post=45931"}],"curies":[{"name":"wp","href":"https:\/\/api.w.org\/{rel}","templated":true}]}}