{"id":45944,"date":"2025-02-08T14:27:26","date_gmt":"2025-02-08T17:27:26","guid":{"rendered":"https:\/\/www.lgamoblamientos.com\/nv\/?post_type=product&#038;p=45944"},"modified":"2026-02-03T16:24:15","modified_gmt":"2026-02-03T19:24:15","slug":"mesa-vidrio-para-jardin-vidrio","status":"publish","type":"product","link":"https:\/\/www.lgamoblamientos.com\/nv\/product\/mesa-vidrio-para-jardin-vidrio\/","title":{"rendered":"Mesa Vidrio Para Jard\u00edn Vidrio"},"content":{"rendered":"<p>MESA DE JARDIN<\/p>\n<p>Medidas Mesa: 0.60 m Di\u00e1metro x 0.60 m altura<br \/>\nColor: Negro<\/p>\n<p>Mesa de ca\u00f1o y vidrio templado transparente.<br \/>\nF\u00e1cil armado<\/p>\n<p>&nbsp;<\/p>\n","protected":false},"excerpt":{"rendered":"<p>MESA DE JARDIN Medidas Mesa: 0.60 m Di\u00e1metro x 0.60 m altura Color: Negro Mesa de ca\u00f1o y vidrio templado transparente. F\u00e1cil armado &nbsp;<\/p>\n","protected":false},"featured_media":45945,"comment_status":"open","ping_status":"closed","template":"","meta":{"_acf_changed":false,"_joinchat":[]},"product_cat":[51],"product_tag":[1219],"class_list":{"0":"post-45944","1":"product","2":"type-product","3":"status-publish","4":"has-post-thumbnail","6":"product_cat-jardin","7":"product_tag-cyber-fest-26","9":"first","10":"outofstock","11":"sale","12":"taxable","13":"shipping-taxable","14":"purchasable","15":"product-type-simple"},"acf":[],"aioseo_notices":[],"jetpack_sharing_enabled":true,"_links":{"self":[{"href":"https:\/\/www.lgamoblamientos.com\/nv\/wp-json\/wp\/v2\/product\/45944","targetHints":{"allow":["GET"]}}],"collection":[{"href":"https:\/\/www.lgamoblamientos.com\/nv\/wp-json\/wp\/v2\/product"}],"about":[{"href":"https:\/\/www.lgamoblamientos.com\/nv\/wp-json\/wp\/v2\/types\/product"}],"replies":[{"embeddable":true,"href":"https:\/\/www.lgamoblamientos.com\/nv\/wp-json\/wp\/v2\/comments?post=45944"}],"wp:featuredmedia":[{"embeddable":true,"href":"https:\/\/www.lgamoblamientos.com\/nv\/wp-json\/wp\/v2\/media\/45945"}],"wp:attachment":[{"href":"https:\/\/www.lgamoblamientos.com\/nv\/wp-json\/wp\/v2\/media?parent=45944"}],"wp:term":[{"taxonomy":"product_cat","embeddable":true,"href":"https:\/\/www.lgamoblamientos.com\/nv\/wp-json\/wp\/v2\/product_cat?post=45944"},{"taxonomy":"product_tag","embeddable":true,"href":"https:\/\/www.lgamoblamientos.com\/nv\/wp-json\/wp\/v2\/product_tag?post=45944"}],"curies":[{"name":"wp","href":"https:\/\/api.w.org\/{rel}","templated":true}]}}