{"id":46234,"date":"2025-02-18T10:21:48","date_gmt":"2025-02-18T13:21:48","guid":{"rendered":"https:\/\/www.lgamoblamientos.com\/nv\/?post_type=product&#038;p=46234"},"modified":"2026-03-13T10:22:56","modified_gmt":"2026-03-13T13:22:56","slug":"juego-2-mesas-cafe-centro-auxiliares-marmol","status":"publish","type":"product","link":"https:\/\/www.lgamoblamientos.com\/nv\/product\/juego-2-mesas-cafe-centro-auxiliares-marmol\/","title":{"rendered":"Juego 2 Mesas Caf\u00e9 Centro Auxiliares M\u00e1rmol"},"content":{"rendered":"<p>\u2022 Medidas:<br \/>\n&#8211; MESA GRANDE<br \/>\nAlto 61 cm<br \/>\nDi\u00e1metro 50 cm<br \/>\n&#8211; MESA PEQUE\u00d1A<br \/>\nAlto 55 cm<br \/>\nDi\u00e1metro 35 cm<\/p>\n<p>\u2022 Colores: Negro<br \/>\n\u2022 Material: Acero aleado y MDF<\/p>\n","protected":false},"excerpt":{"rendered":"<p>\u2022 Medidas: &#8211; MESA GRANDE Alto 61 cm Di\u00e1metro 50 cm &#8211; MESA PEQUE\u00d1A Alto 55 cm Di\u00e1metro 35 cm \u2022 Colores: Negro \u2022 Material: Acero aleado y MDF<\/p>\n","protected":false},"featured_media":46235,"comment_status":"open","ping_status":"closed","template":"","meta":{"_acf_changed":false,"_joinchat":[]},"product_cat":[1000,90],"product_tag":[1219],"class_list":{"0":"post-46234","1":"product","2":"type-product","3":"status-publish","4":"has-post-thumbnail","6":"product_cat-comedor-living","7":"product_cat-sillones-mesas-ratonas","8":"product_tag-cyber-fest-26","10":"first","11":"instock","12":"sale","13":"taxable","14":"shipping-taxable","15":"purchasable","16":"product-type-simple"},"acf":[],"aioseo_notices":[],"jetpack_sharing_enabled":true,"_links":{"self":[{"href":"https:\/\/www.lgamoblamientos.com\/nv\/wp-json\/wp\/v2\/product\/46234","targetHints":{"allow":["GET"]}}],"collection":[{"href":"https:\/\/www.lgamoblamientos.com\/nv\/wp-json\/wp\/v2\/product"}],"about":[{"href":"https:\/\/www.lgamoblamientos.com\/nv\/wp-json\/wp\/v2\/types\/product"}],"replies":[{"embeddable":true,"href":"https:\/\/www.lgamoblamientos.com\/nv\/wp-json\/wp\/v2\/comments?post=46234"}],"wp:featuredmedia":[{"embeddable":true,"href":"https:\/\/www.lgamoblamientos.com\/nv\/wp-json\/wp\/v2\/media\/46235"}],"wp:attachment":[{"href":"https:\/\/www.lgamoblamientos.com\/nv\/wp-json\/wp\/v2\/media?parent=46234"}],"wp:term":[{"taxonomy":"product_cat","embeddable":true,"href":"https:\/\/www.lgamoblamientos.com\/nv\/wp-json\/wp\/v2\/product_cat?post=46234"},{"taxonomy":"product_tag","embeddable":true,"href":"https:\/\/www.lgamoblamientos.com\/nv\/wp-json\/wp\/v2\/product_tag?post=46234"}],"curies":[{"name":"wp","href":"https:\/\/api.w.org\/{rel}","templated":true}]}}