{"id":46384,"date":"2025-03-03T13:55:39","date_gmt":"2025-03-03T16:55:39","guid":{"rendered":"https:\/\/www.lgamoblamientos.com\/nv\/?post_type=product&#038;p=46384"},"modified":"2026-02-14T21:19:46","modified_gmt":"2026-02-15T00:19:46","slug":"mesa-vidrio-para-jardin-vidrio-90-cm","status":"publish","type":"product","link":"https:\/\/www.lgamoblamientos.com\/nv\/product\/mesa-vidrio-para-jardin-vidrio-90-cm\/","title":{"rendered":"Mesa Vidrio Para Jard\u00edn Vidrio 90 cm"},"content":{"rendered":"<p>MESA DE JARDIN<\/p>\n<p>Medidas Mesa: 0.90 m Di\u00e1metro x 0.90 m altura<br \/>\nColor: Negro<\/p>\n<p>Mesa de ca\u00f1o y vidrio templado transparente.<br \/>\nF\u00e1cil armado<\/p>\n<p>&nbsp;<\/p>\n","protected":false},"excerpt":{"rendered":"<p>MESA DE JARDIN Medidas Mesa: 0.90 m Di\u00e1metro x 0.90 m altura Color: Negro Mesa de ca\u00f1o y vidrio templado transparente. F\u00e1cil armado &nbsp;<\/p>\n","protected":false},"featured_media":45945,"comment_status":"open","ping_status":"closed","template":"","meta":{"_acf_changed":false,"_joinchat":[]},"product_cat":[51],"product_tag":[],"class_list":{"0":"post-46384","1":"product","2":"type-product","3":"status-publish","4":"has-post-thumbnail","6":"product_cat-jardin","8":"first","9":"instock","10":"sale","11":"taxable","12":"shipping-taxable","13":"purchasable","14":"product-type-simple"},"acf":[],"aioseo_notices":[],"jetpack_sharing_enabled":true,"_links":{"self":[{"href":"https:\/\/www.lgamoblamientos.com\/nv\/wp-json\/wp\/v2\/product\/46384","targetHints":{"allow":["GET"]}}],"collection":[{"href":"https:\/\/www.lgamoblamientos.com\/nv\/wp-json\/wp\/v2\/product"}],"about":[{"href":"https:\/\/www.lgamoblamientos.com\/nv\/wp-json\/wp\/v2\/types\/product"}],"replies":[{"embeddable":true,"href":"https:\/\/www.lgamoblamientos.com\/nv\/wp-json\/wp\/v2\/comments?post=46384"}],"wp:featuredmedia":[{"embeddable":true,"href":"https:\/\/www.lgamoblamientos.com\/nv\/wp-json\/wp\/v2\/media\/45945"}],"wp:attachment":[{"href":"https:\/\/www.lgamoblamientos.com\/nv\/wp-json\/wp\/v2\/media?parent=46384"}],"wp:term":[{"taxonomy":"product_cat","embeddable":true,"href":"https:\/\/www.lgamoblamientos.com\/nv\/wp-json\/wp\/v2\/product_cat?post=46384"},{"taxonomy":"product_tag","embeddable":true,"href":"https:\/\/www.lgamoblamientos.com\/nv\/wp-json\/wp\/v2\/product_tag?post=46384"}],"curies":[{"name":"wp","href":"https:\/\/api.w.org\/{rel}","templated":true}]}}