{"id":46483,"date":"2025-03-13T09:32:30","date_gmt":"2025-03-13T12:32:30","guid":{"rendered":"https:\/\/www.lgamoblamientos.com\/nv\/?post_type=product&#038;p=46483"},"modified":"2025-04-07T07:07:19","modified_gmt":"2025-04-07T10:07:19","slug":"juego-de-bateria-ollas-13-pzas-tramontina-outlet","status":"publish","type":"product","link":"https:\/\/www.lgamoblamientos.com\/nv\/product\/juego-de-bateria-ollas-13-pzas-tramontina-outlet\/","title":{"rendered":"Juego De Bater\u00eda Ollas 13 Pzas Tramontina &#8211; OUTLET"},"content":{"rendered":"<p>JUEGO DE BATERIA 13 PIEZAS TRAMONTINA<\/p>\n<p>Contiene:<br \/>\n1 Tortera 24 cm<br \/>\n1 Asadera 22 cm<br \/>\n1 Sart\u00e9n 18 cm<br \/>\n1 Cacerola 18 cm<br \/>\n1 Olla 16 cm<br \/>\n1 Olla 18 cm<br \/>\n1 Hervidor 12 cm<br \/>\n3 Utensilios<\/p>\n<p>De aluminio revestido con antiadherente Starflon T1 interno y externo, proporcionan cocci\u00f3n uniforme y son f\u00e1ciles de lavar, porque los alimentos no se pegan.<br \/>\nLa decoraci\u00f3n interna de las piezas representa la delicadeza de los que cocinan.<br \/>\nLos mangos, asas y pomos son antit\u00e9rmicos, permitiendo el manejo seguro.<br \/>\nSe pueden usar en cocinas a gas, el\u00e9ctricas o vitrocer\u00e1micas (resistencia el\u00e9ctrica)<\/p>\n<p>OLLA CON DETALLE<\/p>\n","protected":false},"excerpt":{"rendered":"<p>JUEGO DE BATERIA 13 PIEZAS TRAMONTINA Contiene: 1 Tortera 24 cm 1 Asadera 22 cm 1 Sart\u00e9n 18 cm 1 Cacerola 18 cm 1 Olla 16 cm 1 Olla 18<\/p>\n","protected":false},"featured_media":34772,"comment_status":"open","ping_status":"closed","template":"","meta":{"_acf_changed":false,"_joinchat":[]},"product_cat":[504],"product_tag":[],"class_list":{"0":"post-46483","1":"product","2":"type-product","3":"status-publish","4":"has-post-thumbnail","6":"product_cat-outlet","7":"product_shipping_class-flex","9":"first","10":"outofstock","11":"sale","12":"taxable","13":"shipping-taxable","14":"purchasable","15":"product-type-simple"},"acf":[],"aioseo_notices":[],"jetpack_sharing_enabled":true,"_links":{"self":[{"href":"https:\/\/www.lgamoblamientos.com\/nv\/wp-json\/wp\/v2\/product\/46483","targetHints":{"allow":["GET"]}}],"collection":[{"href":"https:\/\/www.lgamoblamientos.com\/nv\/wp-json\/wp\/v2\/product"}],"about":[{"href":"https:\/\/www.lgamoblamientos.com\/nv\/wp-json\/wp\/v2\/types\/product"}],"replies":[{"embeddable":true,"href":"https:\/\/www.lgamoblamientos.com\/nv\/wp-json\/wp\/v2\/comments?post=46483"}],"wp:featuredmedia":[{"embeddable":true,"href":"https:\/\/www.lgamoblamientos.com\/nv\/wp-json\/wp\/v2\/media\/34772"}],"wp:attachment":[{"href":"https:\/\/www.lgamoblamientos.com\/nv\/wp-json\/wp\/v2\/media?parent=46483"}],"wp:term":[{"taxonomy":"product_cat","embeddable":true,"href":"https:\/\/www.lgamoblamientos.com\/nv\/wp-json\/wp\/v2\/product_cat?post=46483"},{"taxonomy":"product_tag","embeddable":true,"href":"https:\/\/www.lgamoblamientos.com\/nv\/wp-json\/wp\/v2\/product_tag?post=46483"}],"curies":[{"name":"wp","href":"https:\/\/api.w.org\/{rel}","templated":true}]}}