{"id":46538,"date":"2025-03-17T19:19:44","date_gmt":"2025-03-17T22:19:44","guid":{"rendered":"https:\/\/www.lgamoblamientos.com\/nv\/?post_type=product&#038;p=46538"},"modified":"2025-09-10T17:26:02","modified_gmt":"2025-09-10T20:26:02","slug":"caja-organizador-servilletas-porta-panuelos-tapa-de-bambu-outlet","status":"publish","type":"product","link":"https:\/\/www.lgamoblamientos.com\/nv\/product\/caja-organizador-servilletas-porta-panuelos-tapa-de-bambu-outlet\/","title":{"rendered":"Caja Organizador Servilletas Porta Pa\u00f1uelos Tapa De Bamb\u00fa &#8211; OUTLET"},"content":{"rendered":"<p>Caja Organizador Servilletas Porta Pa\u00f1uelos Tapa De Bamb\u00fa<\/p>\n<p>\u2022 Medidas: Altura 10 cm x Ancho 21 cm x Profundidad 13 cm.<br \/>\n\u2022 Material: Pl\u00e1stico con tapa de bamb\u00fa<\/p>\n<p>A\u00f1ade un toque decorativo a cualquier habitaci\u00f3n. Ideal para ba\u00f1os, cocinas, living y m\u00e1s. F\u00e1cil de usar y cambiar el papel.<\/p>\n<p>Peque\u00f1os golpes o particiones en el pl\u00e1stico<\/p>\n","protected":false},"excerpt":{"rendered":"<p class=\"outlet\" style=\"color: red;\">ART\u00cdCULO OUTLET NO POSEE GARANT\u00cdA NI CAMBIO<\/p>\n<p><b>Los art\u00edculos de outlet pueden tener detalles est\u00e9ticos que no afectan su funcionamiento (consultar por los mismos)<\/b><\/p>\n","protected":false},"featured_media":45005,"comment_status":"open","ping_status":"closed","template":"","meta":{"_acf_changed":false,"_joinchat":[]},"product_cat":[504],"product_tag":[],"class_list":{"0":"post-46538","1":"product","2":"type-product","3":"status-publish","4":"has-post-thumbnail","6":"product_cat-outlet","8":"first","9":"instock","10":"sale","11":"taxable","12":"shipping-taxable","13":"purchasable","14":"product-type-simple"},"acf":[],"aioseo_notices":[],"jetpack_sharing_enabled":true,"_links":{"self":[{"href":"https:\/\/www.lgamoblamientos.com\/nv\/wp-json\/wp\/v2\/product\/46538","targetHints":{"allow":["GET"]}}],"collection":[{"href":"https:\/\/www.lgamoblamientos.com\/nv\/wp-json\/wp\/v2\/product"}],"about":[{"href":"https:\/\/www.lgamoblamientos.com\/nv\/wp-json\/wp\/v2\/types\/product"}],"replies":[{"embeddable":true,"href":"https:\/\/www.lgamoblamientos.com\/nv\/wp-json\/wp\/v2\/comments?post=46538"}],"wp:featuredmedia":[{"embeddable":true,"href":"https:\/\/www.lgamoblamientos.com\/nv\/wp-json\/wp\/v2\/media\/45005"}],"wp:attachment":[{"href":"https:\/\/www.lgamoblamientos.com\/nv\/wp-json\/wp\/v2\/media?parent=46538"}],"wp:term":[{"taxonomy":"product_cat","embeddable":true,"href":"https:\/\/www.lgamoblamientos.com\/nv\/wp-json\/wp\/v2\/product_cat?post=46538"},{"taxonomy":"product_tag","embeddable":true,"href":"https:\/\/www.lgamoblamientos.com\/nv\/wp-json\/wp\/v2\/product_tag?post=46538"}],"curies":[{"name":"wp","href":"https:\/\/api.w.org\/{rel}","templated":true}]}}