{"id":46727,"date":"2025-04-03T13:38:06","date_gmt":"2025-04-03T16:38:06","guid":{"rendered":"https:\/\/www.lgamoblamientos.com\/nv\/?post_type=product&#038;p=46727"},"modified":"2026-04-18T20:53:08","modified_gmt":"2026-04-18T23:53:08","slug":"comoda-4-cajones-multiuso-clasica","status":"publish","type":"product","link":"https:\/\/www.lgamoblamientos.com\/nv\/product\/comoda-4-cajones-multiuso-clasica\/","title":{"rendered":"C\u00f3moda 4 Cajones Multiuso Cl\u00e1sica"},"content":{"rendered":"<p>C\u00d3MODA 4 CAJONES<\/p>\n<p>Medidas : Altura 0,73 m x Ancho 0,55 m x Prof 0,36 m<br \/>\n4 Cajones<br \/>\nCon rieles pl\u00e1sticos<br \/>\nMaterial MDP<br \/>\nColor: BLANCO\/ NATURE<\/p>\n","protected":false},"excerpt":{"rendered":"<p>C\u00d3MODA 4 CAJONES Medidas : Altura 0,73 m x Ancho 0,55 m x Prof 0,36 m 4 Cajones Con rieles pl\u00e1sticos Material MDP Color: BLANCO\/ NATURE<\/p>\n","protected":false},"featured_media":46761,"comment_status":"open","ping_status":"closed","template":"","meta":{"_acf_changed":false,"_joinchat":[]},"product_cat":[39,72],"product_tag":[1219],"class_list":{"0":"post-46727","1":"product","2":"type-product","3":"status-publish","4":"has-post-thumbnail","6":"product_cat-dormitorio","7":"product_cat-comodas-zapateras","8":"product_tag-cyber-fest-26","10":"first","11":"instock","12":"sale","13":"taxable","14":"shipping-taxable","15":"purchasable","16":"product-type-variable"},"acf":[],"aioseo_notices":[],"jetpack_sharing_enabled":true,"_links":{"self":[{"href":"https:\/\/www.lgamoblamientos.com\/nv\/wp-json\/wp\/v2\/product\/46727","targetHints":{"allow":["GET"]}}],"collection":[{"href":"https:\/\/www.lgamoblamientos.com\/nv\/wp-json\/wp\/v2\/product"}],"about":[{"href":"https:\/\/www.lgamoblamientos.com\/nv\/wp-json\/wp\/v2\/types\/product"}],"replies":[{"embeddable":true,"href":"https:\/\/www.lgamoblamientos.com\/nv\/wp-json\/wp\/v2\/comments?post=46727"}],"wp:featuredmedia":[{"embeddable":true,"href":"https:\/\/www.lgamoblamientos.com\/nv\/wp-json\/wp\/v2\/media\/46761"}],"wp:attachment":[{"href":"https:\/\/www.lgamoblamientos.com\/nv\/wp-json\/wp\/v2\/media?parent=46727"}],"wp:term":[{"taxonomy":"product_cat","embeddable":true,"href":"https:\/\/www.lgamoblamientos.com\/nv\/wp-json\/wp\/v2\/product_cat?post=46727"},{"taxonomy":"product_tag","embeddable":true,"href":"https:\/\/www.lgamoblamientos.com\/nv\/wp-json\/wp\/v2\/product_tag?post=46727"}],"curies":[{"name":"wp","href":"https:\/\/api.w.org\/{rel}","templated":true}]}}