{"id":46738,"date":"2025-04-03T14:19:19","date_gmt":"2025-04-03T17:19:19","guid":{"rendered":"https:\/\/www.lgamoblamientos.com\/nv\/?post_type=product&#038;p=46738"},"modified":"2026-04-17T16:56:07","modified_gmt":"2026-04-17T19:56:07","slug":"comoda-4-cajones-1-puerta-multiuso-clasica","status":"publish","type":"product","link":"https:\/\/www.lgamoblamientos.com\/nv\/product\/comoda-4-cajones-1-puerta-multiuso-clasica\/","title":{"rendered":"C\u00f3moda 4 Cajones 1 Puerta Multiuso Cl\u00e1sica"},"content":{"rendered":"<p>C\u00d3MODA 4 CAJONES 1 PUERTA<\/p>\n<p>Medidas : Altura 0,73 m x Ancho 0,87 m x Prof 0,36 m<br \/>\n4 Cajones 1 Puerta<br \/>\nCon rieles pl\u00e1sticos<br \/>\nMaterial MDP<br \/>\nColor: BLANCO\/ NATURE<\/p>\n","protected":false},"excerpt":{"rendered":"<p>C\u00d3MODA 4 CAJONES 1 PUERTA Medidas : Altura 0,73 m x Ancho 0,87 m x Prof 0,36 m 4 Cajones 1 Puerta Con rieles pl\u00e1sticos Material MDP Color: BLANCO\/ NATURE<\/p>\n","protected":false},"featured_media":46763,"comment_status":"open","ping_status":"closed","template":"","meta":{"_acf_changed":false,"_joinchat":[]},"product_cat":[39,72],"product_tag":[1211],"class_list":{"0":"post-46738","1":"product","2":"type-product","3":"status-publish","4":"has-post-thumbnail","6":"product_cat-dormitorio","7":"product_cat-comodas-zapateras","8":"product_tag-ciberlunes","10":"first","11":"instock","12":"sale","13":"taxable","14":"shipping-taxable","15":"purchasable","16":"product-type-variable"},"acf":[],"aioseo_notices":[],"jetpack_sharing_enabled":true,"_links":{"self":[{"href":"https:\/\/www.lgamoblamientos.com\/nv\/wp-json\/wp\/v2\/product\/46738","targetHints":{"allow":["GET"]}}],"collection":[{"href":"https:\/\/www.lgamoblamientos.com\/nv\/wp-json\/wp\/v2\/product"}],"about":[{"href":"https:\/\/www.lgamoblamientos.com\/nv\/wp-json\/wp\/v2\/types\/product"}],"replies":[{"embeddable":true,"href":"https:\/\/www.lgamoblamientos.com\/nv\/wp-json\/wp\/v2\/comments?post=46738"}],"wp:featuredmedia":[{"embeddable":true,"href":"https:\/\/www.lgamoblamientos.com\/nv\/wp-json\/wp\/v2\/media\/46763"}],"wp:attachment":[{"href":"https:\/\/www.lgamoblamientos.com\/nv\/wp-json\/wp\/v2\/media?parent=46738"}],"wp:term":[{"taxonomy":"product_cat","embeddable":true,"href":"https:\/\/www.lgamoblamientos.com\/nv\/wp-json\/wp\/v2\/product_cat?post=46738"},{"taxonomy":"product_tag","embeddable":true,"href":"https:\/\/www.lgamoblamientos.com\/nv\/wp-json\/wp\/v2\/product_tag?post=46738"}],"curies":[{"name":"wp","href":"https:\/\/api.w.org\/{rel}","templated":true}]}}