{"id":47374,"date":"2025-05-22T11:29:37","date_gmt":"2025-05-22T14:29:37","guid":{"rendered":"https:\/\/www.lgamoblamientos.com\/nv\/?post_type=product&#038;p=47374"},"modified":"2026-04-05T14:31:04","modified_gmt":"2026-04-05T17:31:04","slug":"mueble-de-cocina-4-modulos-2-aereos-bajo-mesada-kit","status":"publish","type":"product","link":"https:\/\/www.lgamoblamientos.com\/nv\/product\/mueble-de-cocina-4-modulos-2-aereos-bajo-mesada-kit\/","title":{"rendered":"Mueble De Cocina 4 Modulos 2 Aereos + Bajo Mesada + Kit"},"content":{"rendered":"<p>MUEBLE DE COCINA 4 MODULOS<\/p>\n<p>&#8212;-MUEBLE DE COCINA 4 MODULOS<\/p>\n<p>\u2022 Medidas Totales: Alt: 2,0 m \/ Larg: 2,0 m \/ Prof: 0.38 m<br \/>\n\u2022 Medidas Espacio : Larg: 1,20 m \/ Prof: 0.50 m<br \/>\n\u2022 Colores disponibles: BLANCO | DAMASCO-RIPADO-GRIS<br \/>\n\u2022 10 puertas, 1 cajon y estantes<br \/>\n\u2022 Material: 100% MDP y acabado en Pintura UV<br \/>\nEstructura de 12 mm<br \/>\n\u2022 Caj\u00f3n se desliza sobre gu\u00edas met\u00e1licas<\/p>\n","protected":false},"excerpt":{"rendered":"<p>MUEBLE DE COCINA 4 MODULOS &#8212;-MUEBLE DE COCINA 4 MODULOS \u2022 Medidas Totales: Alt: 2,0 m \/ Larg: 2,0 m \/ Prof: 0.38 m \u2022 Medidas Espacio : Larg: 1,20<\/p>\n","protected":false},"featured_media":47383,"comment_status":"open","ping_status":"closed","template":"","meta":{"_acf_changed":false,"_joinchat":[]},"product_cat":[106],"product_tag":[1219],"class_list":{"0":"post-47374","1":"product","2":"type-product","3":"status-publish","4":"has-post-thumbnail","6":"product_cat-muebles-de-cocina","7":"product_tag-cyber-fest-26","9":"first","10":"instock","11":"sale","12":"taxable","13":"shipping-taxable","14":"purchasable","15":"product-type-variable"},"acf":[],"aioseo_notices":[],"jetpack_sharing_enabled":true,"_links":{"self":[{"href":"https:\/\/www.lgamoblamientos.com\/nv\/wp-json\/wp\/v2\/product\/47374","targetHints":{"allow":["GET"]}}],"collection":[{"href":"https:\/\/www.lgamoblamientos.com\/nv\/wp-json\/wp\/v2\/product"}],"about":[{"href":"https:\/\/www.lgamoblamientos.com\/nv\/wp-json\/wp\/v2\/types\/product"}],"replies":[{"embeddable":true,"href":"https:\/\/www.lgamoblamientos.com\/nv\/wp-json\/wp\/v2\/comments?post=47374"}],"wp:featuredmedia":[{"embeddable":true,"href":"https:\/\/www.lgamoblamientos.com\/nv\/wp-json\/wp\/v2\/media\/47383"}],"wp:attachment":[{"href":"https:\/\/www.lgamoblamientos.com\/nv\/wp-json\/wp\/v2\/media?parent=47374"}],"wp:term":[{"taxonomy":"product_cat","embeddable":true,"href":"https:\/\/www.lgamoblamientos.com\/nv\/wp-json\/wp\/v2\/product_cat?post=47374"},{"taxonomy":"product_tag","embeddable":true,"href":"https:\/\/www.lgamoblamientos.com\/nv\/wp-json\/wp\/v2\/product_tag?post=47374"}],"curies":[{"name":"wp","href":"https:\/\/api.w.org\/{rel}","templated":true}]}}