{"id":47534,"date":"2025-06-02T12:04:33","date_gmt":"2025-06-02T15:04:33","guid":{"rendered":"https:\/\/www.lgamoblamientos.com\/nv\/?post_type=product&#038;p=47534"},"modified":"2025-09-01T10:55:04","modified_gmt":"2025-09-01T13:55:04","slug":"juego-de-ollas-bateria-12-piezas-tramontina","status":"publish","type":"product","link":"https:\/\/www.lgamoblamientos.com\/nv\/product\/juego-de-ollas-bateria-12-piezas-tramontina\/","title":{"rendered":"Juego De Ollas Bater\u00eda 12 Piezas Tramontina"},"content":{"rendered":"<p>BATERIA DE COCINA TRAMONTINA 12 PIEZAS<\/p>\n<p>Colores Disponibles : ROSA | ROJO<\/p>\n<p>Incluye :<br \/>\n1 &#8211; Hervidor \u00d8 12cm Rosa (1.1 L)<br \/>\n1 &#8211; Tabla polipropileno 29x20cm Blanca<br \/>\n1 &#8211; Molde para hornear \u00d8 22cm Rosa (1.7 L)<br \/>\n1 &#8211; Asadera rectangular honda 22cm Rosa (1.9 L)<br \/>\n1 &#8211; Sart\u00e9n \u00d8 16 cm Rosa (0.4 L)<br \/>\n1 &#8211; Sart\u00e9n \u00d8 20 cm Rosa (0.8 L)<br \/>\n1 &#8211; Cacerola \u00d8 18cm Rosa (2 L)<br \/>\n1 &#8211; Cacerola \u00d8 20cm Rosa (2.8 L)<br \/>\n1 &#8211; Olla \u00d8 14cm Rosa (0.8 L)<br \/>\n1 &#8211; Olla \u00d8 16cm Rosa (1.4 L)<br \/>\n1 &#8211; Cuchillo chef 20.3cm Plenus<br \/>\n1 &#8211; Tenedor trinchante 26cm Plenus<\/p>\n<p>\u2022Revestimiento antiadherente starflon interno y externo<br \/>\n\u2022Tapas de Vidrio templado<br \/>\n\u2022Proporciona una cocci\u00f3n r\u00e1pida y uniforme<br \/>\n\u2022Aptas para hornalla a gas, el\u00e9ctrica y vitrocer\u00e9mico. Mangos y asas producidos en baquelita antit\u00e9rmica<\/p>\n","protected":false},"excerpt":{"rendered":"<p>BATERIA DE COCINA TRAMONTINA 12 PIEZAS Colores Disponibles : ROSA | ROJO Incluye : 1 &#8211; Hervidor \u00d8 12cm Rosa (1.1 L) 1 &#8211; Tabla polipropileno 29x20cm Blanca 1 &#8211;<\/p>\n","protected":false},"featured_media":47535,"comment_status":"open","ping_status":"closed","template":"","meta":{"_acf_changed":false,"_joinchat":[]},"product_cat":[65],"product_tag":[1202],"class_list":{"0":"post-47534","1":"product","2":"type-product","3":"status-publish","4":"has-post-thumbnail","6":"product_cat-bazar","7":"product_tag-cyberfest-set","9":"first","10":"outofstock","11":"taxable","12":"shipping-taxable","13":"product-type-variable"},"acf":[],"aioseo_notices":[],"jetpack_sharing_enabled":true,"_links":{"self":[{"href":"https:\/\/www.lgamoblamientos.com\/nv\/wp-json\/wp\/v2\/product\/47534","targetHints":{"allow":["GET"]}}],"collection":[{"href":"https:\/\/www.lgamoblamientos.com\/nv\/wp-json\/wp\/v2\/product"}],"about":[{"href":"https:\/\/www.lgamoblamientos.com\/nv\/wp-json\/wp\/v2\/types\/product"}],"replies":[{"embeddable":true,"href":"https:\/\/www.lgamoblamientos.com\/nv\/wp-json\/wp\/v2\/comments?post=47534"}],"wp:featuredmedia":[{"embeddable":true,"href":"https:\/\/www.lgamoblamientos.com\/nv\/wp-json\/wp\/v2\/media\/47535"}],"wp:attachment":[{"href":"https:\/\/www.lgamoblamientos.com\/nv\/wp-json\/wp\/v2\/media?parent=47534"}],"wp:term":[{"taxonomy":"product_cat","embeddable":true,"href":"https:\/\/www.lgamoblamientos.com\/nv\/wp-json\/wp\/v2\/product_cat?post=47534"},{"taxonomy":"product_tag","embeddable":true,"href":"https:\/\/www.lgamoblamientos.com\/nv\/wp-json\/wp\/v2\/product_tag?post=47534"}],"curies":[{"name":"wp","href":"https:\/\/api.w.org\/{rel}","templated":true}]}}