{"id":48277,"date":"2025-07-30T19:38:29","date_gmt":"2025-07-30T22:38:29","guid":{"rendered":"https:\/\/www.lgamoblamientos.com\/nv\/?post_type=product&#038;p=48277"},"modified":"2025-07-30T19:41:19","modified_gmt":"2025-07-30T22:41:19","slug":"comoda-4-cajones-multiuso-clasica-outlet","status":"publish","type":"product","link":"https:\/\/www.lgamoblamientos.com\/nv\/product\/comoda-4-cajones-multiuso-clasica-outlet\/","title":{"rendered":"C\u00f3moda 4 Cajones Multiuso Cl\u00e1sica &#8211; OUTLET"},"content":{"rendered":"<p>C\u00d3MODA 4 CAJONES<\/p>\n<p>Medidas : Altura 0,73 m x Ancho 0,55 m x Prof 0,36 m<br \/>\n4 Cajones<br \/>\nCon rieles pl\u00e1sticos<br \/>\nMaterial MDP<br \/>\nColor: BLANCO<\/p>\n<p>Detalles en algunas piezas<\/p>\n","protected":false},"excerpt":{"rendered":"<p class=\"outlet\" style=\"color: red;\">ART\u00cdCULO OUTLET NO POSEE GARANT\u00cdA NI CAMBIO<\/p>\n<p><b>Los art\u00edculos de outlet pueden tener detalles est\u00e9ticos que no afectan su funcionamiento (consultar por los mismos)<\/b><\/p>\n","protected":false},"featured_media":46761,"comment_status":"open","ping_status":"closed","template":"","meta":{"_acf_changed":false,"_joinchat":[]},"product_cat":[504],"product_tag":[],"class_list":{"0":"post-48277","1":"product","2":"type-product","3":"status-publish","4":"has-post-thumbnail","6":"product_cat-outlet","8":"first","9":"instock","10":"sale","11":"taxable","12":"shipping-taxable","13":"purchasable","14":"product-type-variable"},"acf":[],"aioseo_notices":[],"jetpack_sharing_enabled":true,"_links":{"self":[{"href":"https:\/\/www.lgamoblamientos.com\/nv\/wp-json\/wp\/v2\/product\/48277","targetHints":{"allow":["GET"]}}],"collection":[{"href":"https:\/\/www.lgamoblamientos.com\/nv\/wp-json\/wp\/v2\/product"}],"about":[{"href":"https:\/\/www.lgamoblamientos.com\/nv\/wp-json\/wp\/v2\/types\/product"}],"replies":[{"embeddable":true,"href":"https:\/\/www.lgamoblamientos.com\/nv\/wp-json\/wp\/v2\/comments?post=48277"}],"wp:featuredmedia":[{"embeddable":true,"href":"https:\/\/www.lgamoblamientos.com\/nv\/wp-json\/wp\/v2\/media\/46761"}],"wp:attachment":[{"href":"https:\/\/www.lgamoblamientos.com\/nv\/wp-json\/wp\/v2\/media?parent=48277"}],"wp:term":[{"taxonomy":"product_cat","embeddable":true,"href":"https:\/\/www.lgamoblamientos.com\/nv\/wp-json\/wp\/v2\/product_cat?post=48277"},{"taxonomy":"product_tag","embeddable":true,"href":"https:\/\/www.lgamoblamientos.com\/nv\/wp-json\/wp\/v2\/product_tag?post=48277"}],"curies":[{"name":"wp","href":"https:\/\/api.w.org\/{rel}","templated":true}]}}